{"id":69,"date":"2019-08-12T09:16:49","date_gmt":"2019-08-12T08:16:49","guid":{"rendered":"http:\/\/vitezi-rend.com\/?page_id=69"},"modified":"2025-04-16T09:26:02","modified_gmt":"2025-04-16T08:26:02","slug":"contact","status":"publish","type":"page","link":"http:\/\/www.vitezi-rend.com\/en\/contact\/","title":{"rendered":"Contact"},"content":{"rendered":"\n<p class=\"has-text-align-center\"><strong><a href=\"http:\/\/vitezi-rend.com\/organizational-structure\/\" class=\"rank-math-link\">Contact details of officers<\/a><\/strong><br><br><strong><a href=\"https:\/\/vitezi-rend.com\/how-to-join\/\" class=\"rank-math-link\">How to join?<\/a><\/strong><\/p>\n\n\n<p class=\"has-text-align-center\"><strong>Bank account:<br \/><\/strong>Nordea Bank Sverige, Stockholm<br \/>Address of Bank: Hamngatan 10, 105 71 Stockholm, Sweden<br \/>Account number (when transferring from a Swedish bank account): 1955-4<br \/>IBAN: SE8795000099603400019554<br \/>SWIFT: NDEASESS<br \/>Recipient of the transfer: Vit\u00e9zi Rend<br \/>Official address of Vit\u00e9zi Rend: C\/O Robert Winton, J\u00e4t \u00c5llaryd 4, 362 52 J\u00e4t, Sweden<\/p>\n<p style=\"text-align: center;\">Payment can be made in EUR, HUF and SEK<\/p>\n\n\n<p class=\"has-text-align-center\"><strong>Send message:<\/strong><\/p>\n\n\n<div class=\"wpforms-container wpforms-container-full wpf-center\" id=\"wpforms-1026\"><form id=\"wpforms-form-1026\" class=\"wpforms-validate wpforms-form\" data-formid=\"1026\" method=\"post\" enctype=\"multipart\/form-data\" action=\"\/en\/wp-json\/wp\/v2\/pages\/69\" data-token=\"2608eb14d25f9369b18200bfe91bdd64\"><noscript class=\"wpforms-error-noscript\">Please enable JavaScript in your browser to complete this form.<\/noscript><div class=\"wpforms-field-container\"><div id=\"wpforms-1026-field_0-container\" class=\"wpforms-field wpforms-field-name\" data-field-id=\"0\"><label class=\"wpforms-field-label\" for=\"wpforms-1026-field_0\">Name <span class=\"wpforms-required-label\">*<\/span><\/label><input type=\"text\" id=\"wpforms-1026-field_0\" class=\"wpforms-field-large wpforms-field-required\" name=\"wpforms[fields][0]\" required><\/div><div id=\"wpforms-1026-field_1-container\" class=\"wpforms-field wpforms-field-email\" data-field-id=\"1\"><label class=\"wpforms-field-label\" for=\"wpforms-1026-field_1\">Email <span class=\"wpforms-required-label\">*<\/span><\/label><input type=\"email\" id=\"wpforms-1026-field_1\" class=\"wpforms-field-large wpforms-field-required\" name=\"wpforms[fields][1]\" required><\/div><div id=\"wpforms-1026-field_2-container\" class=\"wpforms-field wpforms-field-textarea\" data-field-id=\"2\"><label class=\"wpforms-field-label\" for=\"wpforms-1026-field_2\">Comment or Message <span class=\"wpforms-required-label\">*<\/span><\/label><textarea id=\"wpforms-1026-field_2\" class=\"wpforms-field-medium wpforms-field-required\" name=\"wpforms[fields][2]\" required><\/textarea><\/div><\/div><div class=\"wpforms-field wpforms-field-hp\"><label for=\"wpforms-1026-field-hp\" class=\"wpforms-field-label\">Comment<\/label><input type=\"text\" name=\"wpforms[hp]\" id=\"wpforms-1026-field-hp\" class=\"wpforms-field-medium\"><\/div><div class=\"wpforms-submit-container\"><input type=\"hidden\" name=\"wpforms[id]\" value=\"1026\"><input type=\"hidden\" name=\"wpforms[author]\" value=\"1\">\t<div\n\t\t\tclass=\"h-captcha\"\n\t\t\tdata-sitekey=\"de76ce4e-f7f8-44ae-867b-bd3877c11ab4\"\n\t\t\tdata-theme=\"light\"\n\t\t\tdata-size=\"compact\"\n\t\t\t\t\t\tdata-auto=\"false\">\n\t<\/div>\n\t<input type=\"hidden\" id=\"hcaptcha_wpforms_nonce\" name=\"hcaptcha_wpforms_nonce\" value=\"5918dc9c10\" \/><input type=\"hidden\" name=\"_wp_http_referer\" value=\"\/en\/wp-json\/wp\/v2\/pages\/69\" \/><button type=\"submit\" name=\"wpforms[submit]\" id=\"wpforms-submit-1026\" class=\"wpforms-submit\" data-alt-text=\"Elk\u00fcld\u00e9s... \/ Sending...\" data-submit-text=\"Submit\" aria-live=\"assertive\" value=\"wpforms-submit\">Submit<\/button><\/div><\/form><\/div>  <!-- .wpforms-container -->\n\n\n\n<br>\n","protected":false},"excerpt":{"rendered":"<p>Contact details of officers How to join? Bank account:Nordea Bank Sverige, StockholmAddress of Bank: Hamngatan 10, 105 71 Stockholm, SwedenAccount number (when transferring from a Swedish bank account): 1955-4IBAN: SE8795000099603400019554SWIFT: NDEASESSRecipient of the transfer: Vit\u00e9zi RendOfficial address of Vit\u00e9zi Rend: C\/O Robert Winton, J\u00e4t \u00c5llaryd 4, 362 52 J\u00e4t, Sweden Payment can be made in [&hellip;]<\/p>\n","protected":false},"author":1,"featured_media":0,"parent":0,"menu_order":0,"comment_status":"closed","ping_status":"closed","template":"","meta":{"_genesis_hide_title":false,"_genesis_hide_breadcrumbs":false,"_genesis_hide_singular_image":false,"_genesis_hide_footer_widgets":false,"_genesis_custom_body_class":"","_genesis_custom_post_class":"","_genesis_layout":""},"categories":[7],"tags":[],"_links":{"self":[{"href":"http:\/\/www.vitezi-rend.com\/en\/wp-json\/wp\/v2\/pages\/69"}],"collection":[{"href":"http:\/\/www.vitezi-rend.com\/en\/wp-json\/wp\/v2\/pages"}],"about":[{"href":"http:\/\/www.vitezi-rend.com\/en\/wp-json\/wp\/v2\/types\/page"}],"author":[{"embeddable":true,"href":"http:\/\/www.vitezi-rend.com\/en\/wp-json\/wp\/v2\/users\/1"}],"replies":[{"embeddable":true,"href":"http:\/\/www.vitezi-rend.com\/en\/wp-json\/wp\/v2\/comments?post=69"}],"version-history":[{"count":46,"href":"http:\/\/www.vitezi-rend.com\/en\/wp-json\/wp\/v2\/pages\/69\/revisions"}],"predecessor-version":[{"id":5105,"href":"http:\/\/www.vitezi-rend.com\/en\/wp-json\/wp\/v2\/pages\/69\/revisions\/5105"}],"wp:attachment":[{"href":"http:\/\/www.vitezi-rend.com\/en\/wp-json\/wp\/v2\/media?parent=69"}],"wp:term":[{"taxonomy":"category","embeddable":true,"href":"http:\/\/www.vitezi-rend.com\/en\/wp-json\/wp\/v2\/categories?post=69"},{"taxonomy":"post_tag","embeddable":true,"href":"http:\/\/www.vitezi-rend.com\/en\/wp-json\/wp\/v2\/tags?post=69"}],"curies":[{"name":"wp","href":"https:\/\/api.w.org\/{rel}","templated":true}]}}