{"id":134,"date":"2019-08-23T22:06:31","date_gmt":"2019-08-23T22:06:31","guid":{"rendered":"http:\/\/vitezi-rend.com\/?page_id=134"},"modified":"2025-04-13T18:58:24","modified_gmt":"2025-04-13T17:58:24","slug":"how-to-join","status":"publish","type":"page","link":"http:\/\/www.vitezi-rend.com\/hu\/how-to-join\/","title":{"rendered":"Hogyan lehet csatlakozni?"},"content":{"rendered":"<p class=\"has-text-align-left\"><strong>\u201eHej, ha \u00e9n is k\u00f6ztetek mehetn\u00e9k, sz\u00e9p magyar vit\u00e9zek, aranyos levent\u00e9k!\u201d \u2013 Arany J\u00e1nos, Toldi<\/strong><\/p>\n\n\n\n<p>A Vit\u00e9zi Rend tagj\u00e1v\u00e1 v\u00e1lni sz\u00e1nd\u00e9koz\u00f3knak felv\u00e9teli k\u00e9relmet kell beny\u00fajtaniuk. Sz\u00fcks\u00e9ges azonban, hogy a jelentkez\u0151k megfeleljenek az al\u00e1bbi n\u00e9gy felt\u00e9tel valamelyik\u00e9nek.<\/p>\n\n\n\n<p>1. <br>a. Jogi vit\u00e9z (hagyom\u00e1nyos \u00e9rtelemben vett vit\u00e9z) lehet az, aki saj\u00e1t \u00e9rdemei alapj\u00e1n felv\u00e9tel\u00e9t k\u00e9rheti. Ez az Els\u0151 \u00e9s M\u00e1sodik Vil\u00e1gh\u00e1bor\u00faban harcolt h\u0151s\u00f6k sz\u00e1m\u00e1ra lehets\u00e9ges, akik valamely h\u0151stett\u00fck\u00e9rt a megfelel\u0151 vit\u00e9zs\u00e9gi kit\u00fcntet\u00e9st elnyert\u00e9k. A leg\u00e9nys\u00e9gi \u00e1llom\u00e1nyn\u00e1l ez \u00e1ltal\u00e1ban legal\u00e1bb a Bronz Vit\u00e9zs\u00e9gi \u00c9rem, a tisztekn\u00e9l pedig az Ez\u00fcst Vit\u00e9zs\u00e9gi \u00c9rem. Az 1956-os Forradalom s Szabads\u00e1gharc h\u0151sei is elnyerhetik a c\u00edmet saj\u00e1t \u00e9rdem alapj\u00e1n. (Ha a jelentkez\u0151 egyenes \u00e1gi \u0151se vit\u00e9zs\u00e9g\u00e9\u00e9rt kit\u00fcntet\u00e9st kapott, de nem jelentkezett a Rendbe, a lesz\u00e1rmazott k\u00e9rheti a posthumus felv\u00e9telt. A F\u0151kapit\u00e1ny motu proprio m\u00e1s kiemelked\u0151 \u00e9rdemeket szerzett rendtagokat is e rangoszt\u00e1lyba emelhet.)<\/p>\n\n\n\n<p>b. Jogi vit\u00e9z, v\u00e1rom\u00e1nyosi jogon. Ha a jelentkez\u0151 k\u00f6zvetlen felmen\u0151je volt az \u00e9rdemszerz\u0151, \u00e9s a Rendbe felv\u00e9telt is nyert, a 17-ik \u00e9let\u00e9v bet\u00f6lt\u00e9se ut\u00e1n a lesz\u00e1rmazott k\u00e9rheti felv\u00e9tel\u00e9t, ily m\u00f3don folytatva az \u0151s\u00f6k hagyom\u00e1nyait.<\/p>\n\n\n\n<p>2. <br>Kegyelmi vit\u00e9z rangban nyerhet felv\u00e9telt, vagy \u00e9rdemelhet ki el\u0151l\u00e9ptet\u00e9st, aki kiemelked\u0151 tev\u00e9kenys\u00e9get folytat a Rend \u00e9s a Magyar Haza \u00e9s nemzet \u00e9rdek\u00e9ben. Ekkor a Vit\u00e9zi Sz\u00e9k aj\u00e1nl\u00e1s\u00e1ra, a F\u0151kapit\u00e1ny d\u00f6nt\u00e9se alapj\u00e1n a felv\u00e9telt nyert rendtag jogosultt\u00e1 v\u00e1lik a vit\u00e9z el\u0151tag neve el\u0151tt val\u00f3 haszn\u00e1lat\u00e1ra. Az ut\u00f3d jogi v\u00e1rom\u00e1nyoss\u00e1 v\u00e1lik, \u00e9s ez a jog a k\u00e9s\u0151bbiekben \u00f6r\u00f6kl\u0151dik.<\/p>\n\n\n\n<p>3. <br>Tiszteletbeli vit\u00e9z. E rangoszt\u00e1lyba azok jelentkezhetnek, akik Magyarorsz\u00e1g \u00e9s a magyar nemzet \u00e9s kult\u00fara nagyrabecs\u00fcl\u00e9s\u00e9r\u0151l tettek tan\u00fas\u00e1got, a magyars\u00e1g \u00e9s a Rend \u00e9rdek\u00e9ben m\u00e1r kiemelked\u0151 tev\u00e9kenys\u00e9get folytattak, ide \u00e9rtve a magyar felmen\u0151kkel nem rendelkez\u0151 k\u00fclf\u00f6ldi szem\u00e9lyeket is. A vit\u00e9z el\u0151tag haszn\u00e1lat\u00e1ra jogosult.<\/p>\n\n\n\n<p>Jelentkez\u00e9s \u00e9s tov\u00e1bbi inform\u00e1ci\u00f3k k\u00e9r\u00e9se az al\u00e1bbi e-mail-c\u00edmeken lehets\u00e9ges:<\/p>\n\n\n\n<p><a href=\"mailto:info@vitezi-rend.com\" class=\"rank-math-link\">info@vitezi-rend.com<\/a><\/p>\n\n\n\n<hr style=\"border-top: 1px solid gray;\">\n\n\n<div class=\"wp-block-image is-style-default\">\n<figure class=\"aligncenter size-large is-resized\"><img decoding=\"async\" loading=\"lazy\" src=\"https:\/\/vitezi-rend.com\/wp-content\/uploads\/2021\/03\/vitez_diploma-1.jpg\" alt=\"\" class=\"wp-image-1183\" width=\"551\" height=\"427\" srcset=\"https:\/\/www.vitezi-rend.com\/wp-content\/uploads\/2021\/03\/vitez_diploma-1.jpg 735w, https:\/\/www.vitezi-rend.com\/wp-content\/uploads\/2021\/03\/vitez_diploma-1-300x232.jpg 300w, https:\/\/www.vitezi-rend.com\/wp-content\/uploads\/2021\/03\/vitez_diploma-1-16x12.jpg 16w\" sizes=\"(max-width: 551px) 100vw, 551px\" \/><figcaption class=\"wp-element-caption\">Vit\u00e9zi oklev\u00e9l<\/figcaption><\/figure><\/div>","protected":false},"excerpt":{"rendered":"<p>&#8220;Oh, if I could go with you, fair Hungarian warriors, nice heroes.&#8221; \u2013 J\u00e1nos Arany, Toldi The Order of Vit\u00e9z is open for applications from ladies and gentlemen who meet the Order\u2019s requirements. There are four ways to enter the Order. 1. a) Vit\u00e9z of Justice earned and awarded by the applicant\u2019s own merit. This [&hellip;]<\/p>","protected":false},"author":1,"featured_media":0,"parent":0,"menu_order":0,"comment_status":"closed","ping_status":"closed","template":"","meta":{"_genesis_hide_title":false,"_genesis_hide_breadcrumbs":false,"_genesis_hide_singular_image":false,"_genesis_hide_footer_widgets":false,"_genesis_custom_body_class":"","_genesis_custom_post_class":"","_genesis_layout":""},"categories":[],"tags":[],"_links":{"self":[{"href":"http:\/\/www.vitezi-rend.com\/hu\/wp-json\/wp\/v2\/pages\/134"}],"collection":[{"href":"http:\/\/www.vitezi-rend.com\/hu\/wp-json\/wp\/v2\/pages"}],"about":[{"href":"http:\/\/www.vitezi-rend.com\/hu\/wp-json\/wp\/v2\/types\/page"}],"author":[{"embeddable":true,"href":"http:\/\/www.vitezi-rend.com\/hu\/wp-json\/wp\/v2\/users\/1"}],"replies":[{"embeddable":true,"href":"http:\/\/www.vitezi-rend.com\/hu\/wp-json\/wp\/v2\/comments?post=134"}],"version-history":[{"count":40,"href":"http:\/\/www.vitezi-rend.com\/hu\/wp-json\/wp\/v2\/pages\/134\/revisions"}],"predecessor-version":[{"id":5099,"href":"http:\/\/www.vitezi-rend.com\/hu\/wp-json\/wp\/v2\/pages\/134\/revisions\/5099"}],"wp:attachment":[{"href":"http:\/\/www.vitezi-rend.com\/hu\/wp-json\/wp\/v2\/media?parent=134"}],"wp:term":[{"taxonomy":"category","embeddable":true,"href":"http:\/\/www.vitezi-rend.com\/hu\/wp-json\/wp\/v2\/categories?post=134"},{"taxonomy":"post_tag","embeddable":true,"href":"http:\/\/www.vitezi-rend.com\/hu\/wp-json\/wp\/v2\/tags?post=134"}],"curies":[{"name":"wp","href":"https:\/\/api.w.org\/{rel}","templated":true}]}}