{"id":1747,"date":"2021-05-19T19:57:06","date_gmt":"2021-05-19T18:57:06","guid":{"rendered":"https:\/\/vitezi-rend.com\/?page_id=1747"},"modified":"2022-10-18T17:38:26","modified_gmt":"2022-10-18T16:38:26","slug":"accreditation","status":"publish","type":"page","link":"http:\/\/www.vitezi-rend.com\/hu\/accreditation\/","title":{"rendered":"Akkredit\u00e1ci\u00f3"},"content":{"rendered":"<div class=\"wp-block-image\"><figure class=\"aligncenter size-large is-resized\"><img decoding=\"async\" loading=\"lazy\" src=\"https:\/\/vitezi-rend.com\/wp-content\/uploads\/2021\/05\/icoc_title.tif.png\" alt=\"\" class=\"wp-image-1750\" width=\"512\" height=\"346\" srcset=\"https:\/\/www.vitezi-rend.com\/wp-content\/uploads\/2021\/05\/icoc_title.tif.png 1024w, https:\/\/www.vitezi-rend.com\/wp-content\/uploads\/2021\/05\/icoc_title.tif-300x203.png 300w, https:\/\/www.vitezi-rend.com\/wp-content\/uploads\/2021\/05\/icoc_title.tif-768x519.png 768w, https:\/\/www.vitezi-rend.com\/wp-content\/uploads\/2021\/05\/icoc_title.tif-16x12.png 16w\" sizes=\"(max-width: 512px) 100vw, 512px\" \/><\/figure><\/div>\n\n\n\n<p>Mil\u00e1n\u00f3, 2022. 03. 09.<\/p>\n\n\n\n<p>Az egyetlen \u00e9rv\u00e9nyes, legitim \u00e9s ennek folyt\u00e1n a Lovagrendek Nemzetk\u00f6zi Bizotts\u00e1ga \u00e1ltal vezetett Lovagrendek Nyilv\u00e1ntart\u00e1s\u00e1ba, a f\u00e9lszuver\u00e9n rendek k\u00f6z\u00e9 szab\u00e1lyszer\u0171en felvett Vit\u00e9zi Rend, (az eredetileg \u00e1llami fennhat\u00f3s\u00e1g \u00e1ltal alap\u00edtott lovagrendi szervezetek jogut\u00f3dai tekintet\u00e9ben) a t\u00f6bbi lovagrend jelleg\u0171 szervezet k\u00f6z\u00f6tt az, amelyet a Sv\u00e9d Kir\u00e1lys\u00e1gban ugyan\u00fagy bejegyeztek mint a Sv\u00e9d Kir\u00e1lyi H\u00e1z rendjeit, amelynek eln\u00f6ke \u0150 cs\u00e1sz\u00e1ri \u00e9s kir\u00e1lyi Fens\u00e9ge vit\u00e9z Habsburg-Lotharingiai J\u00f3zsef K\u00e1roly f\u0151herceg, magyar kir\u00e1lyi herceg, aki az eml\u00edtett Vit\u00e9zi Rend vezet\u0151jek\u00e9nt garant\u00e1lja a Rend komolys\u00e1g\u00e1t \u00e9s tekint\u00e9ly\u00e9t. A Lovagrendek Nemzetk\u00f6zi Bizotts\u00e1ga semmilyen m\u00e1s szervezetet nem ismer el, amely \u00e1ll\u00edt\u00e1sa szerint a Vit\u00e9zi Rendel b\u00e1rmilyen kapcsolatban van, vagy amely a Vit\u00e9zi Rend nev\u00e9t haszn\u00e1lja.<\/p>\n\n\n\n<p>Pier Felice degli Uberti<br>Eln\u00f6k, Lovagrendek Nemzetk\u00f6zi Bizotts\u00e1ga<\/p>\n\n\n\n<strong><div class=\"translation-block\"><a data-no-translation href=\"https:\/\/vitezi-rend.com\/wp-content\/uploads\/2021\/05\/icoc_statement_en.pdf\" class=\"rank-math-link\"><\/div>Eredeti dokumentum let\u00f6lt\u00e9se<\/a><\/strong><br><br><p><\/p>","protected":false},"excerpt":{"rendered":"<p>Milan, 2022-03-09 The only valid and legitimate Vit\u00e9zi Rend (The knightly Order of Vit\u00e9z) and therefore duly included in the Register of Orders of Chivalry among the semi-sovereign orders, edited by the International Commission for Orders of Chivalry amongst other institutions of a chivalric character (successors of chivalric institutions originally founded under the authority of [&hellip;]<\/p>","protected":false},"author":2,"featured_media":0,"parent":0,"menu_order":0,"comment_status":"closed","ping_status":"closed","template":"","meta":{"_genesis_hide_title":false,"_genesis_hide_breadcrumbs":false,"_genesis_hide_singular_image":false,"_genesis_hide_footer_widgets":false,"_genesis_custom_body_class":"","_genesis_custom_post_class":"","_genesis_layout":""},"categories":[],"tags":[],"_links":{"self":[{"href":"http:\/\/www.vitezi-rend.com\/hu\/wp-json\/wp\/v2\/pages\/1747"}],"collection":[{"href":"http:\/\/www.vitezi-rend.com\/hu\/wp-json\/wp\/v2\/pages"}],"about":[{"href":"http:\/\/www.vitezi-rend.com\/hu\/wp-json\/wp\/v2\/types\/page"}],"author":[{"embeddable":true,"href":"http:\/\/www.vitezi-rend.com\/hu\/wp-json\/wp\/v2\/users\/2"}],"replies":[{"embeddable":true,"href":"http:\/\/www.vitezi-rend.com\/hu\/wp-json\/wp\/v2\/comments?post=1747"}],"version-history":[{"count":11,"href":"http:\/\/www.vitezi-rend.com\/hu\/wp-json\/wp\/v2\/pages\/1747\/revisions"}],"predecessor-version":[{"id":2806,"href":"http:\/\/www.vitezi-rend.com\/hu\/wp-json\/wp\/v2\/pages\/1747\/revisions\/2806"}],"wp:attachment":[{"href":"http:\/\/www.vitezi-rend.com\/hu\/wp-json\/wp\/v2\/media?parent=1747"}],"wp:term":[{"taxonomy":"category","embeddable":true,"href":"http:\/\/www.vitezi-rend.com\/hu\/wp-json\/wp\/v2\/categories?post=1747"},{"taxonomy":"post_tag","embeddable":true,"href":"http:\/\/www.vitezi-rend.com\/hu\/wp-json\/wp\/v2\/tags?post=1747"}],"curies":[{"name":"wp","href":"https:\/\/api.w.org\/{rel}","templated":true}]}}