{"id":35,"date":"2019-08-11T20:56:45","date_gmt":"2019-08-11T20:56:45","guid":{"rendered":"http:\/\/vitezi-rend.com\/?page_id=35"},"modified":"2022-10-18T17:38:47","modified_gmt":"2022-10-18T16:38:47","slug":"history","status":"publish","type":"page","link":"http:\/\/www.vitezi-rend.com\/hu\/history\/","title":{"rendered":"A Vit\u00e9zi Rend r\u00f6vid t\u00f6rt\u00e9nete"},"content":{"rendered":"<p class=\"has-text-align-center\"><em>Szerz\u0151: Vit\u00e9z tapolylucskai \u00e9s k\u00fckemezei B\u00e1n\u00f3 Attila historicus sz\u00e9kkapit\u00e1ny<\/em><\/p>\n\n\n\n<p>Vit\u00e9z Habsburg-Lotharingiai J\u00f3zsef \u00c1gost kir\u00e1lyi herceg, t\u00e1bornagy \u00edrta 1928-ban <em>A magyar nemzet hadt\u00f6rt\u00e9nelme<\/em> (<em>A military history of the Hungarian nation<\/em>) c\u00edm\u0171 nagyszab\u00e1s\u00fa munka el\u0151szav\u00e1ban: \u201eA m\u00falt t\u00f6bbnyire a j\u00f6v\u0151nek t\u00fckre, mely \u00e9lesen el\u00e9nk vet\u00edti azt, amit elker\u00fclve, nagy bajokat h\u00e1r\u00edthatunk el, \u00e9s amit megt\u00e9ve, jobb j\u00f6v\u0151nknek tesz\u00fcnk szolg\u00e1latot. Tanuljunk e m\u0171b\u0151l s ne cs\u00fcggedj\u00fcnk, mert \u00e9l m\u00e9g a magyar virtus.\u201d<\/p>\n\n\n\n<p>A Habsburgok n\u00e1dori \u2013 magyar \u2212 \u00e1g\u00e1b\u00f3l sz\u00e1rmaz\u00f3 t\u00e1bornagy k\u00e9s\u0151bb, vit\u00e9z nagyb\u00e1nyai Horthy Mikl\u00f3s hal\u00e1la (1957) ut\u00e1n a Vit\u00e9zi Rend m\u00e1sodik f\u0151kapit\u00e1nya lett. A magyar virtusra t\u00f6rt\u00e9nt utal\u00e1ssal arra a vit\u00e9zi szellemre c\u00e9lzott, amely eg\u00e9sz hadt\u00f6rt\u00e9nelm\u00fcnket jellemezte. A minden kor\u00e1bbin\u00e1l puszt\u00edt\u00f3bb els\u0151 vil\u00e1gh\u00e1bor\u00fa \u2013 sajnos \u2212 ugyancsak sz\u00e1mos alkalmat teremtett a magyar vit\u00e9zs\u00e9g bizony\u00edt\u00e1s\u00e1ra. A magyar katona embertelen k\u00f6r\u00fclm\u00e9nyek k\u00f6z\u00f6tt, gyakran kell\u0151 felszerel\u00e9s hi\u00e1ny\u00e1ban is helyt\u00e1llt, s nem v\u00e9letlen, hogy a h\u00e1bor\u00fa ut\u00e1n Horthy korm\u00e1nyz\u00f3 \u2013 maga is h\u00e1bor\u00fas h\u0151s \u2212 sz\u00fcks\u00e9g\u00e9t \u00e9rezte e helyt\u00e1ll\u00e1s m\u00e9lt\u00f3 elismer\u00e9s\u00e9nek.<\/p>\n\n\n\n<p>A Vit\u00e9zi Rend l\u00e9trehoz\u00e1s\u00e1nak gondolata \u00f6sszef\u00fcgg\u00f6tt azzal, hogy a vit\u00e9zi tetteket Magyarorsz\u00e1g kir\u00e1lyai nemess\u00e9ggel \u00e9s f\u00f6ldbirtokkal jutalmazt\u00e1k, viszont 1918 ut\u00e1n, a kir\u00e1ly n\u00e9lk\u00fcli orsz\u00e1gban megsz\u0171nt a nemess\u00e9gadom\u00e1nyoz\u00e1s lehet\u0151s\u00e9ge. A Vit\u00e9zi Rend f\u0151k\u00e9nt ennek az \u0171rnek a bet\u00f6lt\u00e9s\u00e9re j\u00f6tt l\u00e9tre 1920-ban, \u00e9s persze az\u00e9rt is, hogy \u00e9letben tartsa azt a szellemis\u00e9get, amely a magyarokat \u0151sid\u0151k \u00f3ta k\u00e9pess\u00e9 tette haz\u00e1juk megv\u00e9d\u00e9s\u00e9re.<\/p>\n\n\n\n<p>Az Orsz\u00e1gos Vit\u00e9zi Sz\u00e9k \u2013 Horthy Mikl\u00f3s korm\u00e1nyz\u00f3 eln\u00f6klet\u00e9vel \u2013 1920. szeptember 25-\u00e9n, a budai kir\u00e1lyi v\u00e1rpalota M\u00e1ty\u00e1s-term\u00e9ben tartotta els\u0151 \u00fcl\u00e9s\u00e9t. E napon \u00edrta al\u00e1 a korm\u00e1nyz\u00f3, gr\u00f3f Teleki P\u00e1l minisztereln\u00f6k ellenjegyz\u00e9s\u00e9vel a Vit\u00e9zi Sz\u00e9k tagjainak kinevez\u00e9s\u00e9t. A korm\u00e1nyz\u00f3 \u201elegmagasabb k\u00e9zirata\u201d kijel\u00f6lte a Vit\u00e9zi Sz\u00e9k vez\u00e9rkar\u00e1t, \u00e9s utalt annak feladataira. T\u00e1trai Szil\u00e1rd A Vit\u00e9zi Rend els\u0151 \u00e9vtized\u00e9nek t\u00f6rt\u00e9nete c\u00edm\u0171 tanulm\u00e1ny\u00e1ban (Hadt\u00f6rt\u00e9nelmi k\u00f6zlem\u00e9nyek 110. \u00e9vf. 1. sz. 1997) id\u00e9zett a dokumentumb\u00f3l: \u201eA magyar kir\u00e1lyi minisztereln\u00f6k el\u0151terjeszt\u00e9s\u00e9re szandai Sr\u00e9ter Istv\u00e1n t\u00e1bornokot, magyar kir\u00e1lyi honv\u00e9delmi minisztert, b\u00e1r\u00f3 Nagy P\u00e1l alt\u00e1bornagyot, semj\u00e9nfalvi Sim\u00e9nfalvy Tiham\u00e9r nyugalmazott vez\u00e9rkari test\u00fcletbeli ezredest, tapolylucskai \u00e9s k\u00fckemezei B\u00e1n\u00f3 K\u00e1lm\u00e1n alezredest, bilkei Lipcsey M\u00e1rton \u0151rnagyot, sepsibaczoni To\u00f3kos Gyula szolg\u00e1latonk\u00edv\u00fcli viszonybeli vez\u00e9rkari test\u00fcletbeli \u0151rnagyot, Igm\u00e1ndy Hegyessy G\u00e9za test\u0151r\u0151rnagyot \u00e9s Magash\u00e1zy L\u00e1szl\u00f3 sz\u00e1zadost, els\u0151 sz\u00e1rnyseg\u00e9det, a Budapesten sz\u00e9kel\u0151 \u00bbVit\u00e9zi Sz\u00e9k\u00ab tagjaiv\u00e1 kinevezem.\u201d<\/p>\n\n\n\n<p>Ezut\u00e1n a Vit\u00e9zi Sz\u00e9k, mint test\u00fclet, kidolgozta a m\u0171k\u00f6d\u00e9s megind\u00edt\u00e1s\u00e1hoz sz\u00fcks\u00e9ges ir\u00e1nyelveket \u00e9s szab\u00e1lyokat. Okt\u00f3ber 7-\u00e9n l\u00e9trehozt\u00e1k a Rend Sz\u00e9ktart\u00f3s\u00e1g\u00e1nak irodaszervezet\u00e9t.<\/p>\n\n\n\n<p>N\u00e9gyessy L\u00e1szl\u00f3 A Vit\u00e9zi Rendr\u0151l c\u00edm\u0171 tanulm\u00e1ny\u00e1ban (J\u00f3zsef Attila Tudom\u00e1nyegyetem B\u00f6lcs\u00e9szettudom\u00e1nyi Kar, Szeged, 1974) \u00edrta: \u201e[a Rend] 1920. november 25-\u00e9n hat\u00e1rozatot hozott arr\u00f3l, hogy a vit\u00e9zek r\u00e9sz\u00e9re vit\u00e9zi jelv\u00e9nyt rendszeres\u00edt. Ugyanekkor megalkotta \u00e9s a korm\u00e1nyz\u00f3 ugyanezen az \u00fcl\u00e9sen \u00fcnnep\u00e9lyesen kiadta a Vit\u00e9zi Rend szab\u00e1lyzat\u00e1t. [\u2026] Az 1920. december 11-i \u00fcl\u00e9sen To\u00f3kos Gyula alezredes kapott megb\u00edz\u00e1st az avat\u00e1si szertart\u00e1s kidolgoz\u00e1s\u00e1ra s ezen az \u00fcl\u00e9sen hat\u00e1roztatott el az is, hogy a vit\u00e9zi jelv\u00e9ny megalkot\u00e1s\u00e1ra az Orsz\u00e1gos Vit\u00e9zi Sz\u00e9k p\u00e1ly\u00e1zatot hirdet. A nagyk\u00f6z\u00f6ns\u00e9g 1920. december 16-\u00e1n ismerkedhetett meg a Vit\u00e9zi Sz\u00e9k felh\u00edv\u00e1s\u00e1val a vit\u00e9zi telekre jelentkez\u00e9sr\u0151l. [\u2026]\u201d<\/p>\n\n\n\n<p>A legels\u0151, z\u00e1rtk\u00f6r\u0171 vit\u00e9zavat\u00e1sra 1921. m\u00e1jus 22-\u00e9n, vas\u00e1rnap ker\u00fclt sor a budai kir\u00e1lyi v\u00e1rk\u00e1poln\u00e1ban. Err\u0151l az esem\u00e9nyr\u0151l Angelovics Helga \u00edrta Vit\u00e9z avat\u00e1sok a k\u00e9t vil\u00e1gh\u00e1bor\u00fa k\u00f6z\u00f6tt 1921\u20131938 c\u00edm\u0171 tanulm\u00e1ny\u00e1ban (Els\u0151 Sz\u00e1zad, XIII. \u00e9vf. 1. 2014. tavasz): \u201eAz avat\u00e1si \u00fcnneps\u00e9g el\u0151tt a korm\u00e1nyz\u00f3 a M\u00e1ty\u00e1s-teremben kihallgat\u00e1son fogadta az els\u0151 telekadom\u00e1nyban r\u00e9szes\u00edtett 24 Arany Vit\u00e9zs\u00e9gi \u00c9rmes vit\u00e9zt, akik szint\u00e9n r\u00e9szt vettek a z\u00e1rtk\u00f6r\u0171 vit\u00e9zavat\u00e1son, j\u00f3llehet ekkor m\u00e9g nem lettek felavatva. [\u2026] A korm\u00e1nyz\u00f3 jobb oldal\u00e1n egy test\u0151r \u00e1llt a nemzeti hadsereg z\u00e1szlaj\u00e1val, a baloldalon pedig Gyarmathy J\u00e1nos t\u00e1bori lelk\u00e9sz, aki az esk\u00fc sz\u00f6veg\u00e9t olvasta fel, melyet a t\u00f6rzskapit\u00e1nyok [a Vit\u00e9zi Sz\u00e9k fentebb felsorolt nyolc tagja] \u2013 akik az olt\u00e1rral szemben sorakoztak fel egy vonalban \u2013 esk\u00fcre emelve kez\u00fcket, hangos sz\u00f3val ut\u00e1na mondtak. [\u2026]<\/p>\n\n\n\n<p>Ezt k\u00f6vet\u0151en a vit\u00e9zek f\u0151kapit\u00e1ny-helyettese r\u00f6vid besz\u00e9d k\u00eds\u00e9ret\u00e9ben felt\u0171zte vit\u00e9z nagyb\u00e1nyai Horthy Mikl\u00f3s zubbony\u00e1ra a vit\u00e9zi jelv\u00e9nyt, majd a t\u00f6rzskapit\u00e1nyok j\u00e1rultak a korm\u00e1nyz\u00f3 el\u00e9, aki sorban fel\u00e9kes\u00edtette mindegyik\u0151j\u00fck mell\u00e9t a vit\u00e9zi jelv\u00e9nnyel. [\u2026]\u201d<\/p>\n\n\n\n<p><em>A Vit\u00e9zi Rend f\u0151kapit\u00e1nyai:<\/em><br>Vit\u00e9z nagyb\u00e1nyai Horthy Mikl\u00f3s korm\u00e1nyz\u00f3 (1920\u22121957)<br>Vit\u00e9z Habsburg-Lotharingiai J\u00f3zsef \u00c1gost kir\u00e1lyi herceg (1957\u22121962)<br>Vit\u00e9z kisbarnaki Farkas Ferenc vez\u00e9rezredes (1962\u22121977)<br>Vit\u00e9z Habsburg-Lotharingiai J\u00f3zsef \u00c1rp\u00e1d kir\u00e1lyi herceg (1977\u22122017)<br>Vit\u00e9z Habsburg-Lotharingiai J\u00f3zsef K\u00e1roly kir\u00e1lyi herceg (2017\u2212)<\/p>\n\n\n\n<p><em>F\u0151kapit\u00e1ny-helyettesek:<\/em>:<br>Vit\u00e9z Hellebronth Antal vez\u00e9rezredes (1927\u22121944)<br>Vit\u00e9z Igm\u00e1ndy-Hegyessy G\u00e9za alt\u00e1bornagy (1944\u22121945)<br>Vit\u00e9z S\u00f3nyi Hug\u00f3 vez\u00e9rezredes (1956\u22121958)<br>Vit\u00e9z Habsburg-Lotharingiai J\u00f3zsef \u00c1rp\u00e1d kir\u00e1lyi herceg (?\u22121977)<br>Vit\u00e9z Dr. Berniczei-Royk\u00f3 \u00c1d\u00e1m (2020\u2212)<\/p>\n\n\n\n<p><em>\u00dcgyvezet\u0151 t\u00f6rzskapit\u00e1nyok:<\/em>:<br>A Horthy-korszakban h\u00e1rman k\u00f6vett\u00e9k egym\u00e1st ebben a poz\u00edci\u00f3ban:<br>Vit\u00e9z tapolylucskai \u00e9s k\u00fckemezei B\u00e1n\u00f3 K\u00e1lm\u00e1n (1920\u22121921)<br>Vit\u00e9z Igm\u00e1ndy-Hegyessy G\u00e9za (1921\u22121944)<br>Vit\u00e9z szentmikl\u00f3si \u00e9s \u00f3v\u00e1ri Pongr\u00e1cz P\u00e1l (1944\u22121945)<br>Az 1990-es rendszerv\u00e1lt\u00e1st k\u00f6vet\u0151en:<br>Vit\u00e9z Radn\u00f3czy Antal (1993\u22122003)<br>Vit\u00e9z Ajt\u00f3s J\u00f3zsef (2004\u22122007)<br>Vit\u00e9z Tass\u00e1nyi J\u00f3zsef (2007\u22122018)<br>Vit\u00e9z Horv\u00e1th Csaba (2019\u22122020)<br>Vit\u00e9z Dr. Berniczei-Royk\u00f3 \u00c1d\u00e1m (2020\u2212)<\/p>\n\n\n\n<p><em>Orsz\u00e1gos t\u00f6rzskapit\u00e1nyok:<\/em>:<br>Vit\u00e9z Tab\u00f3dy Istv\u00e1n (1993\u22121997)<br>Vit\u00e9z Radn\u00f3czy Antal (1993\u22122003)<br>Vit\u00e9z S\u00e1ndor Ervin (2004\u22122007)<br>Vit\u00e9z Vad L\u00e1szl\u00f3 (2007\u22122008)<br>Vit\u00e9z Csizmadia J\u00f3zsef (2008\u22122012)<br>Vit\u00e9z Horv\u00e1th Csaba (2012\u22122019)<br>Vit\u00e9z Dr. Berniczei-Royk\u00f3 \u00c1d\u00e1m (2019\u2212)<\/p>\n\n\n\n<p>A vit\u00e9zek tiszti \u00e9s leg\u00e9nys\u00e9gi tagl\u00e9tsz\u00e1ma (k\u00f6r\u00fclbel\u00fcl egyharmad-k\u00e9tharmad ar\u00e1nyban) az 1940-es \u00e9vekre meghaladta a tizen\u00f6t ezret, a v\u00e1rom\u00e1nyosok\u00e9 a nyolcezret. A Vit\u00e9zi Rendet a II. vil\u00e1gh\u00e1bor\u00fa ut\u00e1ni kommunista rendszer megsz\u00fcntette (1948), de a nyugati magyar emigr\u00e1ci\u00f3 tov\u00e1bbra is igyekezett \u00e9letben tartani. K\u00fclf\u00f6ld\u00f6n t\u00f6rt\u00e9n\u0151 \u00fajj\u00e1szervez\u00e9s\u00e9t 1953-ban, az NSZK-ban lak\u00f3 vit\u00e9z S\u00f3nyi Hug\u00f3 volt vez\u00e9rezredes, a honv\u00e9ds\u00e9g egykori f\u0151parancsnoka kezdem\u00e9nyezte.<\/p>\n\n\n\n<p>A Rend m\u00e1sodik f\u0151kapit\u00e1nya, vit\u00e9z J\u00f3zsef \u00c1gost kir\u00e1lyi herceg 1962-ben el\u00e9rte, hogy a Lovagrendek Nemzetk\u00f6zi Bizotts\u00e1ga (I.C.O.C.) elismerje a Vit\u00e9zi Rendet. A Rend leg\u00fajabb kori t\u00f6rt\u00e9net\u00e9ben sajn\u00e1latos epiz\u00f3d volt, amikor 2003-ban egyes vezet\u0151k szembe fordultak J\u00f3zsef \u00c1rp\u00e1d f\u0151kapit\u00e1nnyal, majd l\u00e9trehoztak k\u00e9t szakad\u00e1r szervezetet, a Moln\u00e1r-Gazs\u00f3 J\u00e1nos- \u00e9s a vit\u00e9z Hunyadi L\u00e1szl\u00f3-f\u00e9le egyes\u00fcletet. Mindkett\u0151 haszn\u00e1lja a Vit\u00e9zi Rend elnevez\u00e9st.<\/p>\n\n\n\n<p>Ezzel a t\u00f6rt\u00e9nettel kapcsolatban \u00e9rdemes megjegyezni: Horthy Mikl\u00f3s f\u0151kapit\u00e1ny idej\u00e9ben nem lett volna elk\u00e9pzelhet\u0151, hogy a Vit\u00e9zi Rend lev\u00e1ltsa legf\u0151bb vezet\u0151j\u00e9t. 2003-ban, a f\u0151kapit\u00e1ny lev\u00e1lt\u00e1sa olyan megr\u00e1zk\u00f3dtat\u00e1st okozott, amely elker\u00fclhet\u0151 lett volna, s amely n\u00e9lk\u00fcl ma bizony\u00e1ra egyetlen rendbe t\u00f6m\u00f6r\u00fclhetne ez a nagy m\u00falt\u00fa szervezet.<\/p>\n\n\n\n<p>A J\u00f3zsef \u00c1rp\u00e1dhoz (J\u00f3zsef \u00c1gost unok\u00e1j\u00e1hoz) k\u00f6t\u0151d\u0151, jelenleg Habsburg-Lotharingiai J\u00f3zsef K\u00e1roly kir\u00e1lyi herceg f\u0151kapit\u00e1nys\u00e1ga al\u00e1 tartoz\u00f3 Rendet az I.C.O.C. teh\u00e1t elismeri, mint az egyetlen ilyen nev\u0171 szervezetet. Az azonos n\u00e9vhaszn\u00e1lat ma sokak sz\u00e1m\u00e1ra nehez\u00edti a t\u00e1j\u00e9koz\u00f3d\u00e1st, azonban a Vit\u00e9zi Rend \u00e9l, fejl\u0151dik \u00e9s rem\u00e9lhet\u0151leg sz\u00e9p j\u00f6v\u0151 el\u00e9 n\u00e9z.<\/p>\n\n\n\n<hr style=\"border-top: 1px solid gray;\">\n\n\n<p><!--EndFragment--><\/p>\n\n\n<div class=\"wp-block-image\"><figure class=\"aligncenter size-large is-resized\"><img decoding=\"async\" loading=\"lazy\" src=\"https:\/\/vitezi-rend.com\/wp-content\/uploads\/2019\/08\/vitez_nagybanyai_horthy_miklos_kormanyzo_by_zontal_dbl8tou-1-808x1024.jpg\" alt=\"The Order of Vit\u00e9z is a Military Order based on christian confession and encouraging a life with the highest ethical values.\" class=\"wp-image-45\" width=\"404\" height=\"512\" srcset=\"https:\/\/www.vitezi-rend.com\/wp-content\/uploads\/2019\/08\/vitez_nagybanyai_horthy_miklos_kormanyzo_by_zontal_dbl8tou-1-808x1024.jpg 808w, https:\/\/www.vitezi-rend.com\/wp-content\/uploads\/2019\/08\/vitez_nagybanyai_horthy_miklos_kormanyzo_by_zontal_dbl8tou-1-237x300.jpg 237w, https:\/\/www.vitezi-rend.com\/wp-content\/uploads\/2019\/08\/vitez_nagybanyai_horthy_miklos_kormanyzo_by_zontal_dbl8tou-1-768x973.jpg 768w\" sizes=\"(max-width: 404px) 100vw, 404px\" \/><\/figure><\/div>\n\n\n\n<p class=\"has-text-align-center\">Alap\u00edt\u00f3nk, vit\u00e9z nagyb\u00e1nyai Horthy Mikl\u00f3s admir\u00e1lis<br>1. f\u0151kapit\u00e1ny<\/p>\n\n\n\n<hr style=\"border-top: 1px solid gray;\">\n\n\n\n<div class=\"wp-block-image\"><figure class=\"aligncenter size-large is-resized\"><img decoding=\"async\" loading=\"lazy\" src=\"https:\/\/vitezi-rend.com\/wp-content\/uploads\/2021\/12\/Habsburg_Jozsef_Agost2-687x1024.jpg\" alt=\"\" class=\"wp-image-2517\" width=\"344\" height=\"512\" srcset=\"https:\/\/www.vitezi-rend.com\/wp-content\/uploads\/2021\/12\/Habsburg_Jozsef_Agost2-687x1024.jpg 687w, https:\/\/www.vitezi-rend.com\/wp-content\/uploads\/2021\/12\/Habsburg_Jozsef_Agost2-201x300.jpg 201w, https:\/\/www.vitezi-rend.com\/wp-content\/uploads\/2021\/12\/Habsburg_Jozsef_Agost2-8x12.jpg 8w, https:\/\/www.vitezi-rend.com\/wp-content\/uploads\/2021\/12\/Habsburg_Jozsef_Agost2.jpg 736w\" sizes=\"(max-width: 344px) 100vw, 344px\" \/><\/figure><\/div>\n\n\n\n<p class=\"has-text-align-center\">vit\u00e9z Habsburg-Lotharingiai J\u00f3zsef \u00c1gost kir\u00e1lyi herceg<br>2. f\u0151kapit\u00e1ny<\/p>\n\n\n\n<hr style=\"border-top: 1px solid gray;\">\n\n\n\n<div class=\"wp-block-image\"><figure class=\"aligncenter size-large is-resized\"><img decoding=\"async\" loading=\"lazy\" src=\"https:\/\/www.vitezi-rend.com\/wp-content\/uploads\/2021\/05\/Farkas_Ferenc-599x1024.jpg\" alt=\"\" class=\"wp-image-1791\" width=\"300\" height=\"512\" srcset=\"https:\/\/www.vitezi-rend.com\/wp-content\/uploads\/2021\/05\/Farkas_Ferenc-599x1024.jpg 599w, https:\/\/www.vitezi-rend.com\/wp-content\/uploads\/2021\/05\/Farkas_Ferenc-176x300.jpg 176w, https:\/\/www.vitezi-rend.com\/wp-content\/uploads\/2021\/05\/Farkas_Ferenc-768x1312.jpg 768w, https:\/\/www.vitezi-rend.com\/wp-content\/uploads\/2021\/05\/Farkas_Ferenc-899x1536.jpg 899w, https:\/\/www.vitezi-rend.com\/wp-content\/uploads\/2021\/05\/Farkas_Ferenc-7x12.jpg 7w, https:\/\/www.vitezi-rend.com\/wp-content\/uploads\/2021\/05\/Farkas_Ferenc.jpg 963w\" sizes=\"(max-width: 300px) 100vw, 300px\" \/><\/figure><\/div>\n\n\n\n<p class=\"has-text-align-center\">vit\u00e9z kisbarnaki Farkas Ferenc<br>3. f\u0151kapit\u00e1ny<\/p>\n\n\n\n<hr style=\"border-top: 1px solid gray;\">\n\n\n\n<div class=\"wp-block-image\"><figure class=\"aligncenter size-large\"><img decoding=\"async\" loading=\"lazy\" width=\"262\" height=\"357\" src=\"https:\/\/www.vitezi-rend.com\/wp-content\/uploads\/2022\/01\/Habsburg_Jozsef_Arpad.jpg\" alt=\"\" class=\"wp-image-2561\" srcset=\"https:\/\/www.vitezi-rend.com\/wp-content\/uploads\/2022\/01\/Habsburg_Jozsef_Arpad.jpg 262w, https:\/\/www.vitezi-rend.com\/wp-content\/uploads\/2022\/01\/Habsburg_Jozsef_Arpad-220x300.jpg 220w, https:\/\/www.vitezi-rend.com\/wp-content\/uploads\/2022\/01\/Habsburg_Jozsef_Arpad-9x12.jpg 9w\" sizes=\"(max-width: 262px) 100vw, 262px\" \/><\/figure><\/div>\n\n\n\n<p class=\"has-text-align-center\">vit\u00e9z Habsburg-Lotharingiai J\u00f3zsef \u00c1rp\u00e1d kir\u00e1lyi herceg<br>4. f\u0151kapit\u00e1ny<\/p>\n\n\n\n<hr style=\"border-top: 1px solid gray;\">\n\n\n\n<div class=\"wp-block-image\"><figure class=\"aligncenter size-large\"><img decoding=\"async\" loading=\"lazy\" width=\"313\" height=\"431\" src=\"https:\/\/www.vitezi-rend.com\/wp-content\/uploads\/2022\/01\/Habsburg_Jozsef_Karoly2.jpg\" alt=\"\" class=\"wp-image-2565\" srcset=\"https:\/\/www.vitezi-rend.com\/wp-content\/uploads\/2022\/01\/Habsburg_Jozsef_Karoly2.jpg 313w, https:\/\/www.vitezi-rend.com\/wp-content\/uploads\/2022\/01\/Habsburg_Jozsef_Karoly2-218x300.jpg 218w, https:\/\/www.vitezi-rend.com\/wp-content\/uploads\/2022\/01\/Habsburg_Jozsef_Karoly2-9x12.jpg 9w\" sizes=\"(max-width: 313px) 100vw, 313px\" \/><\/figure><\/div>\n\n\n\n<p class=\"has-text-align-center\">vit\u00e9z Habsburg-Lotharingiai J\u00f3zsef K\u00e1roly kir\u00e1lyi herceg<br>5. f\u0151kapit\u00e1ny<\/p>\n\n\n\n<p><\/p>","protected":false},"excerpt":{"rendered":"<p>Author: Historian Seat Captain Vitez Attila B\u00e1n\u00f3 de Tapolylucska et K\u00fckemez\u0151 In 1928, in the preface to the large volume titled A magyar nemzet hadt\u00f6rt\u00e9nelme (A military history of the Hungarian nation), Royal Prince and Field Marshal Vitez Joseph August of Habsburg-Lorraine wrote, \u201cIn most cases, the past is but a mirror of the future [&hellip;]<\/p>","protected":false},"author":1,"featured_media":0,"parent":0,"menu_order":0,"comment_status":"closed","ping_status":"closed","template":"","meta":{"_genesis_hide_title":false,"_genesis_hide_breadcrumbs":false,"_genesis_hide_singular_image":false,"_genesis_hide_footer_widgets":false,"_genesis_custom_body_class":"","_genesis_custom_post_class":"","_genesis_layout":""},"categories":[7],"tags":[8,30,32,29,27,26,28,31,34,33],"_links":{"self":[{"href":"http:\/\/www.vitezi-rend.com\/hu\/wp-json\/wp\/v2\/pages\/35"}],"collection":[{"href":"http:\/\/www.vitezi-rend.com\/hu\/wp-json\/wp\/v2\/pages"}],"about":[{"href":"http:\/\/www.vitezi-rend.com\/hu\/wp-json\/wp\/v2\/types\/page"}],"author":[{"embeddable":true,"href":"http:\/\/www.vitezi-rend.com\/hu\/wp-json\/wp\/v2\/users\/1"}],"replies":[{"embeddable":true,"href":"http:\/\/www.vitezi-rend.com\/hu\/wp-json\/wp\/v2\/comments?post=35"}],"version-history":[{"count":43,"href":"http:\/\/www.vitezi-rend.com\/hu\/wp-json\/wp\/v2\/pages\/35\/revisions"}],"predecessor-version":[{"id":2566,"href":"http:\/\/www.vitezi-rend.com\/hu\/wp-json\/wp\/v2\/pages\/35\/revisions\/2566"}],"wp:attachment":[{"href":"http:\/\/www.vitezi-rend.com\/hu\/wp-json\/wp\/v2\/media?parent=35"}],"wp:term":[{"taxonomy":"category","embeddable":true,"href":"http:\/\/www.vitezi-rend.com\/hu\/wp-json\/wp\/v2\/categories?post=35"},{"taxonomy":"post_tag","embeddable":true,"href":"http:\/\/www.vitezi-rend.com\/hu\/wp-json\/wp\/v2\/tags?post=35"}],"curies":[{"name":"wp","href":"https:\/\/api.w.org\/{rel}","templated":true}]}}