{"id":5142,"date":"2025-05-10T11:11:21","date_gmt":"2025-05-10T10:11:21","guid":{"rendered":"https:\/\/www.vitezi-rend.com\/?page_id=5142"},"modified":"2025-05-10T11:11:23","modified_gmt":"2025-05-10T10:11:23","slug":"washington-d-c-celebration-of-the-4th-annual-hungarian-festival-april-26-2025","status":"publish","type":"page","link":"http:\/\/www.vitezi-rend.com\/hu\/washington-d-c-celebration-of-the-4th-annual-hungarian-festival-april-26-2025\/","title":{"rendered":"Washington D.C. \u2013 A 4. \u00e9ves Magyar Fesztiv\u00e1l meg\u00fcnnepl\u00e9se \u2013 2025. \u00e1prilis 26."},"content":{"rendered":"<figure class=\"is-layout-flex wp-block-gallery-1 wp-block-gallery has-nested-images columns-default is-cropped\"><\/figure>\n\n\n\n<figure class=\"wp-block-image size-large is-style-default\"><img decoding=\"async\" loading=\"lazy\" width=\"1024\" height=\"1024\" src=\"https:\/\/www.vitezi-rend.com\/wp-content\/uploads\/2025\/05\/VR-USA-1-1024x1024.jpg\" alt=\"\" class=\"wp-image-5144\" srcset=\"https:\/\/www.vitezi-rend.com\/wp-content\/uploads\/2025\/05\/VR-USA-1-1024x1024.jpg 1024w, https:\/\/www.vitezi-rend.com\/wp-content\/uploads\/2025\/05\/VR-USA-1-300x300.jpg 300w, https:\/\/www.vitezi-rend.com\/wp-content\/uploads\/2025\/05\/VR-USA-1-150x150.jpg 150w, https:\/\/www.vitezi-rend.com\/wp-content\/uploads\/2025\/05\/VR-USA-1-768x768.jpg 768w, https:\/\/www.vitezi-rend.com\/wp-content\/uploads\/2025\/05\/VR-USA-1-1536x1536.jpg 1536w, https:\/\/www.vitezi-rend.com\/wp-content\/uploads\/2025\/05\/VR-USA-1-12x12.jpg 12w, https:\/\/www.vitezi-rend.com\/wp-content\/uploads\/2025\/05\/VR-USA-1.jpg 2048w\" sizes=\"(max-width: 1024px) 100vw, 1024px\" \/><\/figure>\n\n\n\n<figure class=\"wp-block-image size-large\"><img decoding=\"async\" loading=\"lazy\" width=\"1024\" height=\"1024\" src=\"https:\/\/www.vitezi-rend.com\/wp-content\/uploads\/2025\/05\/VR-USA-2-1-1024x1024.jpg\" alt=\"\" class=\"wp-image-5145\" srcset=\"https:\/\/www.vitezi-rend.com\/wp-content\/uploads\/2025\/05\/VR-USA-2-1-1024x1024.jpg 1024w, https:\/\/www.vitezi-rend.com\/wp-content\/uploads\/2025\/05\/VR-USA-2-1-300x300.jpg 300w, https:\/\/www.vitezi-rend.com\/wp-content\/uploads\/2025\/05\/VR-USA-2-1-150x150.jpg 150w, https:\/\/www.vitezi-rend.com\/wp-content\/uploads\/2025\/05\/VR-USA-2-1-768x768.jpg 768w, https:\/\/www.vitezi-rend.com\/wp-content\/uploads\/2025\/05\/VR-USA-2-1-1536x1536.jpg 1536w, https:\/\/www.vitezi-rend.com\/wp-content\/uploads\/2025\/05\/VR-USA-2-1-12x12.jpg 12w, https:\/\/www.vitezi-rend.com\/wp-content\/uploads\/2025\/05\/VR-USA-2-1.jpg 2048w\" sizes=\"(max-width: 1024px) 100vw, 1024px\" \/><\/figure>","protected":false},"excerpt":{"rendered":"","protected":false},"author":5,"featured_media":0,"parent":0,"menu_order":0,"comment_status":"closed","ping_status":"closed","template":"","meta":{"_genesis_hide_title":false,"_genesis_hide_breadcrumbs":false,"_genesis_hide_singular_image":false,"_genesis_hide_footer_widgets":false,"_genesis_custom_body_class":"","_genesis_custom_post_class":"","_genesis_layout":""},"categories":[],"tags":[],"_links":{"self":[{"href":"http:\/\/www.vitezi-rend.com\/hu\/wp-json\/wp\/v2\/pages\/5142"}],"collection":[{"href":"http:\/\/www.vitezi-rend.com\/hu\/wp-json\/wp\/v2\/pages"}],"about":[{"href":"http:\/\/www.vitezi-rend.com\/hu\/wp-json\/wp\/v2\/types\/page"}],"author":[{"embeddable":true,"href":"http:\/\/www.vitezi-rend.com\/hu\/wp-json\/wp\/v2\/users\/5"}],"replies":[{"embeddable":true,"href":"http:\/\/www.vitezi-rend.com\/hu\/wp-json\/wp\/v2\/comments?post=5142"}],"version-history":[{"count":1,"href":"http:\/\/www.vitezi-rend.com\/hu\/wp-json\/wp\/v2\/pages\/5142\/revisions"}],"predecessor-version":[{"id":5146,"href":"http:\/\/www.vitezi-rend.com\/hu\/wp-json\/wp\/v2\/pages\/5142\/revisions\/5146"}],"wp:attachment":[{"href":"http:\/\/www.vitezi-rend.com\/hu\/wp-json\/wp\/v2\/media?parent=5142"}],"wp:term":[{"taxonomy":"category","embeddable":true,"href":"http:\/\/www.vitezi-rend.com\/hu\/wp-json\/wp\/v2\/categories?post=5142"},{"taxonomy":"post_tag","embeddable":true,"href":"http:\/\/www.vitezi-rend.com\/hu\/wp-json\/wp\/v2\/tags?post=5142"}],"curies":[{"name":"wp","href":"https:\/\/api.w.org\/{rel}","templated":true}]}}