{"id":951,"date":"2020-08-24T09:13:10","date_gmt":"2020-08-24T08:13:10","guid":{"rendered":"https:\/\/vitezi-rend.com\/?page_id=951"},"modified":"2021-03-09T09:59:50","modified_gmt":"2021-03-09T08:59:50","slug":"oath-of-the-vitez","status":"publish","type":"page","link":"http:\/\/www.vitezi-rend.com\/hu\/oath-of-the-vitez\/","title":{"rendered":"Vit\u00e9zi esk\u00fc"},"content":{"rendered":"<p>\u00c9n [n\u00e9v], \u00fcnnep\u00e9lyesen esk\u00fcsz\u00f6m az \u00e9l\u0151 Istenre, Aki Atya, Fi\u00fa, Szentl\u00e9lek, teljes Szenth\u00e1roms\u00e1g, egy igaz Isten \u00e9s mindenre, ami el\u0151ttem szent, hogy az ezer\u00e9ves Magyarorsz\u00e1ghoz, a magyar nemzeti eszm\u00e9hez, a Szent Koron\u00e1hoz, a Vit\u00e9zi Rend mindenkor t\u00f6rv\u00e9nyes F\u0151kapit\u00e1ny\u00e1hoz, mindhal\u00e1lig h\u0171 leszek.<\/p>\n\n\n\n<p>Esk\u00fcsz\u00f6m, hogy a Vit\u00e9zi Rend t\u00f6rv\u00e9nyeit megtartom, el\u00f6lj\u00e1r\u00f3im parancsainak felt\u00e9tlen engedelmeskedem, magyar haz\u00e1m\u00e9rt, nemzetem\u00e9rt, el\u00f6lj\u00e1r\u00f3im\u00e9rt, der\u00e9k honfit\u00e1rsaim\u00e9rt, \u00fagy k\u00fcls\u0151, mint bels\u0151 ellens\u00e9ggel szembesz\u00e1llok.<\/p>\n\n\n\n<p>Esk\u00fcsz\u00f6m, hogy bajt\u00e1rsaimnak mindenben j\u00f3 p\u00e9ld\u00e1t mutatok, \u0151ket a hazafiass\u00e1g \u00e9s az er\u00e9nyek \u00fatj\u00e1n vezetni szent k\u00f6teless\u00e9gemnek tartom.<\/p>\n\n\n\n<p>Magyars\u00e1gom soha meg nem tagadom. Semmif\u00e9le nemzet- vagy kereszt\u00e9nyellenes diktat\u00f3rikus p\u00e1rtnak vagy titkos t\u00e1rsas\u00e1gnak tagja nem voltam \u00e9s nem vagyok. Isten engem \u00fagy seg\u00e9ljen!<\/p>\n\n\n\n<p>Halljad esk\u00fcsz\u00f3mat Hadak Ura Isten! Boldog \u00e9n \u00fagy legyek, mint igaz\u00e1n esk\u00fcv\u00e9sem; \u00fagy \u00e1ldj\u00e1l, vagy verj\u00e9l \u00e9ltemben, holtomban; seg\u00edts\u00e9l vagy \u00e1tkozz minden ut\u00f3domban, hogy e szent esk\u00fct\u0151l soha el nem \u00e1llok, becs\u00fclettel \u00e9lek \u00e9s vit\u00e9zk\u00e9nt halok!<\/p>\n\n\n\n<p>\u00c1men.<\/p>\n\n\n\n<hr style=\"border-top: 1px solid gray;\">\n\n\n\n<div class=\"wp-block-image\"><figure class=\"aligncenter size-large is-resized\"><img decoding=\"async\" loading=\"lazy\" src=\"https:\/\/vitezi-rend.com\/wp-content\/uploads\/2021\/03\/inauguration_1930s.jpg\" alt=\"\" class=\"wp-image-1171\" width=\"540\" height=\"432\" srcset=\"https:\/\/www.vitezi-rend.com\/wp-content\/uploads\/2021\/03\/inauguration_1930s.jpg 720w, https:\/\/www.vitezi-rend.com\/wp-content\/uploads\/2021\/03\/inauguration_1930s-300x240.jpg 300w, https:\/\/www.vitezi-rend.com\/wp-content\/uploads\/2021\/03\/inauguration_1930s-16x12.jpg 16w\" sizes=\"(max-width: 540px) 100vw, 540px\" \/><figcaption>Vit\u00e9zavat\u00e1s az 1930-as \u00e9vekben<\/figcaption><\/figure><\/div>\n\n\n\n<p><\/p>","protected":false},"excerpt":{"rendered":"<p>I [name], solemnly swear to the living God, who is Father, and Son and Holy Spirit, the full Holy Trinity, the only true God, and to all that is holy for me, to be faithful until my death to the millennium old Hungary, to the idea of the Hungarian nation, to the Holy Crown of [&hellip;]<\/p>","protected":false},"author":1,"featured_media":0,"parent":0,"menu_order":0,"comment_status":"closed","ping_status":"closed","template":"","meta":{"_genesis_hide_title":false,"_genesis_hide_breadcrumbs":false,"_genesis_hide_singular_image":false,"_genesis_hide_footer_widgets":false,"_genesis_custom_body_class":"","_genesis_custom_post_class":"","_genesis_layout":""},"categories":[],"tags":[],"_links":{"self":[{"href":"http:\/\/www.vitezi-rend.com\/hu\/wp-json\/wp\/v2\/pages\/951"}],"collection":[{"href":"http:\/\/www.vitezi-rend.com\/hu\/wp-json\/wp\/v2\/pages"}],"about":[{"href":"http:\/\/www.vitezi-rend.com\/hu\/wp-json\/wp\/v2\/types\/page"}],"author":[{"embeddable":true,"href":"http:\/\/www.vitezi-rend.com\/hu\/wp-json\/wp\/v2\/users\/1"}],"replies":[{"embeddable":true,"href":"http:\/\/www.vitezi-rend.com\/hu\/wp-json\/wp\/v2\/comments?post=951"}],"version-history":[{"count":14,"href":"http:\/\/www.vitezi-rend.com\/hu\/wp-json\/wp\/v2\/pages\/951\/revisions"}],"predecessor-version":[{"id":1208,"href":"http:\/\/www.vitezi-rend.com\/hu\/wp-json\/wp\/v2\/pages\/951\/revisions\/1208"}],"wp:attachment":[{"href":"http:\/\/www.vitezi-rend.com\/hu\/wp-json\/wp\/v2\/media?parent=951"}],"wp:term":[{"taxonomy":"category","embeddable":true,"href":"http:\/\/www.vitezi-rend.com\/hu\/wp-json\/wp\/v2\/categories?post=951"},{"taxonomy":"post_tag","embeddable":true,"href":"http:\/\/www.vitezi-rend.com\/hu\/wp-json\/wp\/v2\/tags?post=951"}],"curies":[{"name":"wp","href":"https:\/\/api.w.org\/{rel}","templated":true}]}}