{"id":1017,"date":"2021-02-28T20:33:10","date_gmt":"2021-02-28T19:33:10","guid":{"rendered":"https:\/\/vitezi-rend.com\/?page_id=1017"},"modified":"2021-03-15T20:48:50","modified_gmt":"2021-03-15T19:48:50","slug":"heraldic-usage-in-the-order-of-vitez","status":"publish","type":"page","link":"https:\/\/www.vitezi-rend.com\/en\/heraldic-usage-in-the-order-of-vitez\/","title":{"rendered":"Heraldic usage in the Order of Vit\u00e9z"},"content":{"rendered":"\n<p class=\"has-text-align-center\"><em>Author: Prof. Dr. Vit\u00e9z Nemes L\u00e1szl\u00f3 T. K\u00f3czy de Borg\u00f3 et Nagysik\u00e1rl\u00f3, Staff Captain, Judge of the Seat<\/em><\/p>\n\n\n\n<p>The Order of Vit\u00e9z is a Hungarian founded order and its heraldic regulations are identical with the rules of historical heraldic usage of Hungary.<\/p>\n\n\n\n<p>Those members who descend legitimately and on the father\u2019s side (agnatically) from a Hungarian or foreign noble ancestor, are entitled to use a nobiliary coat-of-arms, if such a coat-of-arms has been donated to the ancestor by a sovereign ruler, or if the usage of such a coat-of-arms in the family can be evidenced for multiple centuries, and thus the right of owning that coat based on the \u201cusus\u201d can be proved. Descendants of such families are entitled to decorate their family coat-of-arms with the insignia of the Order, each member according to their respective rank and state, independently from the fact whether the member belongs to the officer or troupe class, whether they are Vit\u00e9z of Justice, Vit\u00e9z of Grace, or Honorary Vit\u00e9z. Above the shield of the nobiliary coats-of-arms, usually, there is an open helmet, which is crowned by a nobiliary coronet (a golden coronet with alternatingly three leaves and two pearls (\u201cold nobles\u201d), or in the case of more recently nobilitated families (\u201cnew nobles\u201d), five pearls.) Above the coronet, the crest (which has not been in use by all Hungarian families) may be displayed. Above the shield of nobles of higher rank, the coronet of the appropriate rank may be used (seven pearls for barons, nine pearls for counts, and eleven pearls or a closed princely coronet for princes), then, however, according to heraldic tradition, it is improper to apply any helmet above the coronet. Archdukes and royal princes use the crowns of their own dynasties above the shield.<\/p>\n\n\n\n<p>Those lesser noblemen who do not own family coat-of-arms (families with so-called simplex nobilitatio), may follow the way described below, appropriate for non-nobles, or may apply their initials in a shield, with a nobiliary coronet above the shield.<\/p>\n\n\n\n<p>Those who do not own a nobiliary family coat-of-arms may use their own inherited burgher arms, if they have any, or they may follow the tradition also known from the history of Hungary, and they may assume a new burgher coat-of-arms. The new arms should be tasteful, following the rules of heraldry, where above the shield; a closed helmet may be placed, with a torse on top. Such a new, personal coat-of-arms should never offend the rights of families which have such arms by a sovereign\u2019s grant! (It should be not identical with or very similar to any of those, unless the member has a provable descendence by blood connection to the family owning that coat. In such case, however, the approval of the representative of the family in question should be obtained.)<\/p>\n\n\n\n<p>Every member of the Order who does not own a coat-of-arms has the right to use the Badge of the Order, as his or her personal Vit\u00e9z coat-of-arms.<\/p>\n\n\n\n<p>Officers of the Order decorate their coat-of-arms with the insignia indicating their respective officer\u2019s rank and position, according to the Codex (one or two marshal\u2019s batons, one or two swords, decorations of the appropriate class on a chain or ribbon surrounding or hanging from the shield). All members should apply the badge of the Order placed under their own personal coat-of-arms, as the sign of being a member of the Order of Vit\u00e9z.<\/p>\n\n\n\n<p>The right to use and the correctness of a nobiliary coat-of-arms owned by a member of the Order is checked by the Genealogic and Heraldic Committee of the Order of Vit\u00e9z. Newly assumed burgher coats-of-arms will be checked and approved by the same committee.<\/p>\n\n\n\n<hr style=\"border-top: 1px solid gray;\">\n\n\n\n<div class=\"wp-block-image\"><figure class=\"aligncenter size-full is-resized\"><img decoding=\"async\" loading=\"lazy\" src=\"https:\/\/vitezi-rend.com\/wp-content\/uploads\/2021\/03\/coat_of_armes2.jpg\" alt=\"\" class=\"wp-image-1387\" width=\"1536\" height=\"1130\" srcset=\"https:\/\/www.vitezi-rend.com\/wp-content\/uploads\/2021\/03\/coat_of_armes2.jpg 2048w, https:\/\/www.vitezi-rend.com\/wp-content\/uploads\/2021\/03\/coat_of_armes2-300x221.jpg 300w, https:\/\/www.vitezi-rend.com\/wp-content\/uploads\/2021\/03\/coat_of_armes2-1024x754.jpg 1024w, https:\/\/www.vitezi-rend.com\/wp-content\/uploads\/2021\/03\/coat_of_armes2-768x565.jpg 768w, https:\/\/www.vitezi-rend.com\/wp-content\/uploads\/2021\/03\/coat_of_armes2-1536x1130.jpg 1536w, https:\/\/www.vitezi-rend.com\/wp-content\/uploads\/2021\/03\/coat_of_armes2-16x12.jpg 16w\" sizes=\"(max-width: 1536px) 100vw, 1536px\" \/><figcaption>Nobiliary coats of arms of several officers of the Order<\/figcaption><\/figure><\/div>\n","protected":false},"excerpt":{"rendered":"<p>Author: Prof. Dr. Vit\u00e9z Nemes L\u00e1szl\u00f3 T. K\u00f3czy de Borg\u00f3 et Nagysik\u00e1rl\u00f3, Staff Captain, Judge of the Seat The Order of Vit\u00e9z is a Hungarian founded order and its heraldic regulations are identical with the rules of historical heraldic usage of Hungary. Those members who descend legitimately and on the father\u2019s side (agnatically) from a [&hellip;]<\/p>\n","protected":false},"author":2,"featured_media":0,"parent":0,"menu_order":0,"comment_status":"closed","ping_status":"closed","template":"","meta":{"_genesis_hide_title":false,"_genesis_hide_breadcrumbs":false,"_genesis_hide_singular_image":false,"_genesis_hide_footer_widgets":false,"_genesis_custom_body_class":"","_genesis_custom_post_class":"","_genesis_layout":""},"categories":[],"tags":[],"_links":{"self":[{"href":"https:\/\/www.vitezi-rend.com\/en\/wp-json\/wp\/v2\/pages\/1017"}],"collection":[{"href":"https:\/\/www.vitezi-rend.com\/en\/wp-json\/wp\/v2\/pages"}],"about":[{"href":"https:\/\/www.vitezi-rend.com\/en\/wp-json\/wp\/v2\/types\/page"}],"author":[{"embeddable":true,"href":"https:\/\/www.vitezi-rend.com\/en\/wp-json\/wp\/v2\/users\/2"}],"replies":[{"embeddable":true,"href":"https:\/\/www.vitezi-rend.com\/en\/wp-json\/wp\/v2\/comments?post=1017"}],"version-history":[{"count":16,"href":"https:\/\/www.vitezi-rend.com\/en\/wp-json\/wp\/v2\/pages\/1017\/revisions"}],"predecessor-version":[{"id":1398,"href":"https:\/\/www.vitezi-rend.com\/en\/wp-json\/wp\/v2\/pages\/1017\/revisions\/1398"}],"wp:attachment":[{"href":"https:\/\/www.vitezi-rend.com\/en\/wp-json\/wp\/v2\/media?parent=1017"}],"wp:term":[{"taxonomy":"category","embeddable":true,"href":"https:\/\/www.vitezi-rend.com\/en\/wp-json\/wp\/v2\/categories?post=1017"},{"taxonomy":"post_tag","embeddable":true,"href":"https:\/\/www.vitezi-rend.com\/en\/wp-json\/wp\/v2\/tags?post=1017"}],"curies":[{"name":"wp","href":"https:\/\/api.w.org\/{rel}","templated":true}]}}