{"id":1621,"date":"2021-04-10T12:23:30","date_gmt":"2021-04-10T11:23:30","guid":{"rendered":"https:\/\/vitezi-rend.com\/?page_id=1621"},"modified":"2021-04-10T12:23:31","modified_gmt":"2021-04-10T11:23:31","slug":"the-vitezi-rend-order-of-vitez-an-honour-superior-to-a-chivalric-order","status":"publish","type":"page","link":"https:\/\/www.vitezi-rend.com\/en\/the-vitezi-rend-order-of-vitez-an-honour-superior-to-a-chivalric-order\/","title":{"rendered":"The Vit\u00e9zi Rend (Order of Vitez), an honour superior to a Chivalric order"},"content":{"rendered":"\n<p class=\"has-text-align-center\"><em>Author: vit\u00e9z noble Pier Felice degli Uberti<\/em><\/p>\n\n\n\n<p>This year, the Order of Vit\u00e9z has 100 years and it is necessary to do some considerations on its survival in the reality of the 21th century. The traditional pride of Hungarians has kept them from publicly discussing appropriately in the international chivalric and nobiliary community the real meaning of this Order, one of the three knightly orders (the Orders of Golden Fleece, the Starry Cross and the Vit\u00e9zi Rend) still granted by the Habsburg-Lorraine Dynasty and this is why it needs some explanations.<\/p>\n\n\n\n<p>The Order of Vit\u00e9z, or better, in English, the \u201cOrder of the Valiant, or of the Heroes\u201d was founded in 1920 to honour thousands of Hungarian war heroes and to try to reconstruct Hungary that was in desperate condition due to WW I and the subsequent peace treaty forced on Hungary.<\/p>\n\n\n\n<p>Its founder was <em>Mikl\u00f3s Horthy de Nagyb\u00e1nya<\/em>, (Kenderes, 18 June 1868 &#8211; Estoril, 9 February 1957), an Austro-Hungarian admiral and politician, the Regent of the Kingdom of Hungary from 1920 to 1944. Hungary at the time was a monarchy, even if there was no king due to the international political situation. The Order of Vit\u00e9z found its <em>fons honorum<\/em> in the Holy Crown of Hungary (as all the other Hungarian orders up to 1944).<\/p>\n\n\n\n<p>Unlikely other knightly orders born in the 20th century, the Vit\u00e9zi Rend had characteristics so high, so it is justifiable to put it in front of all the other knightly orders created in the 20th century, given that it had its deep roots in the millennium old history of Hungary, and in the European Christian tradition.<\/p>\n\n\n\n<p>Vit\u00e9z was and is a distinct honour, unique for its originality, and still alive in Hungary and abroad, among Hungarian ex-pats and foreign personalities that distinguish themselves in respecting and sustaining Hungarian culture.<\/p>\n\n\n\n<p>The title<em> vit\u00e9z,<\/em> that the honoured person puts before his last name (it is important to remember that according to Hungarian habits the surname always precedes the first name, if used in English, Vit\u00e9z still comes before the full name) may be translated with several different, more or less synonymous words. As a matter of fact, the Order does not grant the title of knight, but the one of <em>vit\u00e9z<\/em>, translatable as: \u201cthe valiant\u201d,\u201d the warrior\u201d, \u201cthe fighter\u201d, \u201cthe champion\u201d, \u201cthe hero\u201d; or with the adjectives brave, courageous, heroic. The contemporary use is to translate the Order of Vit\u00e9z as <em>Order of Hungarian Valiants<\/em>. Its peculiarity is to return to the oldest concepts linked to the creation of knights that had an effect of ennoblement of the grantee and could have a hereditary character combined with the grant of land ownership.<\/p>\n\n\n\n<p>The grant of the title of vit\u00e9z has had a hereditary characteristic, given that originally, it could go to the first son at the age of 17, having also a feudal concept given that the grantee had the concession of about 4 to 125 hectares of land (less for the vit\u00e9z troops and more for the vit\u00e9z officers). In the absence of a son, the title (and connected land ownership) was transferred to the family of the oldest daughter. Later, in the emigration, due to the essential decrease of active Vitez families, the inheritability was extended to all male and female descendants<\/p>\n\n\n\n<p>Many historians and scholars interpret this link with the obtainment of land property, looking into it a sort of agrarian reform with the granting of lands to small and medium landowners. This is a vision reinforced by the substantial democratic nature of the Order, not only because although it had two classes, the officer and the troop Vitez, but it had only one single title, the predicate \u201cvit\u00e9z\u201d in front of the name; but also because it could be granted to any citizen that distinguished himself during WW I, independently from the original social status. And given that the land granted to the awardee was usually offered by a major aristocratic landowner, it is possible to identify a principle of redistribution of the national land.<\/p>\n\n\n\n<p>Furthermore, because of the idea of keeping alive the Hungarian pride and the energy shared by a nation that lost the war but had been nevertheless not destroyed by it, there was a new social class established, definable as a <em>\u00e9lite of heroes<\/em>, an hereditary \u00e9lite, strongly linked to the Hungarian nation and its authorities.<\/p>\n\n\n\n<p>The Order of Vit\u00e9z was naturally linked to the Habsburg-Lorraine Dynasty; indeed, the requisites to obtain the title were to have decorations or medals of bravery granted by the Habsburg Empire, related to events linked to WW I. These requisites were used for a long time, up to when the new grants became related to having obtained similar decorations during WW II.<\/p>\n\n\n\n<p>For the peculiarities of this honorary distinction, Regent Horthy never held the title of a Grand Master, but the one of Captain General.<\/p>\n\n\n\n<p>In 1944, Horthy was arrested by the Germans, and once freed in 1945, he went in exile to Portugal, but still went on working in order to keep alive the Order of Vit\u00e9z, up to his death in 1957.<\/p>\n\n\n\n<p>Then, all the members of the Order living in the West gathered in a general council from 1958 to 1959, to guarantee that the Order of Vit\u00e9z could survive and they elected a second Captain General in the person of the Field Marshal Archduke <em>J\u00f3zsef \u00c1gost of Habsburg-Lorraine<\/em> (the first invested Vit\u00e9z when the Order was born). To have an official recognition of the legitimate Order, in 1962 the then Captain General Archduke J\u00f3zsef \u00c1gost contacted the <em>International Commission for Orders of Chivalry<\/em>, the most authentic scientific institution to register and recognize the validity of orders. This organ recognized in 1964 the legitimacy of the Order of Vit\u00e9z, putting it in its register of chivalric institutions with the proper requirements.<\/p>\n\n\n\n<p>In 1962 at the death of the Archduke J\u00f3zsef \u00c1gost (Joseph August), the Council of the Order elected <em>Ferenc Farkas de Kisbarnak<\/em>, as third Captain General, a heroic general of WW II. Being 85 years old, however, he resigned and in 1977 another member of the House Habsburg-Lorraine succeeded him, the Archduke <em>J\u00f3zsef \u00c1rp\u00e1d<\/em> (grandson of Archduke J\u00f3zsef \u00c1gost), who remained Captain General of the Order until his death in 2017.<\/p>\n\n\n\n<p>As the surviving Vit\u00e9z elected the Archduke J\u00f3zsef \u00c1rp\u00e1d to Captain General, they also decided to transmit the dignity of the leadership to the oldest son of the 3rd Captain General, the succession of the most important role in the Order, was codified and so today, the Captain General is Archduke<em> Josef Karl of Habsburg-Lorraine<\/em>.<\/p>\n\n\n\n<p><strong>Here are some concepts that made the Order of Vit\u00e9z one of the most important orders and distinction systems in the world:<\/strong><\/p>\n\n\n\n<p>1) Unlikely to genuine dynastic orders which have been suspended for a few years or even, up to a century; the Order of Vit\u00e9z has still survived as an hereditary order. Meanwhile, the Council of the Order extended the right to inherit the title to all children of a Vit\u00e9z if worthy for the title. When a son or a daughter of a member becomes 17, they may join the Vit\u00e9z, making the order thus immortal, as long as there will be descendants of the Vit\u00e9z created up to 1944;<\/p>\n\n\n\n<p>2) With the granting of the land during the time in which the country was ruled by the Holy Crown of Hungary, the Order had the fundamental characteristic of being feudal, transmitting a new form of nobility;<\/p>\n\n\n\n<p>3) Unlikely all the other knightly or merit orders, it did not grant the title of Knight, but the supreme one of Vit\u00e9z, meaning Valiant or Hero and recognizing the bravery of someone who, with his own initiative and free from any obligation, made an extraordinary and generous act of courage, with the self-sacrifice in protecting the others or the common good. This was the clear birth and the root of the transmission towards the eternity of a new nobility, expressly named <em>Vit\u00e9z<\/em>; and this is the reason that the grantee puts in front of his name the title Vit\u00e9z, exactly like the nobility does with the noble title that they hold;<\/p>\n\n\n\n<p>4) The Order of Vit\u00e9z established the rule that the Captain General always has to be a descendant of the Captain General H.R.H. <em>J\u00f3zsef \u00c1rp\u00e1d, Royal Prince of Hungary<\/em>, in the spirit of the Vit\u00e9zi Rend being once again an Order of the Hungarian Nation;<\/p>\n\n\n\n<p>5) The Order goes on toward infinity in the descendants of the Vit\u00e9z created up to 1944, and because in the middle age tradition, knights arm and invest new knights, today to keep the tradition of these heroes the Captain General (or his appointed representative senior Vit\u00e9z) invests the new Vit\u00e9z, choosing them from among Hungarians, from the descendants of Hungarians living abroad, and from the ranks of a selected group of foreigners who adhere to the Hungarian tradition, the modern heroes of our society, thus the people that he considers they deserve the highest honour grantable to a man.<\/p>\n","protected":false},"excerpt":{"rendered":"<p>Author: vit\u00e9z noble Pier Felice degli Uberti This year, the Order of Vit\u00e9z has 100 years and it is necessary to do some considerations on its survival in the reality of the 21th century. The traditional pride of Hungarians has kept them from publicly discussing appropriately in the international chivalric and nobiliary community the real [&hellip;]<\/p>\n","protected":false},"author":2,"featured_media":0,"parent":0,"menu_order":0,"comment_status":"closed","ping_status":"closed","template":"","meta":{"_genesis_hide_title":false,"_genesis_hide_breadcrumbs":false,"_genesis_hide_singular_image":false,"_genesis_hide_footer_widgets":false,"_genesis_custom_body_class":"","_genesis_custom_post_class":"","_genesis_layout":""},"categories":[],"tags":[],"_links":{"self":[{"href":"https:\/\/www.vitezi-rend.com\/en\/wp-json\/wp\/v2\/pages\/1621"}],"collection":[{"href":"https:\/\/www.vitezi-rend.com\/en\/wp-json\/wp\/v2\/pages"}],"about":[{"href":"https:\/\/www.vitezi-rend.com\/en\/wp-json\/wp\/v2\/types\/page"}],"author":[{"embeddable":true,"href":"https:\/\/www.vitezi-rend.com\/en\/wp-json\/wp\/v2\/users\/2"}],"replies":[{"embeddable":true,"href":"https:\/\/www.vitezi-rend.com\/en\/wp-json\/wp\/v2\/comments?post=1621"}],"version-history":[{"count":3,"href":"https:\/\/www.vitezi-rend.com\/en\/wp-json\/wp\/v2\/pages\/1621\/revisions"}],"predecessor-version":[{"id":1624,"href":"https:\/\/www.vitezi-rend.com\/en\/wp-json\/wp\/v2\/pages\/1621\/revisions\/1624"}],"wp:attachment":[{"href":"https:\/\/www.vitezi-rend.com\/en\/wp-json\/wp\/v2\/media?parent=1621"}],"wp:term":[{"taxonomy":"category","embeddable":true,"href":"https:\/\/www.vitezi-rend.com\/en\/wp-json\/wp\/v2\/categories?post=1621"},{"taxonomy":"post_tag","embeddable":true,"href":"https:\/\/www.vitezi-rend.com\/en\/wp-json\/wp\/v2\/tags?post=1621"}],"curies":[{"name":"wp","href":"https:\/\/api.w.org\/{rel}","templated":true}]}}