{"id":1747,"date":"2021-05-19T19:57:06","date_gmt":"2021-05-19T18:57:06","guid":{"rendered":"https:\/\/vitezi-rend.com\/?page_id=1747"},"modified":"2022-10-18T17:38:26","modified_gmt":"2022-10-18T16:38:26","slug":"accreditation","status":"publish","type":"page","link":"https:\/\/www.vitezi-rend.com\/en\/accreditation\/","title":{"rendered":"Accreditation"},"content":{"rendered":"\n<div class=\"wp-block-image\"><figure class=\"aligncenter size-large is-resized\"><img decoding=\"async\" loading=\"lazy\" src=\"https:\/\/vitezi-rend.com\/wp-content\/uploads\/2021\/05\/icoc_title.tif.png\" alt=\"\" class=\"wp-image-1750\" width=\"512\" height=\"346\" srcset=\"https:\/\/www.vitezi-rend.com\/wp-content\/uploads\/2021\/05\/icoc_title.tif.png 1024w, https:\/\/www.vitezi-rend.com\/wp-content\/uploads\/2021\/05\/icoc_title.tif-300x203.png 300w, https:\/\/www.vitezi-rend.com\/wp-content\/uploads\/2021\/05\/icoc_title.tif-768x519.png 768w, https:\/\/www.vitezi-rend.com\/wp-content\/uploads\/2021\/05\/icoc_title.tif-16x12.png 16w\" sizes=\"(max-width: 512px) 100vw, 512px\" \/><\/figure><\/div>\n\n\n\n<p>Milan, 2022-03-09<\/p>\n\n\n\n<p>The only valid and legitimate Vit\u00e9zi Rend (The knightly Order of Vit\u00e9z) and therefore duly included in the Register of Orders of Chivalry among the semi-sovereign orders, edited by the International Commission for Orders of Chivalry amongst other institutions of a chivalric character (successors of chivalric institutions originally founded under the authority of a State) is that which is registered in the Kingdom of Sweden in the same way as the Orders of the Royal House of Sweden and is presided by its Head, H.I.&amp; R.H. Archduke J\u00f3zsef K\u00e1roly von Habsburg-Lothringen, Royal Prince of Hungary, who, by being Head of the said Vit\u00e9zi Rend, guarantees the seriousness and utmost consideration of the Order. International Commission for Orders of Chivalry does not recognise any other organisation which purports to have any connection with the Vit\u00e9zi Rend or uses the name Vit\u00e9zi Rend.<\/p>\n\n\n\n<p>Pier Felice degli Uberti<br>President of the International Commission for Orders of Chivalry<\/p>\n\n\n\n<strong><div class=\"translation-block\"><a data-no-translation href=\"https:\/\/vitezi-rend.com\/wp-content\/uploads\/2021\/05\/icoc_statement_en.pdf\" class=\"rank-math-link\"><\/div>Download original document<\/a><\/strong><br><br><p><\/p>\n","protected":false},"excerpt":{"rendered":"<p>Milan, 2022-03-09 The only valid and legitimate Vit\u00e9zi Rend (The knightly Order of Vit\u00e9z) and therefore duly included in the Register of Orders of Chivalry among the semi-sovereign orders, edited by the International Commission for Orders of Chivalry amongst other institutions of a chivalric character (successors of chivalric institutions originally founded under the authority of [&hellip;]<\/p>\n","protected":false},"author":2,"featured_media":0,"parent":0,"menu_order":0,"comment_status":"closed","ping_status":"closed","template":"","meta":{"_genesis_hide_title":false,"_genesis_hide_breadcrumbs":false,"_genesis_hide_singular_image":false,"_genesis_hide_footer_widgets":false,"_genesis_custom_body_class":"","_genesis_custom_post_class":"","_genesis_layout":""},"categories":[],"tags":[],"_links":{"self":[{"href":"https:\/\/www.vitezi-rend.com\/en\/wp-json\/wp\/v2\/pages\/1747"}],"collection":[{"href":"https:\/\/www.vitezi-rend.com\/en\/wp-json\/wp\/v2\/pages"}],"about":[{"href":"https:\/\/www.vitezi-rend.com\/en\/wp-json\/wp\/v2\/types\/page"}],"author":[{"embeddable":true,"href":"https:\/\/www.vitezi-rend.com\/en\/wp-json\/wp\/v2\/users\/2"}],"replies":[{"embeddable":true,"href":"https:\/\/www.vitezi-rend.com\/en\/wp-json\/wp\/v2\/comments?post=1747"}],"version-history":[{"count":11,"href":"https:\/\/www.vitezi-rend.com\/en\/wp-json\/wp\/v2\/pages\/1747\/revisions"}],"predecessor-version":[{"id":2806,"href":"https:\/\/www.vitezi-rend.com\/en\/wp-json\/wp\/v2\/pages\/1747\/revisions\/2806"}],"wp:attachment":[{"href":"https:\/\/www.vitezi-rend.com\/en\/wp-json\/wp\/v2\/media?parent=1747"}],"wp:term":[{"taxonomy":"category","embeddable":true,"href":"https:\/\/www.vitezi-rend.com\/en\/wp-json\/wp\/v2\/categories?post=1747"},{"taxonomy":"post_tag","embeddable":true,"href":"https:\/\/www.vitezi-rend.com\/en\/wp-json\/wp\/v2\/tags?post=1747"}],"curies":[{"name":"wp","href":"https:\/\/api.w.org\/{rel}","templated":true}]}}