{"id":1776,"date":"2021-05-31T18:29:33","date_gmt":"2021-05-31T17:29:33","guid":{"rendered":"https:\/\/vitezi-rend.com\/?page_id=1776"},"modified":"2022-10-18T17:48:30","modified_gmt":"2022-10-18T16:48:30","slug":"portrait-gallery-of-famous-members-of-the-order","status":"publish","type":"page","link":"https:\/\/www.vitezi-rend.com\/en\/portrait-gallery-of-famous-members-of-the-order\/","title":{"rendered":"Portrait Gallery of Famous Members"},"content":{"rendered":"\n<div class=\"wp-block-image\"><figure class=\"aligncenter size-large is-resized\"><img decoding=\"async\" loading=\"lazy\" src=\"https:\/\/vitezi-rend.com\/wp-content\/uploads\/2021\/05\/Horthy_Miklos.jpg\" alt=\"\" class=\"wp-image-1777\" width=\"439\" height=\"424\" srcset=\"https:\/\/www.vitezi-rend.com\/wp-content\/uploads\/2021\/05\/Horthy_Miklos.jpg 878w, https:\/\/www.vitezi-rend.com\/wp-content\/uploads\/2021\/05\/Horthy_Miklos-300x290.jpg 300w, https:\/\/www.vitezi-rend.com\/wp-content\/uploads\/2021\/05\/Horthy_Miklos-768x742.jpg 768w, https:\/\/www.vitezi-rend.com\/wp-content\/uploads\/2021\/05\/Horthy_Miklos-12x12.jpg 12w\" sizes=\"(max-width: 439px) 100vw, 439px\" \/><\/figure><\/div>\n\n\n\n<p class=\"has-text-align-center\"><strong>Vit\u00e9z Mikl\u00f3s Horthy de Nagyb\u00e1nya<\/strong><br>(*Kenderes, June 18, 1868 \u2013 \u2020Estoril, Feruary 9, 1957)<br>Admiral, Commander-in-Chief of the National Army, Governor of the Kingdom of Hungary, Captain General of the Order of Vit\u00e9z. <br>(Photo: Wikipedia)<\/p>\n\n\n\n<hr style=\"border-top: 1px solid gray;\">\n\n\n\n<p><\/p>\n\n\n\n<div class=\"wp-block-image\"><figure class=\"aligncenter size-large is-resized\"><img decoding=\"async\" loading=\"lazy\" src=\"https:\/\/vitezi-rend.com\/wp-content\/uploads\/2021\/05\/Habsburg-Lotharingiai_Jozsef_Agost.jpg\" alt=\"\" class=\"wp-image-1781\" width=\"300\" height=\"399\" srcset=\"https:\/\/www.vitezi-rend.com\/wp-content\/uploads\/2021\/05\/Habsburg-Lotharingiai_Jozsef_Agost.jpg 300w, https:\/\/www.vitezi-rend.com\/wp-content\/uploads\/2021\/05\/Habsburg-Lotharingiai_Jozsef_Agost-226x300.jpg 226w, https:\/\/www.vitezi-rend.com\/wp-content\/uploads\/2021\/05\/Habsburg-Lotharingiai_Jozsef_Agost-9x12.jpg 9w\" sizes=\"(max-width: 300px) 100vw, 300px\" \/><\/figure><\/div>\n\n\n\n<p class=\"has-text-align-center\"><strong>Vit\u00e9z Joseph August of Habsburg-Lorraine<\/strong><br>(*Alcs\u00fat, August 9, 1872 \u2013 \u2020Rain, July 6, 1962)<br>Royal Prince, Marshal, Governor (1919), second Captain General of the Order of Vit\u00e9z. <br>(Photo: Wikipedia)<\/p>\n\n\n\n<hr style=\"border-top: 1px solid gray;\">\n\n\n\n<div class=\"wp-block-image\"><figure class=\"aligncenter size-large is-resized\"><img decoding=\"async\" loading=\"lazy\" src=\"https:\/\/vitezi-rend.com\/wp-content\/uploads\/2021\/05\/Farkas_Ferenc-599x1024.jpg\" alt=\"\" class=\"wp-image-1791\" width=\"300\" height=\"512\" srcset=\"https:\/\/www.vitezi-rend.com\/wp-content\/uploads\/2021\/05\/Farkas_Ferenc-599x1024.jpg 599w, https:\/\/www.vitezi-rend.com\/wp-content\/uploads\/2021\/05\/Farkas_Ferenc-176x300.jpg 176w, https:\/\/www.vitezi-rend.com\/wp-content\/uploads\/2021\/05\/Farkas_Ferenc-768x1312.jpg 768w, https:\/\/www.vitezi-rend.com\/wp-content\/uploads\/2021\/05\/Farkas_Ferenc-899x1536.jpg 899w, https:\/\/www.vitezi-rend.com\/wp-content\/uploads\/2021\/05\/Farkas_Ferenc-7x12.jpg 7w, https:\/\/www.vitezi-rend.com\/wp-content\/uploads\/2021\/05\/Farkas_Ferenc.jpg 963w\" sizes=\"(max-width: 300px) 100vw, 300px\" \/><\/figure><\/div>\n\n\n\n<p class=\"has-text-align-center\"><strong>Vit\u00e9z Ferenc Farkas de Kisbarnak<\/strong><br>(*Kismarton, May 27, 1892 \u2013 \u2020Arnstorf, April 14, 1980)<br>Colonel-general, Scout Leader, Commander of the Ludovika Academy (1938\u20131943). Between 1962 and 1977 he was the third Captain General of the Order of Vit\u00e9z. <br>(Photo: Keller J\u00e1nos, Wikipedia)<\/p>\n\n\n\n<hr style=\"border-top: 1px solid gray;\">\n\n\n\n<div class=\"wp-block-image\"><figure class=\"aligncenter size-large is-resized\"><img decoding=\"async\" loading=\"lazy\" src=\"https:\/\/vitezi-rend.com\/wp-content\/uploads\/2021\/06\/Revy_Kalman-719x1024.jpg\" alt=\"\" class=\"wp-image-1944\" width=\"360\" height=\"512\" srcset=\"https:\/\/www.vitezi-rend.com\/wp-content\/uploads\/2021\/06\/Revy_Kalman-719x1024.jpg 719w, https:\/\/www.vitezi-rend.com\/wp-content\/uploads\/2021\/06\/Revy_Kalman-211x300.jpg 211w, https:\/\/www.vitezi-rend.com\/wp-content\/uploads\/2021\/06\/Revy_Kalman-768x1094.jpg 768w, https:\/\/www.vitezi-rend.com\/wp-content\/uploads\/2021\/06\/Revy_Kalman-8x12.jpg 8w, https:\/\/www.vitezi-rend.com\/wp-content\/uploads\/2021\/06\/Revy_Kalman.jpg 957w\" sizes=\"(max-width: 360px) 100vw, 360px\" \/><\/figure><\/div>\n\n\n\n<p class=\"has-text-align-center\"><strong>Vit\u00e9z K\u00e1lm\u00e1n R\u00e9vy de Domb\u00f3v\u00e1r<\/strong><br>(*Budapest, March 14, 1877 \u2013 \u2020Budapest, February 9, 1949)<br>Lieutenant General, Honorary Infantry General, Commander of the Ludovika Academy (1919\u22121925) <br>(Photo: S\u00e1ndor Strelisky, Wikipedia)<\/p>\n\n\n\n<hr style=\"border-top: 1px solid gray;\">\n\n\n\n<div class=\"wp-block-image\"><figure class=\"aligncenter size-large is-resized\"><img decoding=\"async\" loading=\"lazy\" src=\"https:\/\/vitezi-rend.com\/wp-content\/uploads\/2021\/06\/Sipos_Arpad-699x1024.jpg\" alt=\"\" class=\"wp-image-1946\" width=\"350\" height=\"512\" srcset=\"https:\/\/www.vitezi-rend.com\/wp-content\/uploads\/2021\/06\/Sipos_Arpad-699x1024.jpg 699w, https:\/\/www.vitezi-rend.com\/wp-content\/uploads\/2021\/06\/Sipos_Arpad-205x300.jpg 205w, https:\/\/www.vitezi-rend.com\/wp-content\/uploads\/2021\/06\/Sipos_Arpad-768x1125.jpg 768w, https:\/\/www.vitezi-rend.com\/wp-content\/uploads\/2021\/06\/Sipos_Arpad-8x12.jpg 8w, https:\/\/www.vitezi-rend.com\/wp-content\/uploads\/2021\/06\/Sipos_Arpad.jpg 866w\" sizes=\"(max-width: 350px) 100vw, 350px\" \/><\/figure><\/div>\n\n\n\n<p class=\"has-text-align-center\"><strong>Vit\u00e9z \u00c1rp\u00e1d Sipos<\/strong><br>(*Nagyv\u00e1rad, August 1, 1879 \u2212 \u2020Budapest, March 8, 1950)<br>Lieutenant General, Commander of the Ludovika Academy (1925\u20131928). <br>(Photo: B\u00e9la Halmi, Wikipedia)<\/p>\n\n\n\n<hr style=\"border-top: 1px solid gray;\">\n\n\n\n<div class=\"wp-block-image\"><figure class=\"aligncenter size-large is-resized\"><img decoding=\"async\" loading=\"lazy\" src=\"https:\/\/vitezi-rend.com\/wp-content\/uploads\/2021\/06\/Szinay_Bela-579x1024.jpg\" alt=\"\" class=\"wp-image-1950\" width=\"290\" height=\"512\" srcset=\"https:\/\/www.vitezi-rend.com\/wp-content\/uploads\/2021\/06\/Szinay_Bela-579x1024.jpg 579w, https:\/\/www.vitezi-rend.com\/wp-content\/uploads\/2021\/06\/Szinay_Bela-170x300.jpg 170w, https:\/\/www.vitezi-rend.com\/wp-content\/uploads\/2021\/06\/Szinay_Bela-7x12.jpg 7w, https:\/\/www.vitezi-rend.com\/wp-content\/uploads\/2021\/06\/Szinay_Bela.jpg 621w\" sizes=\"(max-width: 290px) 100vw, 290px\" \/><\/figure><\/div>\n\n\n\n<p class=\"has-text-align-center\"><strong>Vit\u00e9z B\u00e9la Szinay<\/strong><br>(*Eger, June 9, 1880 \u2212 \u2020Budapest, September 8, 1948)<br>Lieutenant General, Commander of the Ludovika Academy (1928\u20131931). <br>(Photo: Istv\u00e1n Goszleth and Son, Wikipedia)<\/p>\n\n\n\n<hr style=\"border-top: 1px solid gray;\">\n\n\n\n<div class=\"wp-block-image\"><figure class=\"aligncenter size-large is-resized\"><img decoding=\"async\" loading=\"lazy\" src=\"https:\/\/vitezi-rend.com\/wp-content\/uploads\/2021\/07\/Jany_Gusztav-655x1024.jpg\" alt=\"\" class=\"wp-image-1999\" width=\"328\" height=\"512\" srcset=\"https:\/\/www.vitezi-rend.com\/wp-content\/uploads\/2021\/07\/Jany_Gusztav-655x1024.jpg 655w, https:\/\/www.vitezi-rend.com\/wp-content\/uploads\/2021\/07\/Jany_Gusztav-192x300.jpg 192w, https:\/\/www.vitezi-rend.com\/wp-content\/uploads\/2021\/07\/Jany_Gusztav-768x1201.jpg 768w, https:\/\/www.vitezi-rend.com\/wp-content\/uploads\/2021\/07\/Jany_Gusztav-8x12.jpg 8w, https:\/\/www.vitezi-rend.com\/wp-content\/uploads\/2021\/07\/Jany_Gusztav.jpg 888w\" sizes=\"(max-width: 328px) 100vw, 328px\" \/><\/figure><\/div>\n\n\n\n<p class=\"has-text-align-center\"><strong>Vit\u00e9z Guszt\u00e1v J\u00e1ny<\/strong><br>(*Rajka, October 21, 1883 \u2212 \u2020Budapest, November 26, 1947)<br>Colonel-General, Between 1931 and 1936 he was the Commander of the Ludovika Academy, later of the 2nd Hungarian Army.<br>(Photographer unknown)<\/p>\n\n\n\n<hr style=\"border-top: 1px solid gray;\">\n\n\n\n<div class=\"wp-block-image\"><figure class=\"aligncenter size-large is-resized\"><img decoding=\"async\" loading=\"lazy\" src=\"https:\/\/vitezi-rend.com\/wp-content\/uploads\/2021\/07\/Szombathely_Ferenc.-728x1024.jpg\" alt=\"\" class=\"wp-image-2001\" width=\"364\" height=\"512\" srcset=\"https:\/\/www.vitezi-rend.com\/wp-content\/uploads\/2021\/07\/Szombathely_Ferenc.-728x1024.jpg 728w, https:\/\/www.vitezi-rend.com\/wp-content\/uploads\/2021\/07\/Szombathely_Ferenc.-213x300.jpg 213w, https:\/\/www.vitezi-rend.com\/wp-content\/uploads\/2021\/07\/Szombathely_Ferenc.-768x1080.jpg 768w, https:\/\/www.vitezi-rend.com\/wp-content\/uploads\/2021\/07\/Szombathely_Ferenc.-9x12.jpg 9w, https:\/\/www.vitezi-rend.com\/wp-content\/uploads\/2021\/07\/Szombathely_Ferenc..jpg 952w\" sizes=\"(max-width: 364px) 100vw, 364px\" \/><\/figure><\/div>\n\n\n\n<p class=\"has-text-align-center\"><strong>Vit\u00e9z Ferenc Szombathelyi<\/strong><br>(*May 17, 1887 \u2212 \u2020P\u00e9terv\u00e1rad, November 4, 1946)<br>Colonel-General, Chief of the General Staff of the Armed Forces, Commander of the Ludovika Academy from 1936 to 1938.<br>(Photographer unknown, Wikipedia)<\/p>\n\n\n\n<hr style=\"border-top: 1px solid gray;\">\n\n\n\n<div class=\"wp-block-image\"><figure class=\"aligncenter size-large\"><img decoding=\"async\" loading=\"lazy\" width=\"220\" height=\"302\" src=\"https:\/\/vitezi-rend.com\/wp-content\/uploads\/2021\/07\/Szurmay_Sandor..png\" alt=\"\" class=\"wp-image-2002\" srcset=\"https:\/\/www.vitezi-rend.com\/wp-content\/uploads\/2021\/07\/Szurmay_Sandor..png 220w, https:\/\/www.vitezi-rend.com\/wp-content\/uploads\/2021\/07\/Szurmay_Sandor.-219x300.png 219w, https:\/\/www.vitezi-rend.com\/wp-content\/uploads\/2021\/07\/Szurmay_Sandor.-9x12.png 9w\" sizes=\"(max-width: 220px) 100vw, 220px\" \/><\/figure><\/div>\n\n\n\n<p class=\"has-text-align-center\"><strong>Vit\u00e9z Baron S\u00e1ndor Szurmay de Uzsok<\/strong><br>(*Boks\u00e1nb\u00e1nya, 1860. December 19, 1860 \u2013 \u2020Budapest, February 26, 1945)<br>Infantry General, Minister of Defense in 1917\u201318, Colonel-General from 1941.<br>(Photo: Wikipedia)<\/p>\n\n\n\n<hr style=\"border-top: 1px solid gray;\">\n\n\n\n<div class=\"wp-block-image\"><figure class=\"aligncenter size-large is-resized\"><img decoding=\"async\" loading=\"lazy\" src=\"https:\/\/vitezi-rend.com\/wp-content\/uploads\/2021\/07\/Nagy_Pal-1.jpg\" alt=\"\" class=\"wp-image-2005\" width=\"375\" height=\"432\" srcset=\"https:\/\/www.vitezi-rend.com\/wp-content\/uploads\/2021\/07\/Nagy_Pal-1.jpg 500w, https:\/\/www.vitezi-rend.com\/wp-content\/uploads\/2021\/07\/Nagy_Pal-1-260x300.jpg 260w, https:\/\/www.vitezi-rend.com\/wp-content\/uploads\/2021\/07\/Nagy_Pal-1-10x12.jpg 10w\" sizes=\"(max-width: 375px) 100vw, 375px\" \/><\/figure><\/div>\n\n\n\n<p class=\"has-text-align-center\"><strong>Vit\u00e9z P\u00e1l Nagy<\/strong><br>(*Saj\u00f3senye, September 18, 1864 \u2013 \u2020Budapest, February 10, 1927)<br>Infantry General, Commander-in-Chief of the Royal Hungarian Army between 1922 and 1925.<br>(Photo: Wikipedia)<\/p>\n\n\n\n<hr style=\"border-top: 1px solid gray;\">\n\n\n\n<div class=\"wp-block-image\"><figure class=\"aligncenter size-large\"><img decoding=\"async\" loading=\"lazy\" width=\"250\" height=\"297\" src=\"https:\/\/vitezi-rend.com\/wp-content\/uploads\/2021\/07\/Denk_Gusztav.png\" alt=\"\" class=\"wp-image-2006\" srcset=\"https:\/\/www.vitezi-rend.com\/wp-content\/uploads\/2021\/07\/Denk_Gusztav.png 250w, https:\/\/www.vitezi-rend.com\/wp-content\/uploads\/2021\/07\/Denk_Gusztav-10x12.png 10w\" sizes=\"(max-width: 250px) 100vw, 250px\" \/><\/figure><\/div>\n\n\n\n<p class=\"has-text-align-center\"><strong>Vit\u00e9z Guszt\u00e1v Denk de Kistorony<\/strong><br>(*Nagyszeben, March 18, 1882 \u2013 \u2020B\u00e9cs, February 25, 1960)<br>Lieutenant General, Deputy Commander-in-Chief of the Royal Hungarian Army between 1938 and 1940.<br>(Photo: Wikipedia)<\/p>\n","protected":false},"excerpt":{"rendered":"<p>Vit\u00e9z Mikl\u00f3s Horthy de Nagyb\u00e1nya(*Kenderes, June 18, 1868 \u2013 \u2020Estoril, Feruary 9, 1957)Admiral, Commander-in-Chief of the National Army, Governor of the Kingdom of Hungary, Captain General of the Order of Vit\u00e9z. (Photo: Wikipedia) Vit\u00e9z Joseph August of Habsburg-Lorraine(*Alcs\u00fat, August 9, 1872 \u2013 \u2020Rain, July 6, 1962)Royal Prince, Marshal, Governor (1919), second Captain General of the [&hellip;]<\/p>\n","protected":false},"author":1,"featured_media":0,"parent":0,"menu_order":0,"comment_status":"closed","ping_status":"closed","template":"","meta":{"_genesis_hide_title":false,"_genesis_hide_breadcrumbs":false,"_genesis_hide_singular_image":false,"_genesis_hide_footer_widgets":false,"_genesis_custom_body_class":"","_genesis_custom_post_class":"","_genesis_layout":""},"categories":[],"tags":[],"_links":{"self":[{"href":"https:\/\/www.vitezi-rend.com\/en\/wp-json\/wp\/v2\/pages\/1776"}],"collection":[{"href":"https:\/\/www.vitezi-rend.com\/en\/wp-json\/wp\/v2\/pages"}],"about":[{"href":"https:\/\/www.vitezi-rend.com\/en\/wp-json\/wp\/v2\/types\/page"}],"author":[{"embeddable":true,"href":"https:\/\/www.vitezi-rend.com\/en\/wp-json\/wp\/v2\/users\/1"}],"replies":[{"embeddable":true,"href":"https:\/\/www.vitezi-rend.com\/en\/wp-json\/wp\/v2\/comments?post=1776"}],"version-history":[{"count":22,"href":"https:\/\/www.vitezi-rend.com\/en\/wp-json\/wp\/v2\/pages\/1776\/revisions"}],"predecessor-version":[{"id":2009,"href":"https:\/\/www.vitezi-rend.com\/en\/wp-json\/wp\/v2\/pages\/1776\/revisions\/2009"}],"wp:attachment":[{"href":"https:\/\/www.vitezi-rend.com\/en\/wp-json\/wp\/v2\/media?parent=1776"}],"wp:term":[{"taxonomy":"category","embeddable":true,"href":"https:\/\/www.vitezi-rend.com\/en\/wp-json\/wp\/v2\/categories?post=1776"},{"taxonomy":"post_tag","embeddable":true,"href":"https:\/\/www.vitezi-rend.com\/en\/wp-json\/wp\/v2\/tags?post=1776"}],"curies":[{"name":"wp","href":"https:\/\/api.w.org\/{rel}","templated":true}]}}