{"id":2010,"date":"2021-07-10T12:47:43","date_gmt":"2021-07-10T11:47:43","guid":{"rendered":"https:\/\/vitezi-rend.com\/?page_id=2010"},"modified":"2022-10-18T17:47:49","modified_gmt":"2022-10-18T16:47:49","slug":"holidays-of-the-order-of-vitez","status":"publish","type":"page","link":"https:\/\/www.vitezi-rend.com\/en\/holidays-of-the-order-of-vitez\/","title":{"rendered":"Holidays of the Order of Vit\u00e9z"},"content":{"rendered":"\n<p class=\"has-text-align-center\"><strong>January 4<\/strong><br>Memorial Day of the establishment of the Royal Hungarian Army<\/p>\n\n\n\n<p class=\"has-text-align-center\"><strong>January 12<\/strong><br>Memorial Day of the Don Disaster<\/p>\n\n\n\n<p class=\"has-text-align-center\"><strong>February 25<\/strong><br>Memorial Day of the Victims of Communism<\/p>\n\n\n\n<p class=\"has-text-align-center\"><strong>March 15<\/strong><br>1848\u201349 Revolution and War of Independence<\/p>\n\n\n\n<p class=\"has-text-align-center\"><strong>April 1<\/strong><br>Death of Beatific King K\u00e1roly IV<\/p>\n\n\n\n<p class=\"has-text-align-center\"><strong>April 30<\/strong><br>The Conversion of J\u00f3zsef \u00c1rp\u00e1d to the Lord (Mass for all former Captains)<\/p>\n\n\n\n<p class=\"has-text-align-center\"><strong>last Sunday of May<\/strong><br>Memorial Day of Hungarian Heroes, \u00d3nod Parliament<\/p>\n\n\n\n<p class=\"has-text-align-center\"><strong>June 4<\/strong><br>Trianon Mourning Day, National Togetherness Day, Feast of the Holy Crown. (Main holiday of the Order)<\/p>\n\n\n\n<p class=\"has-text-align-center\"><strong>July 22<\/strong><br>Triumph of N\u00e1ndorfeh\u00e9rv\u00e1r<\/p>\n\n\n\n<p class=\"has-text-align-center\"><strong>August 20<\/strong><br>Saint Stephen&#8217;s Day<\/p>\n\n\n\n<p class=\"has-text-align-center\"><strong>September 4<\/strong><br>Reburial of Governor Mikl\u00f3s Horthy in Kenderes<\/p>\n\n\n\n<p class=\"has-text-align-center\"><strong>October 23<\/strong><br>1956 Revolution and War of Independence<\/p>\n\n\n\n<p class=\"has-text-align-center\"><strong>November 1<\/strong><br>In memory of deceased heroes &#8211; &#8220;Cake of All Saints&#8221;<\/p>\n\n\n\n<p class=\"has-text-align-center\"><strong>December 3<\/strong><br>Coronation of Beatific King K\u00e1roly IV<br><br><\/p>\n","protected":false},"excerpt":{"rendered":"<p>January 4Memorial Day of the establishment of the Royal Hungarian Army January 12Memorial Day of the Don Disaster February 25Memorial Day of the Victims of Communism March 151848\u201349 Revolution and War of Independence April 1Death of Beatific King K\u00e1roly IV April 30The Conversion of J\u00f3zsef \u00c1rp\u00e1d to the Lord (Mass for all former Captains) last [&hellip;]<\/p>\n","protected":false},"author":2,"featured_media":0,"parent":0,"menu_order":0,"comment_status":"closed","ping_status":"closed","template":"","meta":{"_genesis_hide_title":false,"_genesis_hide_breadcrumbs":false,"_genesis_hide_singular_image":false,"_genesis_hide_footer_widgets":false,"_genesis_custom_body_class":"","_genesis_custom_post_class":"","_genesis_layout":""},"categories":[],"tags":[],"_links":{"self":[{"href":"https:\/\/www.vitezi-rend.com\/en\/wp-json\/wp\/v2\/pages\/2010"}],"collection":[{"href":"https:\/\/www.vitezi-rend.com\/en\/wp-json\/wp\/v2\/pages"}],"about":[{"href":"https:\/\/www.vitezi-rend.com\/en\/wp-json\/wp\/v2\/types\/page"}],"author":[{"embeddable":true,"href":"https:\/\/www.vitezi-rend.com\/en\/wp-json\/wp\/v2\/users\/2"}],"replies":[{"embeddable":true,"href":"https:\/\/www.vitezi-rend.com\/en\/wp-json\/wp\/v2\/comments?post=2010"}],"version-history":[{"count":3,"href":"https:\/\/www.vitezi-rend.com\/en\/wp-json\/wp\/v2\/pages\/2010\/revisions"}],"predecessor-version":[{"id":2671,"href":"https:\/\/www.vitezi-rend.com\/en\/wp-json\/wp\/v2\/pages\/2010\/revisions\/2671"}],"wp:attachment":[{"href":"https:\/\/www.vitezi-rend.com\/en\/wp-json\/wp\/v2\/media?parent=2010"}],"wp:term":[{"taxonomy":"category","embeddable":true,"href":"https:\/\/www.vitezi-rend.com\/en\/wp-json\/wp\/v2\/categories?post=2010"},{"taxonomy":"post_tag","embeddable":true,"href":"https:\/\/www.vitezi-rend.com\/en\/wp-json\/wp\/v2\/tags?post=2010"}],"curies":[{"name":"wp","href":"https:\/\/api.w.org\/{rel}","templated":true}]}}