{"id":2569,"date":"2022-01-04T18:39:56","date_gmt":"2022-01-04T17:39:56","guid":{"rendered":"https:\/\/www.vitezi-rend.com\/?page_id=2569"},"modified":"2022-09-08T20:47:35","modified_gmt":"2022-09-08T19:47:35","slug":"statements","status":"publish","type":"page","link":"https:\/\/www.vitezi-rend.com\/en\/statements\/","title":{"rendered":"Statements"},"content":{"rendered":"\n<p><strong>Condolences after Elizabeth II, British monarch&#8217;s passing away (<span data-no-translation=\"\"><a href=\"https:\/\/www.vitezi-rend.com\/wp-content\/uploads\/2022\/09\/2022_09_08_condolence_EN.pdf\" class=\"rank-math-link\"><\/span>View English version<\/a>, <span data-no-translation=\"\"><a href=\"https:\/\/www.vitezi-rend.com\/wp-content\/uploads\/2022\/09\/2022_09_08_condolence_HU.pdf\" class=\"rank-math-link\"><\/span>View Hungarian version<\/a>)<\/strong><\/p>\n\n\n\n<hr style=\"border-top: 1px solid gray;\">\n\n\n\n<p><strong>Information on wearing the grand insignia of the Order of Vit\u00e9z (<span data-no-translation=\"\"><a href=\"https:\/\/www.vitezi-rend.com\/wp-content\/uploads\/2022\/08\/tajekoztatas_a VR_nagyjelvenyenek_viseleserol_EN.pdf\" class=\"rank-math-link\"><\/span>View English version<\/a>, <span data-no-translation=\"\"><a href=\"https:\/\/www.vitezi-rend.com\/wp-content\/uploads\/2022\/08\/tajekoztatas_a VR_nagyjelvenyenek_viseleserol_HU.pdf\" class=\"rank-math-link\"><\/span>View Hungarian version<\/a>)<\/strong><\/p>\n\n\n\n<hr style=\"border-top: 1px solid gray;\">\n\n\n\n<p><strong>Information on the use of the ICOC coat of arms (<span data-no-translation=\"\"><a href=\"https:\/\/www.vitezi-rend.com\/wp-content\/uploads\/2022\/01\/ICOC_cimerhasznalat.pdf\"class=\"rank-math-link\"><\/span>View Statement<\/a>)<\/strong><\/p>\n\n\n\n<hr style=\"border-top: 1px solid gray;\">\n\n\n\n<p><strong>Information on the appointment of Dr. Vit\u00e9z Nob. Chev. \u00c1d\u00e1m Berniczei-Royk\u00f3 at ICOC (<span data-no-translation=\"\"><a href=\"https:\/\/www.vitezi-rend.com\/wp-content\/uploads\/2022\/01\/fokapitany-helyettes_icoc_kinevezes_en.pdf\"class=\"rank-math-link\"><\/span>View English version<\/a>, <span data-no-translation=\"\"><a href=\"https:\/\/www.vitezi-rend.com\/wp-content\/uploads\/2022\/01\/fokapitany-helyettes_icoc_kinevezes_hu.pdf\" class=\"rank-math-link\"><\/span>View Hungarian version<\/a>)<\/strong><\/p>\n\n\n\n<hr style=\"border-top: 1px solid gray;\">\n\n\n\n<p><strong>Statement of Recognition of International Commission for Orders of Chivalry (ICOC) on the Order of Vit\u00e9z<\/strong> <strong>(<a href=\"https:\/\/vitezi-rend.com\/wp-content\/uploads\/2021\/05\/icoc_statement_en.pdf\" class=\"rank-math-link\"><strong>View English version<\/strong><\/a><strong>, <a href=\"http:\/\/www.vitezi-rend.com\/hu\/accreditation\/\" class=\"rank-math-link\">View Hungarian translation<\/a>)<\/strong><\/strong><\/p>\n\n\n\n<hr style=\"border-top: 1px solid gray;\">\n\n\n\n<p><strong>Statement of the Seat of Vit\u00e9z about membership of chivalry organizations not recognized by the ICOC, and the use of unrecognized noble titles (<a class=\"rank-math-link\" href=\"https:\/\/vitezi-rend.com\/wp-content\/uploads\/2022\/01\/statement_on_fake_chivalric_orders_and_nobiliary_titles_en.pdf\"><strong>View English version<\/strong><\/a><strong>, <strong><a class=\"rank-math-link\" href=\"https:\/\/vitezi-rend.com\/wp-content\/uploads\/2022\/01\/statement_on_fake_chivalric_orders_and_nobiliary_titles_hu.pdf\"><strong>View Hungarian version<\/strong><\/a><\/strong><\/strong>)<\/strong><br><br><\/p>\n\n\n\n<p><\/p>\n","protected":false},"excerpt":{"rendered":"<p>Condolences after Elizabeth II, British monarch&#8217;s passing away (View English version, View Hungarian version) Information on wearing the grand insignia of the Order of Vit\u00e9z (View English version, View Hungarian version) Information on the use of the ICOC coat of arms (View Statement) Information on the appointment of Dr. Vit\u00e9z Nob. Chev. \u00c1d\u00e1m Berniczei-Royk\u00f3 at [&hellip;]<\/p>\n","protected":false},"author":1,"featured_media":0,"parent":0,"menu_order":0,"comment_status":"closed","ping_status":"closed","template":"","meta":{"_genesis_hide_title":false,"_genesis_hide_breadcrumbs":false,"_genesis_hide_singular_image":false,"_genesis_hide_footer_widgets":false,"_genesis_custom_body_class":"","_genesis_custom_post_class":"","_genesis_layout":""},"categories":[],"tags":[],"_links":{"self":[{"href":"https:\/\/www.vitezi-rend.com\/en\/wp-json\/wp\/v2\/pages\/2569"}],"collection":[{"href":"https:\/\/www.vitezi-rend.com\/en\/wp-json\/wp\/v2\/pages"}],"about":[{"href":"https:\/\/www.vitezi-rend.com\/en\/wp-json\/wp\/v2\/types\/page"}],"author":[{"embeddable":true,"href":"https:\/\/www.vitezi-rend.com\/en\/wp-json\/wp\/v2\/users\/1"}],"replies":[{"embeddable":true,"href":"https:\/\/www.vitezi-rend.com\/en\/wp-json\/wp\/v2\/comments?post=2569"}],"version-history":[{"count":72,"href":"https:\/\/www.vitezi-rend.com\/en\/wp-json\/wp\/v2\/pages\/2569\/revisions"}],"predecessor-version":[{"id":3117,"href":"https:\/\/www.vitezi-rend.com\/en\/wp-json\/wp\/v2\/pages\/2569\/revisions\/3117"}],"wp:attachment":[{"href":"https:\/\/www.vitezi-rend.com\/en\/wp-json\/wp\/v2\/media?parent=2569"}],"wp:term":[{"taxonomy":"category","embeddable":true,"href":"https:\/\/www.vitezi-rend.com\/en\/wp-json\/wp\/v2\/categories?post=2569"},{"taxonomy":"post_tag","embeddable":true,"href":"https:\/\/www.vitezi-rend.com\/en\/wp-json\/wp\/v2\/tags?post=2569"}],"curies":[{"name":"wp","href":"https:\/\/api.w.org\/{rel}","templated":true}]}}