{"id":2865,"date":"2022-05-30T20:32:54","date_gmt":"2022-05-30T19:32:54","guid":{"rendered":"https:\/\/www.vitezi-rend.com\/?page_id=2865"},"modified":"2022-05-30T20:46:18","modified_gmt":"2022-05-30T19:46:18","slug":"torokszentmiklos-kenderes-may-2022","status":"publish","type":"page","link":"https:\/\/www.vitezi-rend.com\/en\/torokszentmiklos-kenderes-may-2022\/","title":{"rendered":"T\u00f6r\u00f6kszentmikl\u00f3s, Kenderes \u2013 May, 2022"},"content":{"rendered":"\n<div class=\"wp-block-image\"><figure class=\"aligncenter size-full\"><img decoding=\"async\" loading=\"lazy\" width=\"2048\" height=\"1365\" src=\"https:\/\/www.vitezi-rend.com\/wp-content\/uploads\/2022\/05\/torokszentmiklos_kenderes01.jpg\" alt=\"\" class=\"wp-image-2866\" srcset=\"https:\/\/www.vitezi-rend.com\/wp-content\/uploads\/2022\/05\/torokszentmiklos_kenderes01.jpg 2048w, https:\/\/www.vitezi-rend.com\/wp-content\/uploads\/2022\/05\/torokszentmiklos_kenderes01-300x200.jpg 300w, https:\/\/www.vitezi-rend.com\/wp-content\/uploads\/2022\/05\/torokszentmiklos_kenderes01-1024x683.jpg 1024w, https:\/\/www.vitezi-rend.com\/wp-content\/uploads\/2022\/05\/torokszentmiklos_kenderes01-768x512.jpg 768w, https:\/\/www.vitezi-rend.com\/wp-content\/uploads\/2022\/05\/torokszentmiklos_kenderes01-1536x1024.jpg 1536w, https:\/\/www.vitezi-rend.com\/wp-content\/uploads\/2022\/05\/torokszentmiklos_kenderes01-16x12.jpg 16w\" sizes=\"(max-width: 2048px) 100vw, 2048px\" \/><\/figure><\/div>\n\n\n\n<div class=\"wp-block-image\"><figure class=\"aligncenter size-full\"><img decoding=\"async\" loading=\"lazy\" width=\"2048\" height=\"1365\" src=\"https:\/\/www.vitezi-rend.com\/wp-content\/uploads\/2022\/05\/torokszentmiklos_kenderes02.jpg\" alt=\"\" class=\"wp-image-2867\" srcset=\"https:\/\/www.vitezi-rend.com\/wp-content\/uploads\/2022\/05\/torokszentmiklos_kenderes02.jpg 2048w, https:\/\/www.vitezi-rend.com\/wp-content\/uploads\/2022\/05\/torokszentmiklos_kenderes02-300x200.jpg 300w, https:\/\/www.vitezi-rend.com\/wp-content\/uploads\/2022\/05\/torokszentmiklos_kenderes02-1024x683.jpg 1024w, https:\/\/www.vitezi-rend.com\/wp-content\/uploads\/2022\/05\/torokszentmiklos_kenderes02-768x512.jpg 768w, https:\/\/www.vitezi-rend.com\/wp-content\/uploads\/2022\/05\/torokszentmiklos_kenderes02-1536x1024.jpg 1536w, https:\/\/www.vitezi-rend.com\/wp-content\/uploads\/2022\/05\/torokszentmiklos_kenderes02-16x12.jpg 16w\" sizes=\"(max-width: 2048px) 100vw, 2048px\" \/><\/figure><\/div>\n\n\n\n<div class=\"wp-block-image\"><figure class=\"aligncenter size-full\"><img decoding=\"async\" loading=\"lazy\" width=\"1341\" height=\"979\" src=\"https:\/\/www.vitezi-rend.com\/wp-content\/uploads\/2022\/05\/torokszentmiklos_kenderes03.jpg\" alt=\"\" class=\"wp-image-2868\" srcset=\"https:\/\/www.vitezi-rend.com\/wp-content\/uploads\/2022\/05\/torokszentmiklos_kenderes03.jpg 1341w, https:\/\/www.vitezi-rend.com\/wp-content\/uploads\/2022\/05\/torokszentmiklos_kenderes03-300x219.jpg 300w, https:\/\/www.vitezi-rend.com\/wp-content\/uploads\/2022\/05\/torokszentmiklos_kenderes03-1024x748.jpg 1024w, https:\/\/www.vitezi-rend.com\/wp-content\/uploads\/2022\/05\/torokszentmiklos_kenderes03-768x561.jpg 768w, https:\/\/www.vitezi-rend.com\/wp-content\/uploads\/2022\/05\/torokszentmiklos_kenderes03-16x12.jpg 16w\" sizes=\"(max-width: 1341px) 100vw, 1341px\" \/><\/figure><\/div>\n\n\n\n<div class=\"wp-block-image\"><figure class=\"aligncenter size-full\"><img decoding=\"async\" loading=\"lazy\" width=\"1596\" height=\"1483\" src=\"https:\/\/www.vitezi-rend.com\/wp-content\/uploads\/2022\/05\/torokszentmiklos_kenderes04.jpg\" alt=\"\" class=\"wp-image-2869\" srcset=\"https:\/\/www.vitezi-rend.com\/wp-content\/uploads\/2022\/05\/torokszentmiklos_kenderes04.jpg 1596w, https:\/\/www.vitezi-rend.com\/wp-content\/uploads\/2022\/05\/torokszentmiklos_kenderes04-300x279.jpg 300w, https:\/\/www.vitezi-rend.com\/wp-content\/uploads\/2022\/05\/torokszentmiklos_kenderes04-1024x951.jpg 1024w, https:\/\/www.vitezi-rend.com\/wp-content\/uploads\/2022\/05\/torokszentmiklos_kenderes04-768x714.jpg 768w, https:\/\/www.vitezi-rend.com\/wp-content\/uploads\/2022\/05\/torokszentmiklos_kenderes04-1536x1427.jpg 1536w, https:\/\/www.vitezi-rend.com\/wp-content\/uploads\/2022\/05\/torokszentmiklos_kenderes04-13x12.jpg 13w\" sizes=\"(max-width: 1596px) 100vw, 1596px\" \/><\/figure><\/div>\n\n\n\n<div class=\"wp-block-image\"><figure class=\"aligncenter size-full\"><img decoding=\"async\" loading=\"lazy\" width=\"1508\" height=\"2048\" src=\"https:\/\/www.vitezi-rend.com\/wp-content\/uploads\/2022\/05\/torokszentmiklos_kenderes05.jpg\" alt=\"\" class=\"wp-image-2870\" srcset=\"https:\/\/www.vitezi-rend.com\/wp-content\/uploads\/2022\/05\/torokszentmiklos_kenderes05.jpg 1508w, https:\/\/www.vitezi-rend.com\/wp-content\/uploads\/2022\/05\/torokszentmiklos_kenderes05-221x300.jpg 221w, https:\/\/www.vitezi-rend.com\/wp-content\/uploads\/2022\/05\/torokszentmiklos_kenderes05-754x1024.jpg 754w, https:\/\/www.vitezi-rend.com\/wp-content\/uploads\/2022\/05\/torokszentmiklos_kenderes05-768x1043.jpg 768w, https:\/\/www.vitezi-rend.com\/wp-content\/uploads\/2022\/05\/torokszentmiklos_kenderes05-1131x1536.jpg 1131w, https:\/\/www.vitezi-rend.com\/wp-content\/uploads\/2022\/05\/torokszentmiklos_kenderes05-9x12.jpg 9w\" sizes=\"(max-width: 1508px) 100vw, 1508px\" \/><\/figure><\/div>\n\n\n\n<div class=\"wp-block-image\"><figure class=\"aligncenter size-full\"><img decoding=\"async\" loading=\"lazy\" width=\"2048\" height=\"1365\" src=\"https:\/\/www.vitezi-rend.com\/wp-content\/uploads\/2022\/05\/torokszentmiklos_kenderes06.jpg\" alt=\"\" class=\"wp-image-2871\" srcset=\"https:\/\/www.vitezi-rend.com\/wp-content\/uploads\/2022\/05\/torokszentmiklos_kenderes06.jpg 2048w, https:\/\/www.vitezi-rend.com\/wp-content\/uploads\/2022\/05\/torokszentmiklos_kenderes06-300x200.jpg 300w, https:\/\/www.vitezi-rend.com\/wp-content\/uploads\/2022\/05\/torokszentmiklos_kenderes06-1024x683.jpg 1024w, https:\/\/www.vitezi-rend.com\/wp-content\/uploads\/2022\/05\/torokszentmiklos_kenderes06-768x512.jpg 768w, https:\/\/www.vitezi-rend.com\/wp-content\/uploads\/2022\/05\/torokszentmiklos_kenderes06-1536x1024.jpg 1536w, https:\/\/www.vitezi-rend.com\/wp-content\/uploads\/2022\/05\/torokszentmiklos_kenderes06-16x12.jpg 16w\" sizes=\"(max-width: 2048px) 100vw, 2048px\" \/><\/figure><\/div>\n\n\n\n<div class=\"wp-block-image\"><figure class=\"aligncenter size-full\"><img decoding=\"async\" loading=\"lazy\" width=\"2019\" height=\"1645\" src=\"https:\/\/www.vitezi-rend.com\/wp-content\/uploads\/2022\/05\/torokszentmiklos_kenderes07.jpg\" alt=\"\" class=\"wp-image-2872\" srcset=\"https:\/\/www.vitezi-rend.com\/wp-content\/uploads\/2022\/05\/torokszentmiklos_kenderes07.jpg 2019w, https:\/\/www.vitezi-rend.com\/wp-content\/uploads\/2022\/05\/torokszentmiklos_kenderes07-300x244.jpg 300w, https:\/\/www.vitezi-rend.com\/wp-content\/uploads\/2022\/05\/torokszentmiklos_kenderes07-1024x834.jpg 1024w, https:\/\/www.vitezi-rend.com\/wp-content\/uploads\/2022\/05\/torokszentmiklos_kenderes07-768x626.jpg 768w, https:\/\/www.vitezi-rend.com\/wp-content\/uploads\/2022\/05\/torokszentmiklos_kenderes07-1536x1251.jpg 1536w, https:\/\/www.vitezi-rend.com\/wp-content\/uploads\/2022\/05\/torokszentmiklos_kenderes07-16x12.jpg 16w\" sizes=\"(max-width: 2019px) 100vw, 2019px\" \/><\/figure><\/div>\n\n\n\n<div class=\"wp-block-image\"><figure class=\"aligncenter size-full\"><img decoding=\"async\" loading=\"lazy\" width=\"2048\" height=\"979\" src=\"https:\/\/www.vitezi-rend.com\/wp-content\/uploads\/2022\/05\/torokszentmiklos_kenderes08.jpg\" alt=\"\" class=\"wp-image-2873\" srcset=\"https:\/\/www.vitezi-rend.com\/wp-content\/uploads\/2022\/05\/torokszentmiklos_kenderes08.jpg 2048w, https:\/\/www.vitezi-rend.com\/wp-content\/uploads\/2022\/05\/torokszentmiklos_kenderes08-300x143.jpg 300w, https:\/\/www.vitezi-rend.com\/wp-content\/uploads\/2022\/05\/torokszentmiklos_kenderes08-1024x490.jpg 1024w, https:\/\/www.vitezi-rend.com\/wp-content\/uploads\/2022\/05\/torokszentmiklos_kenderes08-768x367.jpg 768w, https:\/\/www.vitezi-rend.com\/wp-content\/uploads\/2022\/05\/torokszentmiklos_kenderes08-1536x734.jpg 1536w, https:\/\/www.vitezi-rend.com\/wp-content\/uploads\/2022\/05\/torokszentmiklos_kenderes08-16x8.jpg 16w\" sizes=\"(max-width: 2048px) 100vw, 2048px\" \/><\/figure><\/div>\n\n\n\n<div class=\"wp-block-image\"><figure class=\"aligncenter size-full\"><img decoding=\"async\" loading=\"lazy\" width=\"922\" height=\"2048\" src=\"https:\/\/www.vitezi-rend.com\/wp-content\/uploads\/2022\/05\/torokszentmiklos_kenderes09.jpg\" alt=\"\" class=\"wp-image-2874\" srcset=\"https:\/\/www.vitezi-rend.com\/wp-content\/uploads\/2022\/05\/torokszentmiklos_kenderes09.jpg 922w, https:\/\/www.vitezi-rend.com\/wp-content\/uploads\/2022\/05\/torokszentmiklos_kenderes09-135x300.jpg 135w, https:\/\/www.vitezi-rend.com\/wp-content\/uploads\/2022\/05\/torokszentmiklos_kenderes09-461x1024.jpg 461w, https:\/\/www.vitezi-rend.com\/wp-content\/uploads\/2022\/05\/torokszentmiklos_kenderes09-768x1706.jpg 768w, https:\/\/www.vitezi-rend.com\/wp-content\/uploads\/2022\/05\/torokszentmiklos_kenderes09-692x1536.jpg 692w, https:\/\/www.vitezi-rend.com\/wp-content\/uploads\/2022\/05\/torokszentmiklos_kenderes09-5x12.jpg 5w\" sizes=\"(max-width: 922px) 100vw, 922px\" \/><\/figure><\/div>\n\n\n\n<div class=\"wp-block-image\"><figure class=\"aligncenter size-full\"><img decoding=\"async\" loading=\"lazy\" width=\"467\" height=\"640\" src=\"https:\/\/www.vitezi-rend.com\/wp-content\/uploads\/2022\/05\/torokszentmiklos_kenderes10.jpg\" alt=\"\" class=\"wp-image-2875\" srcset=\"https:\/\/www.vitezi-rend.com\/wp-content\/uploads\/2022\/05\/torokszentmiklos_kenderes10.jpg 467w, https:\/\/www.vitezi-rend.com\/wp-content\/uploads\/2022\/05\/torokszentmiklos_kenderes10-219x300.jpg 219w, https:\/\/www.vitezi-rend.com\/wp-content\/uploads\/2022\/05\/torokszentmiklos_kenderes10-9x12.jpg 9w\" sizes=\"(max-width: 467px) 100vw, 467px\" \/><\/figure><\/div>\n\n\n\n<div class=\"wp-block-image\"><figure class=\"aligncenter size-full\"><img decoding=\"async\" loading=\"lazy\" width=\"460\" height=\"640\" src=\"https:\/\/www.vitezi-rend.com\/wp-content\/uploads\/2022\/05\/torokszentmiklos_kenderes11.jpg\" alt=\"\" class=\"wp-image-2876\" srcset=\"https:\/\/www.vitezi-rend.com\/wp-content\/uploads\/2022\/05\/torokszentmiklos_kenderes11.jpg 460w, https:\/\/www.vitezi-rend.com\/wp-content\/uploads\/2022\/05\/torokszentmiklos_kenderes11-216x300.jpg 216w, https:\/\/www.vitezi-rend.com\/wp-content\/uploads\/2022\/05\/torokszentmiklos_kenderes11-9x12.jpg 9w\" sizes=\"(max-width: 460px) 100vw, 460px\" \/><\/figure><\/div>\n\n\n\n<div class=\"wp-block-image\"><figure class=\"aligncenter size-full\"><img decoding=\"async\" loading=\"lazy\" width=\"432\" height=\"640\" src=\"https:\/\/www.vitezi-rend.com\/wp-content\/uploads\/2022\/05\/torokszentmiklos_kenderes12.jpg\" alt=\"\" class=\"wp-image-2877\" srcset=\"https:\/\/www.vitezi-rend.com\/wp-content\/uploads\/2022\/05\/torokszentmiklos_kenderes12.jpg 432w, https:\/\/www.vitezi-rend.com\/wp-content\/uploads\/2022\/05\/torokszentmiklos_kenderes12-203x300.jpg 203w, https:\/\/www.vitezi-rend.com\/wp-content\/uploads\/2022\/05\/torokszentmiklos_kenderes12-8x12.jpg 8w\" sizes=\"(max-width: 432px) 100vw, 432px\" \/><\/figure><\/div>\n\n\n\n<div class=\"wp-block-image\"><figure class=\"aligncenter size-full\"><img decoding=\"async\" loading=\"lazy\" width=\"532\" height=\"640\" src=\"https:\/\/www.vitezi-rend.com\/wp-content\/uploads\/2022\/05\/torokszentmiklos_kenderes13.jpg\" alt=\"\" class=\"wp-image-2878\" srcset=\"https:\/\/www.vitezi-rend.com\/wp-content\/uploads\/2022\/05\/torokszentmiklos_kenderes13.jpg 532w, https:\/\/www.vitezi-rend.com\/wp-content\/uploads\/2022\/05\/torokszentmiklos_kenderes13-249x300.jpg 249w, https:\/\/www.vitezi-rend.com\/wp-content\/uploads\/2022\/05\/torokszentmiklos_kenderes13-10x12.jpg 10w\" sizes=\"(max-width: 532px) 100vw, 532px\" \/><\/figure><\/div>\n\n\n\n<div class=\"wp-block-image\"><figure class=\"aligncenter size-full\"><img decoding=\"async\" loading=\"lazy\" width=\"435\" height=\"640\" src=\"https:\/\/www.vitezi-rend.com\/wp-content\/uploads\/2022\/05\/torokszentmiklos_kenderes14.jpg\" alt=\"\" class=\"wp-image-2879\" srcset=\"https:\/\/www.vitezi-rend.com\/wp-content\/uploads\/2022\/05\/torokszentmiklos_kenderes14.jpg 435w, https:\/\/www.vitezi-rend.com\/wp-content\/uploads\/2022\/05\/torokszentmiklos_kenderes14-204x300.jpg 204w, https:\/\/www.vitezi-rend.com\/wp-content\/uploads\/2022\/05\/torokszentmiklos_kenderes14-8x12.jpg 8w\" sizes=\"(max-width: 435px) 100vw, 435px\" \/><\/figure><\/div>\n\n\n\n<div class=\"wp-block-image\"><figure class=\"aligncenter size-full\"><img decoding=\"async\" loading=\"lazy\" width=\"458\" height=\"640\" src=\"https:\/\/www.vitezi-rend.com\/wp-content\/uploads\/2022\/05\/torokszentmiklos_kenderes15.jpg\" alt=\"\" class=\"wp-image-2880\" srcset=\"https:\/\/www.vitezi-rend.com\/wp-content\/uploads\/2022\/05\/torokszentmiklos_kenderes15.jpg 458w, https:\/\/www.vitezi-rend.com\/wp-content\/uploads\/2022\/05\/torokszentmiklos_kenderes15-215x300.jpg 215w, https:\/\/www.vitezi-rend.com\/wp-content\/uploads\/2022\/05\/torokszentmiklos_kenderes15-9x12.jpg 9w\" sizes=\"(max-width: 458px) 100vw, 458px\" \/><\/figure><\/div>\n\n\n\n<div class=\"wp-block-image\"><figure class=\"aligncenter size-full\"><img decoding=\"async\" loading=\"lazy\" width=\"640\" height=\"424\" src=\"https:\/\/www.vitezi-rend.com\/wp-content\/uploads\/2022\/05\/torokszentmiklos_kenderes16.jpg\" alt=\"\" class=\"wp-image-2881\" srcset=\"https:\/\/www.vitezi-rend.com\/wp-content\/uploads\/2022\/05\/torokszentmiklos_kenderes16.jpg 640w, https:\/\/www.vitezi-rend.com\/wp-content\/uploads\/2022\/05\/torokszentmiklos_kenderes16-300x199.jpg 300w, https:\/\/www.vitezi-rend.com\/wp-content\/uploads\/2022\/05\/torokszentmiklos_kenderes16-16x12.jpg 16w\" sizes=\"(max-width: 640px) 100vw, 640px\" \/><\/figure><\/div>\n\n\n\n<div class=\"wp-block-image\"><figure class=\"aligncenter size-full\"><img decoding=\"async\" loading=\"lazy\" width=\"640\" height=\"462\" src=\"https:\/\/www.vitezi-rend.com\/wp-content\/uploads\/2022\/05\/torokszentmiklos_kenderes17.jpg\" alt=\"\" class=\"wp-image-2882\" srcset=\"https:\/\/www.vitezi-rend.com\/wp-content\/uploads\/2022\/05\/torokszentmiklos_kenderes17.jpg 640w, https:\/\/www.vitezi-rend.com\/wp-content\/uploads\/2022\/05\/torokszentmiklos_kenderes17-300x217.jpg 300w, https:\/\/www.vitezi-rend.com\/wp-content\/uploads\/2022\/05\/torokszentmiklos_kenderes17-16x12.jpg 16w\" sizes=\"(max-width: 640px) 100vw, 640px\" \/><\/figure><\/div>\n\n\n\n<div class=\"wp-block-image\"><figure class=\"aligncenter size-full\"><img decoding=\"async\" loading=\"lazy\" width=\"640\" height=\"541\" src=\"https:\/\/www.vitezi-rend.com\/wp-content\/uploads\/2022\/05\/torokszentmiklos_kenderes18.jpg\" alt=\"\" class=\"wp-image-2883\" srcset=\"https:\/\/www.vitezi-rend.com\/wp-content\/uploads\/2022\/05\/torokszentmiklos_kenderes18.jpg 640w, https:\/\/www.vitezi-rend.com\/wp-content\/uploads\/2022\/05\/torokszentmiklos_kenderes18-300x254.jpg 300w, https:\/\/www.vitezi-rend.com\/wp-content\/uploads\/2022\/05\/torokszentmiklos_kenderes18-14x12.jpg 14w\" sizes=\"(max-width: 640px) 100vw, 640px\" \/><\/figure><\/div>\n\n\n\n<div class=\"wp-block-image\"><figure class=\"aligncenter size-full\"><img decoding=\"async\" loading=\"lazy\" width=\"640\" height=\"630\" src=\"https:\/\/www.vitezi-rend.com\/wp-content\/uploads\/2022\/05\/torokszentmiklos_kenderes19.jpg\" alt=\"\" class=\"wp-image-2884\" srcset=\"https:\/\/www.vitezi-rend.com\/wp-content\/uploads\/2022\/05\/torokszentmiklos_kenderes19.jpg 640w, https:\/\/www.vitezi-rend.com\/wp-content\/uploads\/2022\/05\/torokszentmiklos_kenderes19-300x295.jpg 300w, https:\/\/www.vitezi-rend.com\/wp-content\/uploads\/2022\/05\/torokszentmiklos_kenderes19-12x12.jpg 12w\" sizes=\"(max-width: 640px) 100vw, 640px\" \/><\/figure><\/div>\n\n\n\n<div class=\"wp-block-image\"><figure class=\"aligncenter size-full\"><img decoding=\"async\" loading=\"lazy\" width=\"480\" height=\"640\" src=\"https:\/\/www.vitezi-rend.com\/wp-content\/uploads\/2022\/05\/torokszentmiklos_kenderes20.jpg\" alt=\"\" class=\"wp-image-2885\" srcset=\"https:\/\/www.vitezi-rend.com\/wp-content\/uploads\/2022\/05\/torokszentmiklos_kenderes20.jpg 480w, https:\/\/www.vitezi-rend.com\/wp-content\/uploads\/2022\/05\/torokszentmiklos_kenderes20-225x300.jpg 225w, https:\/\/www.vitezi-rend.com\/wp-content\/uploads\/2022\/05\/torokszentmiklos_kenderes20-9x12.jpg 9w\" sizes=\"(max-width: 480px) 100vw, 480px\" \/><\/figure><\/div>\n\n\n\n<div class=\"wp-block-image\"><figure class=\"aligncenter size-full\"><img decoding=\"async\" loading=\"lazy\" width=\"511\" height=\"640\" src=\"https:\/\/www.vitezi-rend.com\/wp-content\/uploads\/2022\/05\/torokszentmiklos_kenderes21.jpg\" alt=\"\" class=\"wp-image-2886\" srcset=\"https:\/\/www.vitezi-rend.com\/wp-content\/uploads\/2022\/05\/torokszentmiklos_kenderes21.jpg 511w, https:\/\/www.vitezi-rend.com\/wp-content\/uploads\/2022\/05\/torokszentmiklos_kenderes21-240x300.jpg 240w, https:\/\/www.vitezi-rend.com\/wp-content\/uploads\/2022\/05\/torokszentmiklos_kenderes21-10x12.jpg 10w\" sizes=\"(max-width: 511px) 100vw, 511px\" \/><\/figure><\/div>\n\n\n\n<div class=\"wp-block-image\"><figure class=\"aligncenter size-full\"><img decoding=\"async\" loading=\"lazy\" width=\"640\" height=\"508\" src=\"https:\/\/www.vitezi-rend.com\/wp-content\/uploads\/2022\/05\/torokszentmiklos_kenderes22.jpg\" alt=\"\" class=\"wp-image-2887\" srcset=\"https:\/\/www.vitezi-rend.com\/wp-content\/uploads\/2022\/05\/torokszentmiklos_kenderes22.jpg 640w, https:\/\/www.vitezi-rend.com\/wp-content\/uploads\/2022\/05\/torokszentmiklos_kenderes22-300x238.jpg 300w, https:\/\/www.vitezi-rend.com\/wp-content\/uploads\/2022\/05\/torokszentmiklos_kenderes22-16x12.jpg 16w\" sizes=\"(max-width: 640px) 100vw, 640px\" \/><\/figure><\/div>\n\n\n\n<div class=\"wp-block-image\"><figure class=\"aligncenter size-full\"><img decoding=\"async\" loading=\"lazy\" width=\"640\" height=\"617\" src=\"https:\/\/www.vitezi-rend.com\/wp-content\/uploads\/2022\/05\/torokszentmiklos_kenderes23.jpg\" alt=\"\" class=\"wp-image-2888\" srcset=\"https:\/\/www.vitezi-rend.com\/wp-content\/uploads\/2022\/05\/torokszentmiklos_kenderes23.jpg 640w, https:\/\/www.vitezi-rend.com\/wp-content\/uploads\/2022\/05\/torokszentmiklos_kenderes23-300x289.jpg 300w, https:\/\/www.vitezi-rend.com\/wp-content\/uploads\/2022\/05\/torokszentmiklos_kenderes23-12x12.jpg 12w\" sizes=\"(max-width: 640px) 100vw, 640px\" \/><\/figure><\/div>\n\n\n\n<div class=\"wp-block-image\"><figure class=\"aligncenter size-full\"><img decoding=\"async\" loading=\"lazy\" width=\"640\" height=\"396\" src=\"https:\/\/www.vitezi-rend.com\/wp-content\/uploads\/2022\/05\/torokszentmiklos_kenderes24.jpg\" alt=\"\" class=\"wp-image-2889\" srcset=\"https:\/\/www.vitezi-rend.com\/wp-content\/uploads\/2022\/05\/torokszentmiklos_kenderes24.jpg 640w, https:\/\/www.vitezi-rend.com\/wp-content\/uploads\/2022\/05\/torokszentmiklos_kenderes24-300x186.jpg 300w, https:\/\/www.vitezi-rend.com\/wp-content\/uploads\/2022\/05\/torokszentmiklos_kenderes24-16x10.jpg 16w\" sizes=\"(max-width: 640px) 100vw, 640px\" \/><\/figure><\/div>\n\n\n\n<div class=\"wp-block-image\"><figure class=\"aligncenter size-full\"><img decoding=\"async\" loading=\"lazy\" width=\"485\" height=\"486\" src=\"https:\/\/www.vitezi-rend.com\/wp-content\/uploads\/2022\/05\/torokszentmiklos_kenderes25.jpg\" alt=\"\" class=\"wp-image-2890\" srcset=\"https:\/\/www.vitezi-rend.com\/wp-content\/uploads\/2022\/05\/torokszentmiklos_kenderes25.jpg 485w, https:\/\/www.vitezi-rend.com\/wp-content\/uploads\/2022\/05\/torokszentmiklos_kenderes25-300x300.jpg 300w, https:\/\/www.vitezi-rend.com\/wp-content\/uploads\/2022\/05\/torokszentmiklos_kenderes25-150x150.jpg 150w, https:\/\/www.vitezi-rend.com\/wp-content\/uploads\/2022\/05\/torokszentmiklos_kenderes25-12x12.jpg 12w\" sizes=\"(max-width: 485px) 100vw, 485px\" \/><\/figure><\/div>\n\n\n\n<div class=\"wp-block-image\"><figure class=\"aligncenter size-full\"><img decoding=\"async\" loading=\"lazy\" width=\"594\" height=\"640\" src=\"https:\/\/www.vitezi-rend.com\/wp-content\/uploads\/2022\/05\/torokszentmiklos_kenderes26.jpg\" alt=\"\" class=\"wp-image-2891\" srcset=\"https:\/\/www.vitezi-rend.com\/wp-content\/uploads\/2022\/05\/torokszentmiklos_kenderes26.jpg 594w, https:\/\/www.vitezi-rend.com\/wp-content\/uploads\/2022\/05\/torokszentmiklos_kenderes26-278x300.jpg 278w, https:\/\/www.vitezi-rend.com\/wp-content\/uploads\/2022\/05\/torokszentmiklos_kenderes26-11x12.jpg 11w\" sizes=\"(max-width: 594px) 100vw, 594px\" \/><\/figure><\/div>\n\n\n\n<div class=\"wp-block-image\"><figure class=\"aligncenter size-full\"><img decoding=\"async\" loading=\"lazy\" width=\"293\" height=\"640\" src=\"https:\/\/www.vitezi-rend.com\/wp-content\/uploads\/2022\/05\/torokszentmiklos_kenderes27.jpg\" alt=\"\" class=\"wp-image-2892\" srcset=\"https:\/\/www.vitezi-rend.com\/wp-content\/uploads\/2022\/05\/torokszentmiklos_kenderes27.jpg 293w, https:\/\/www.vitezi-rend.com\/wp-content\/uploads\/2022\/05\/torokszentmiklos_kenderes27-137x300.jpg 137w, https:\/\/www.vitezi-rend.com\/wp-content\/uploads\/2022\/05\/torokszentmiklos_kenderes27-5x12.jpg 5w\" sizes=\"(max-width: 293px) 100vw, 293px\" \/><\/figure><\/div>\n\n\n\n<div class=\"wp-block-image\"><figure class=\"aligncenter size-full\"><img decoding=\"async\" loading=\"lazy\" width=\"640\" height=\"428\" src=\"https:\/\/www.vitezi-rend.com\/wp-content\/uploads\/2022\/05\/torokszentmiklos_kenderes28.jpg\" alt=\"\" class=\"wp-image-2893\" srcset=\"https:\/\/www.vitezi-rend.com\/wp-content\/uploads\/2022\/05\/torokszentmiklos_kenderes28.jpg 640w, https:\/\/www.vitezi-rend.com\/wp-content\/uploads\/2022\/05\/torokszentmiklos_kenderes28-300x201.jpg 300w, https:\/\/www.vitezi-rend.com\/wp-content\/uploads\/2022\/05\/torokszentmiklos_kenderes28-16x12.jpg 16w\" sizes=\"(max-width: 640px) 100vw, 640px\" \/><\/figure><\/div>\n\n\n\n<div class=\"wp-block-image\"><figure class=\"aligncenter size-full\"><img decoding=\"async\" loading=\"lazy\" width=\"640\" height=\"428\" src=\"https:\/\/www.vitezi-rend.com\/wp-content\/uploads\/2022\/05\/torokszentmiklos_kenderes29.jpg\" alt=\"\" class=\"wp-image-2894\" srcset=\"https:\/\/www.vitezi-rend.com\/wp-content\/uploads\/2022\/05\/torokszentmiklos_kenderes29.jpg 640w, https:\/\/www.vitezi-rend.com\/wp-content\/uploads\/2022\/05\/torokszentmiklos_kenderes29-300x201.jpg 300w, https:\/\/www.vitezi-rend.com\/wp-content\/uploads\/2022\/05\/torokszentmiklos_kenderes29-16x12.jpg 16w\" sizes=\"(max-width: 640px) 100vw, 640px\" \/><\/figure><\/div>\n","protected":false},"excerpt":{"rendered":"","protected":false},"author":1,"featured_media":0,"parent":0,"menu_order":0,"comment_status":"closed","ping_status":"closed","template":"","meta":{"_genesis_hide_title":false,"_genesis_hide_breadcrumbs":false,"_genesis_hide_singular_image":false,"_genesis_hide_footer_widgets":false,"_genesis_custom_body_class":"","_genesis_custom_post_class":"","_genesis_layout":""},"categories":[],"tags":[],"_links":{"self":[{"href":"https:\/\/www.vitezi-rend.com\/en\/wp-json\/wp\/v2\/pages\/2865"}],"collection":[{"href":"https:\/\/www.vitezi-rend.com\/en\/wp-json\/wp\/v2\/pages"}],"about":[{"href":"https:\/\/www.vitezi-rend.com\/en\/wp-json\/wp\/v2\/types\/page"}],"author":[{"embeddable":true,"href":"https:\/\/www.vitezi-rend.com\/en\/wp-json\/wp\/v2\/users\/1"}],"replies":[{"embeddable":true,"href":"https:\/\/www.vitezi-rend.com\/en\/wp-json\/wp\/v2\/comments?post=2865"}],"version-history":[{"count":5,"href":"https:\/\/www.vitezi-rend.com\/en\/wp-json\/wp\/v2\/pages\/2865\/revisions"}],"predecessor-version":[{"id":2900,"href":"https:\/\/www.vitezi-rend.com\/en\/wp-json\/wp\/v2\/pages\/2865\/revisions\/2900"}],"wp:attachment":[{"href":"https:\/\/www.vitezi-rend.com\/en\/wp-json\/wp\/v2\/media?parent=2865"}],"wp:term":[{"taxonomy":"category","embeddable":true,"href":"https:\/\/www.vitezi-rend.com\/en\/wp-json\/wp\/v2\/categories?post=2865"},{"taxonomy":"post_tag","embeddable":true,"href":"https:\/\/www.vitezi-rend.com\/en\/wp-json\/wp\/v2\/tags?post=2865"}],"curies":[{"name":"wp","href":"https:\/\/api.w.org\/{rel}","templated":true}]}}