{"id":1017,"date":"2021-02-28T20:33:10","date_gmt":"2021-02-28T19:33:10","guid":{"rendered":"https:\/\/vitezi-rend.com\/?page_id=1017"},"modified":"2021-03-15T20:48:50","modified_gmt":"2021-03-15T19:48:50","slug":"heraldic-usage-in-the-order-of-vitez","status":"publish","type":"page","link":"https:\/\/www.vitezi-rend.com\/hu\/heraldic-usage-in-the-order-of-vitez\/","title":{"rendered":"C\u00edmerhaszn\u00e1lat a Vit\u00e9zi Rendben"},"content":{"rendered":"<p class=\"has-text-align-center\"><em>Szerz\u0151: prof. dr. vit\u00e9z nemes borg\u00f3i \u00e9s nagysik\u00e1rl\u00f3i K\u00f3czy T. L\u00e1szl\u00f3, sz\u00e9ki bir\u00f3 t\u00f6rzskapit\u00e1ny<\/em><\/p>\n\n\n\n<p>Mivel a Vit\u00e9zi Rend magyar alap\u00edt\u00e1s\u00fa rend, a c\u00edmerhaszn\u00e1latra vonatkoz\u00f3 szab\u00e1lyok a magyar t\u00f6rt\u00e9nelmi c\u00edmerhaszn\u00e1lattal egyeznek.<\/p>\n\n\n\n<p>Nemesi c\u00edmert azok a tagok haszn\u00e1lhatnak, akik atyai (agnatikus) t\u00f6rv\u00e9nyes \u00e1gon magyar, vagy k\u00fclf\u00f6ldi nemes \u0151st\u0151l sz\u00e1rmaznak, akinek valamely uralkod\u00f3 c\u00edmerhaszn\u00e1lati jogot adom\u00e1nyozott, vagy akinek a csal\u00e1dj\u00e1ban ezt a jogot az elm\u00falt \u00e9vsz\u00e1zadok \u00fazusa bizony\u00edthat\u00f3an szentes\u00edtett. E csal\u00e1dok lesz\u00e1rmazottai jogosultak a nemesi c\u00edmer\u00fck fel\u00e9kes\u00edt\u00e9s\u00e9re a Rend rangjuknak megfelel\u0151 rendjel\u00e9vel vagy rendjeleivel, f\u00fcggetlen\u00fcl att\u00f3l, hogy tiszti vagy leg\u00e9nys\u00e9gi, jogi, kegyelmi vagy tiszteletbeli vit\u00e9zek. A nemesi c\u00edmereken, a t\u00f6bbnyire p\u00e1ntos tornasisakon vagy sisakokon nemesi korona helyezkedik el (azaz, az arany koron\u00e1n v\u00e1ltakozva h\u00e1rom lev\u00e9l \u00e9s k\u00e9t gy\u00f6ngy, vagy \u00fajabb csal\u00e1dokn\u00e1l, \u00f6t gy\u00f6ngy l\u00e1that\u00f3). E korona felett indul az estleges sisakd\u00edsz (melyet nem minden csal\u00e1d haszn\u00e1lt). F\u0151nemesi c\u00edmerek pajzsa felett elhelyezhet\u0151 b\u00e1r\u00f3i (h\u00e9t\u00e1g\u00fa), gr\u00f3fi (kilenc\u00e1g\u00fa) vagy hercegi (tizenegy \u00e1g\u00fa nyitott, vagy z\u00e1rt hercegi) korona, ekkor azonban a heraldika hagyom\u00e1nyai szerint nem illik sisakot \u00e1ll\u00edtani a korona f\u00f6l\u00e9. A f\u0151hercegi \u00e9s kir\u00e1lyi hercegi m\u00e9lt\u00f3s\u00e1ggal b\u00edr\u00f3 rendtagok \u00e9rtelemszer\u0171en, saj\u00e1t dinaszti\u00e1juk koron\u00e1s c\u00edmer\u00e9t haszn\u00e1lj\u00e1k.<\/p>\n\n\n\n<p>Azok a nemesek, akik nem rendelkeznek csal\u00e1di c\u00edmerrel, elj\u00e1rhatnak \u00fagy, mint a nem nemesek, vagy nemesi koron\u00e1val d\u00edsz\u00edthetik pajzsban elhelyezett monogramjukat. (Ilyenek az \u00fagynevezett simplex nobilitati\u00f3t nyert nemesek.)<\/p>\n\n\n\n<p>A nemesi c\u00edmerrel nem rendelkez\u0151k vagy saj\u00e1t csal\u00e1di polg\u00e1ri c\u00edmer\u00fcket haszn\u00e1lhatj\u00e1k, vagy k\u00f6vethetik azt a hagyom\u00e1nyt mely egyes esetekben a magyar m\u00faltb\u00f3l ismert: \u00faj polg\u00e1ri c\u00edmert vehetnek fel. A polg\u00e1ri c\u00edmer legyen \u00edzl\u00e9ses, a heraldika szab\u00e1lyainak megfelel\u0151, \u00e9s a pajzs felett z\u00e1rt sisak helyezkedj\u00e9k el, melyen heraldikai t\u00e1rcsa l\u00e1that\u00f3. E c\u00edmer sose s\u00e9rtse azon csal\u00e1dok c\u00edmerhaszn\u00e1lat\u00e1t, amelyek uralkod\u00f3i adom\u00e1ny r\u00e9v\u00e9n b\u00edrnak ilyennel! (Azokkal ne egyezz\u00e9k, vagy ne hasonl\u00edtson r\u00e1juk t\u00fals\u00e1gosan, hacsak valamilyen v\u00e9r szerinti lesz\u00e1rmaz\u00e1s nem k\u00f6ti a csal\u00e1dhoz, ekkor azonban a csal\u00e1d k\u00e9pvisel\u0151j\u00e9nek beleegyez\u00e9se sz\u00fcks\u00e9ges.)<\/p>\n\n\n\n<p>Minden rendtagnak, aki c\u00edmerrel nem rendelkezik, joga van a vit\u00e9zi rendi c\u00edmert haszn\u00e1lni mintegy saj\u00e1t szem\u00e9lyes vit\u00e9zi c\u00edmerek\u00e9nt.<\/p>\n\n\n\n<p>A Rend tiszts\u00e9gvisel\u0151i, a K\u00f3dexben r\u00f6gz\u00edtett szab\u00e1lyok szerint, c\u00edmer\u00fcket a rangjelz\u0151 szimb\u00f3lumokkal (marsallbot, kard, a c\u00edmert \u00f6vez\u0151 vagy azon f\u00fcgg\u0151 megfelel\u0151 fokozat\u00fa rendjel) \u00e9kes\u00edtik. Minden rendtag haszn\u00e1lja a rendi mellc\u00edmert, mint rendjelet, hasonl\u00f3an a rendjelekhez, de saj\u00e1t c\u00edmere alatt elhelyezve.<\/p>\n\n\n\n<p>Rendtag nemesi c\u00edmer\u00e9t \u00e9s annak haszn\u00e1lati jogosults\u00e1g\u00e1t a VR Heraldikai \u00e9s Geneal\u00f3giai Bizotts\u00e1ga ellen\u0151rzi. Az \u00fajonnan felvett polg\u00e1ri c\u00edmert a VR Heraldikai \u00e9s Geneal\u00f3giai Bizotts\u00e1ga megvizsg\u00e1lja \u00e9s j\u00f3v\u00e1hagyja.<\/p>\n\n\n\n<hr style=\"border-top: 1px solid gray;\">\n\n\n\n<div class=\"wp-block-image\"><figure class=\"aligncenter size-full is-resized\"><img decoding=\"async\" loading=\"lazy\" src=\"https:\/\/vitezi-rend.com\/wp-content\/uploads\/2021\/03\/coat_of_armes2.jpg\" alt=\"\" class=\"wp-image-1387\" width=\"1536\" height=\"1130\" srcset=\"https:\/\/www.vitezi-rend.com\/wp-content\/uploads\/2021\/03\/coat_of_armes2.jpg 2048w, https:\/\/www.vitezi-rend.com\/wp-content\/uploads\/2021\/03\/coat_of_armes2-300x221.jpg 300w, https:\/\/www.vitezi-rend.com\/wp-content\/uploads\/2021\/03\/coat_of_armes2-1024x754.jpg 1024w, https:\/\/www.vitezi-rend.com\/wp-content\/uploads\/2021\/03\/coat_of_armes2-768x565.jpg 768w, https:\/\/www.vitezi-rend.com\/wp-content\/uploads\/2021\/03\/coat_of_armes2-1536x1130.jpg 1536w, https:\/\/www.vitezi-rend.com\/wp-content\/uploads\/2021\/03\/coat_of_armes2-16x12.jpg 16w\" sizes=\"(max-width: 1536px) 100vw, 1536px\" \/><figcaption>A Rend egyes tiszts\u00e9gvisel\u0151inek nemesi c\u00edmere<\/figcaption><\/figure><\/div>","protected":false},"excerpt":{"rendered":"<p>Author: Prof. Dr. Vit\u00e9z Nemes L\u00e1szl\u00f3 T. K\u00f3czy de Borg\u00f3 et Nagysik\u00e1rl\u00f3, Staff Captain, Judge of the Seat The Order of Vit\u00e9z is a Hungarian founded order and its heraldic regulations are identical with the rules of historical heraldic usage of Hungary. Those members who descend legitimately and on the father\u2019s side (agnatically) from a [&hellip;]<\/p>","protected":false},"author":2,"featured_media":0,"parent":0,"menu_order":0,"comment_status":"closed","ping_status":"closed","template":"","meta":{"_genesis_hide_title":false,"_genesis_hide_breadcrumbs":false,"_genesis_hide_singular_image":false,"_genesis_hide_footer_widgets":false,"_genesis_custom_body_class":"","_genesis_custom_post_class":"","_genesis_layout":""},"categories":[],"tags":[],"_links":{"self":[{"href":"https:\/\/www.vitezi-rend.com\/hu\/wp-json\/wp\/v2\/pages\/1017"}],"collection":[{"href":"https:\/\/www.vitezi-rend.com\/hu\/wp-json\/wp\/v2\/pages"}],"about":[{"href":"https:\/\/www.vitezi-rend.com\/hu\/wp-json\/wp\/v2\/types\/page"}],"author":[{"embeddable":true,"href":"https:\/\/www.vitezi-rend.com\/hu\/wp-json\/wp\/v2\/users\/2"}],"replies":[{"embeddable":true,"href":"https:\/\/www.vitezi-rend.com\/hu\/wp-json\/wp\/v2\/comments?post=1017"}],"version-history":[{"count":16,"href":"https:\/\/www.vitezi-rend.com\/hu\/wp-json\/wp\/v2\/pages\/1017\/revisions"}],"predecessor-version":[{"id":1398,"href":"https:\/\/www.vitezi-rend.com\/hu\/wp-json\/wp\/v2\/pages\/1017\/revisions\/1398"}],"wp:attachment":[{"href":"https:\/\/www.vitezi-rend.com\/hu\/wp-json\/wp\/v2\/media?parent=1017"}],"wp:term":[{"taxonomy":"category","embeddable":true,"href":"https:\/\/www.vitezi-rend.com\/hu\/wp-json\/wp\/v2\/categories?post=1017"},{"taxonomy":"post_tag","embeddable":true,"href":"https:\/\/www.vitezi-rend.com\/hu\/wp-json\/wp\/v2\/tags?post=1017"}],"curies":[{"name":"wp","href":"https:\/\/api.w.org\/{rel}","templated":true}]}}