{"id":1776,"date":"2021-05-31T18:29:33","date_gmt":"2021-05-31T17:29:33","guid":{"rendered":"https:\/\/vitezi-rend.com\/?page_id=1776"},"modified":"2022-10-18T17:48:30","modified_gmt":"2022-10-18T16:48:30","slug":"portrait-gallery-of-famous-members-of-the-order","status":"publish","type":"page","link":"https:\/\/www.vitezi-rend.com\/hu\/portrait-gallery-of-famous-members-of-the-order\/","title":{"rendered":"H\u00edres Vit\u00e9zek Arck\u00e9pcsarnoka"},"content":{"rendered":"<div class=\"wp-block-image\"><figure class=\"aligncenter size-large is-resized\"><img decoding=\"async\" loading=\"lazy\" src=\"https:\/\/vitezi-rend.com\/wp-content\/uploads\/2021\/05\/Horthy_Miklos.jpg\" alt=\"\" class=\"wp-image-1777\" width=\"439\" height=\"424\" srcset=\"https:\/\/www.vitezi-rend.com\/wp-content\/uploads\/2021\/05\/Horthy_Miklos.jpg 878w, https:\/\/www.vitezi-rend.com\/wp-content\/uploads\/2021\/05\/Horthy_Miklos-300x290.jpg 300w, https:\/\/www.vitezi-rend.com\/wp-content\/uploads\/2021\/05\/Horthy_Miklos-768x742.jpg 768w, https:\/\/www.vitezi-rend.com\/wp-content\/uploads\/2021\/05\/Horthy_Miklos-12x12.jpg 12w\" sizes=\"(max-width: 439px) 100vw, 439px\" \/><\/figure><\/div>\n\n\n\n<p class=\"has-text-align-center\"><strong>vit\u00e9z nagyb\u00e1nyai Horthy Mikl\u00f3s<\/strong><br>(*Kenderes, 1868. j\u00fanius 18. \u2013 \u2020Estoril, 1957. febru\u00e1r 9.)<br>Altengernagy, a Nemzeti Hadsereg f\u0151vez\u00e9re, a Magyar Kir\u00e1lys\u00e1g korm\u00e1nyz\u00f3ja, a Vit\u00e9zi Rend alap\u00edt\u00f3 f\u0151kapit\u00e1nya. <br>(Fot\u00f3: Wikipedia)<\/p>\n\n\n\n<hr style=\"border-top: 1px solid gray;\">\n\n\n\n<p><\/p>\n\n\n\n<div class=\"wp-block-image\"><figure class=\"aligncenter size-large is-resized\"><img decoding=\"async\" loading=\"lazy\" src=\"https:\/\/vitezi-rend.com\/wp-content\/uploads\/2021\/05\/Habsburg-Lotharingiai_Jozsef_Agost.jpg\" alt=\"\" class=\"wp-image-1781\" width=\"300\" height=\"399\" srcset=\"https:\/\/www.vitezi-rend.com\/wp-content\/uploads\/2021\/05\/Habsburg-Lotharingiai_Jozsef_Agost.jpg 300w, https:\/\/www.vitezi-rend.com\/wp-content\/uploads\/2021\/05\/Habsburg-Lotharingiai_Jozsef_Agost-226x300.jpg 226w, https:\/\/www.vitezi-rend.com\/wp-content\/uploads\/2021\/05\/Habsburg-Lotharingiai_Jozsef_Agost-9x12.jpg 9w\" sizes=\"(max-width: 300px) 100vw, 300px\" \/><\/figure><\/div>\n\n\n\n<p class=\"has-text-align-center\"><strong>vit\u00e9z Habsburg-Lotharingiai J\u00f3zsef \u00c1gost<\/strong><br>(*Alcs\u00fat, 1872. augusztus 9. \u2013 \u2020Rain, 1962. j\u00falius 6.)<br>Kir\u00e1lyi herceg, t\u00e1bornagy, korm\u00e1nyz\u00f3 (1919), a Vit\u00e9zi Rend m\u00e1sodik f\u0151kapit\u00e1nya. <br>(Fot\u00f3: Wikipedia)<\/p>\n\n\n\n<hr style=\"border-top: 1px solid gray;\">\n\n\n\n<div class=\"wp-block-image\"><figure class=\"aligncenter size-large is-resized\"><img decoding=\"async\" loading=\"lazy\" src=\"https:\/\/vitezi-rend.com\/wp-content\/uploads\/2021\/05\/Farkas_Ferenc-599x1024.jpg\" alt=\"\" class=\"wp-image-1791\" width=\"300\" height=\"512\" srcset=\"https:\/\/www.vitezi-rend.com\/wp-content\/uploads\/2021\/05\/Farkas_Ferenc-599x1024.jpg 599w, https:\/\/www.vitezi-rend.com\/wp-content\/uploads\/2021\/05\/Farkas_Ferenc-176x300.jpg 176w, https:\/\/www.vitezi-rend.com\/wp-content\/uploads\/2021\/05\/Farkas_Ferenc-768x1312.jpg 768w, https:\/\/www.vitezi-rend.com\/wp-content\/uploads\/2021\/05\/Farkas_Ferenc-899x1536.jpg 899w, https:\/\/www.vitezi-rend.com\/wp-content\/uploads\/2021\/05\/Farkas_Ferenc-7x12.jpg 7w, https:\/\/www.vitezi-rend.com\/wp-content\/uploads\/2021\/05\/Farkas_Ferenc.jpg 963w\" sizes=\"(max-width: 300px) 100vw, 300px\" \/><\/figure><\/div>\n\n\n\n<p class=\"has-text-align-center\"><strong>vit\u00e9z kisbarnaki Farkas Ferenc<\/strong><br>(*Kismarton, 1892. m\u00e1jus 27. \u2013 \u2020Arnstorf, 1980. \u00e1prilis 14.)<br>Vez\u00e9rezredes, cserk\u00e9szvezet\u0151, a Ludovika Akad\u00e9mia parancsnoka (1938\u20131943). 1962 \u00e9s 1977 k\u00f6z\u00f6tt a Vit\u00e9zi Rend (harmadik) f\u0151kapit\u00e1nya. <br>(Fot\u00f3: Keller J\u00e1nos, Wikipedia)<\/p>\n\n\n\n<hr style=\"border-top: 1px solid gray;\">\n\n\n\n<div class=\"wp-block-image\"><figure class=\"aligncenter size-large is-resized\"><img decoding=\"async\" loading=\"lazy\" src=\"https:\/\/vitezi-rend.com\/wp-content\/uploads\/2021\/06\/Revy_Kalman-719x1024.jpg\" alt=\"\" class=\"wp-image-1944\" width=\"360\" height=\"512\" srcset=\"https:\/\/www.vitezi-rend.com\/wp-content\/uploads\/2021\/06\/Revy_Kalman-719x1024.jpg 719w, https:\/\/www.vitezi-rend.com\/wp-content\/uploads\/2021\/06\/Revy_Kalman-211x300.jpg 211w, https:\/\/www.vitezi-rend.com\/wp-content\/uploads\/2021\/06\/Revy_Kalman-768x1094.jpg 768w, https:\/\/www.vitezi-rend.com\/wp-content\/uploads\/2021\/06\/Revy_Kalman-8x12.jpg 8w, https:\/\/www.vitezi-rend.com\/wp-content\/uploads\/2021\/06\/Revy_Kalman.jpg 957w\" sizes=\"(max-width: 360px) 100vw, 360px\" \/><\/figure><\/div>\n\n\n\n<p class=\"has-text-align-center\"><strong>vit\u00e9z domb\u00f3v\u00e1ri R\u00e9vy K\u00e1lm\u00e1n<\/strong><br>(*Budapest, 1877. m\u00e1rcius 14. \u2013 \u2020Budapest, 1949. febru\u00e1r 9.)<br>Alt\u00e1bornagy, c\u00edmzetes gyalogs\u00e1gi t\u00e1bornok, a Ludovika Akad\u00e9mia parancsnoka (1919\u22121925) <br>(Fot\u00f3: Strelisky S\u00e1ndor, Wikipedia)<\/p>\n\n\n\n<hr style=\"border-top: 1px solid gray;\">\n\n\n\n<div class=\"wp-block-image\"><figure class=\"aligncenter size-large is-resized\"><img decoding=\"async\" loading=\"lazy\" src=\"https:\/\/vitezi-rend.com\/wp-content\/uploads\/2021\/06\/Sipos_Arpad-699x1024.jpg\" alt=\"\" class=\"wp-image-1946\" width=\"350\" height=\"512\" srcset=\"https:\/\/www.vitezi-rend.com\/wp-content\/uploads\/2021\/06\/Sipos_Arpad-699x1024.jpg 699w, https:\/\/www.vitezi-rend.com\/wp-content\/uploads\/2021\/06\/Sipos_Arpad-205x300.jpg 205w, https:\/\/www.vitezi-rend.com\/wp-content\/uploads\/2021\/06\/Sipos_Arpad-768x1125.jpg 768w, https:\/\/www.vitezi-rend.com\/wp-content\/uploads\/2021\/06\/Sipos_Arpad-8x12.jpg 8w, https:\/\/www.vitezi-rend.com\/wp-content\/uploads\/2021\/06\/Sipos_Arpad.jpg 866w\" sizes=\"(max-width: 350px) 100vw, 350px\" \/><\/figure><\/div>\n\n\n\n<p class=\"has-text-align-center\"><strong>vit\u00e9z Sipos \u00c1rp\u00e1d<\/strong><br>(*Nagyv\u00e1rad, 1879. augusztus 1. \u2212 \u2020Budapest, 1950. m\u00e1rcius 8.)<br>Alt\u00e1bornagy, a Ludovika Akad\u00e9mia parancsnoka (1925\u20131928). <br>(Fot\u00f3: Halmi B\u00e9la, Wikipedia)<\/p>\n\n\n\n<hr style=\"border-top: 1px solid gray;\">\n\n\n\n<div class=\"wp-block-image\"><figure class=\"aligncenter size-large is-resized\"><img decoding=\"async\" loading=\"lazy\" src=\"https:\/\/vitezi-rend.com\/wp-content\/uploads\/2021\/06\/Szinay_Bela-579x1024.jpg\" alt=\"\" class=\"wp-image-1950\" width=\"290\" height=\"512\" srcset=\"https:\/\/www.vitezi-rend.com\/wp-content\/uploads\/2021\/06\/Szinay_Bela-579x1024.jpg 579w, https:\/\/www.vitezi-rend.com\/wp-content\/uploads\/2021\/06\/Szinay_Bela-170x300.jpg 170w, https:\/\/www.vitezi-rend.com\/wp-content\/uploads\/2021\/06\/Szinay_Bela-7x12.jpg 7w, https:\/\/www.vitezi-rend.com\/wp-content\/uploads\/2021\/06\/Szinay_Bela.jpg 621w\" sizes=\"(max-width: 290px) 100vw, 290px\" \/><\/figure><\/div>\n\n\n\n<p class=\"has-text-align-center\"><strong>vit\u00e9z Szinay B\u00e9la<\/strong><br>(*Eger, 1880. j\u00fanius 9. \u2212 \u2020Budapest, 1948. szeptember 8.)<br>Alt\u00e1bornagy, a Ludovika Akad\u00e9mia parancsnoka (1928\u20131931). <br>(Fot\u00f3: Goszleth Istv\u00e1n \u00e9s Fia, Wikipedia)<\/p>\n\n\n\n<hr style=\"border-top: 1px solid gray;\">\n\n\n\n<div class=\"wp-block-image\"><figure class=\"aligncenter size-large is-resized\"><img decoding=\"async\" loading=\"lazy\" src=\"https:\/\/vitezi-rend.com\/wp-content\/uploads\/2021\/07\/Jany_Gusztav-655x1024.jpg\" alt=\"\" class=\"wp-image-1999\" width=\"328\" height=\"512\" srcset=\"https:\/\/www.vitezi-rend.com\/wp-content\/uploads\/2021\/07\/Jany_Gusztav-655x1024.jpg 655w, https:\/\/www.vitezi-rend.com\/wp-content\/uploads\/2021\/07\/Jany_Gusztav-192x300.jpg 192w, https:\/\/www.vitezi-rend.com\/wp-content\/uploads\/2021\/07\/Jany_Gusztav-768x1201.jpg 768w, https:\/\/www.vitezi-rend.com\/wp-content\/uploads\/2021\/07\/Jany_Gusztav-8x12.jpg 8w, https:\/\/www.vitezi-rend.com\/wp-content\/uploads\/2021\/07\/Jany_Gusztav.jpg 888w\" sizes=\"(max-width: 328px) 100vw, 328px\" \/><\/figure><\/div>\n\n\n\n<p class=\"has-text-align-center\"><strong>vit\u00e9z J\u00e1ny Guszt\u00e1v<\/strong><br>(*Rajka, 1883. okt\u00f3ber 21. \u2212 \u2020Budapest, 1947. november 26.)<br>Vez\u00e9rezredes, 1931 \u00e9s 1936 k\u00f6z\u00f6tt a Ludovika Akad\u00e9mia, k\u00e9s\u0151bb a 2. Magyar Hadsereg parancsnoka.<br>(Fot\u00f3s ismeretlen)<\/p>\n\n\n\n<hr style=\"border-top: 1px solid gray;\">\n\n\n\n<div class=\"wp-block-image\"><figure class=\"aligncenter size-large is-resized\"><img decoding=\"async\" loading=\"lazy\" src=\"https:\/\/vitezi-rend.com\/wp-content\/uploads\/2021\/07\/Szombathely_Ferenc.-728x1024.jpg\" alt=\"\" class=\"wp-image-2001\" width=\"364\" height=\"512\" srcset=\"https:\/\/www.vitezi-rend.com\/wp-content\/uploads\/2021\/07\/Szombathely_Ferenc.-728x1024.jpg 728w, https:\/\/www.vitezi-rend.com\/wp-content\/uploads\/2021\/07\/Szombathely_Ferenc.-213x300.jpg 213w, https:\/\/www.vitezi-rend.com\/wp-content\/uploads\/2021\/07\/Szombathely_Ferenc.-768x1080.jpg 768w, https:\/\/www.vitezi-rend.com\/wp-content\/uploads\/2021\/07\/Szombathely_Ferenc.-9x12.jpg 9w, https:\/\/www.vitezi-rend.com\/wp-content\/uploads\/2021\/07\/Szombathely_Ferenc..jpg 952w\" sizes=\"(max-width: 364px) 100vw, 364px\" \/><\/figure><\/div>\n\n\n\n<p class=\"has-text-align-center\"><strong>vit\u00e9z Szombathelyi Ferenc<\/strong><br>(*1887. m\u00e1jus 17. \u2212 \u2020P\u00e9terv\u00e1rad, 1946. november 4.)<br>Vez\u00e9rezredes, a Honv\u00e9d Vez\u00e9rkar f\u0151n\u00f6ke, 1936 \u00e9s 1938 k\u00f6z\u00f6tt a Ludovika Akad\u00e9mia parancsnoka.<br>(Fot\u00f3s ismeretlen, Wikipedia)<\/p>\n\n\n\n<hr style=\"border-top: 1px solid gray;\">\n\n\n\n<div class=\"wp-block-image\"><figure class=\"aligncenter size-large\"><img decoding=\"async\" loading=\"lazy\" width=\"220\" height=\"302\" src=\"https:\/\/vitezi-rend.com\/wp-content\/uploads\/2021\/07\/Szurmay_Sandor..png\" alt=\"\" class=\"wp-image-2002\" srcset=\"https:\/\/www.vitezi-rend.com\/wp-content\/uploads\/2021\/07\/Szurmay_Sandor..png 220w, https:\/\/www.vitezi-rend.com\/wp-content\/uploads\/2021\/07\/Szurmay_Sandor.-219x300.png 219w, https:\/\/www.vitezi-rend.com\/wp-content\/uploads\/2021\/07\/Szurmay_Sandor.-9x12.png 9w\" sizes=\"(max-width: 220px) 100vw, 220px\" \/><\/figure><\/div>\n\n\n\n<p class=\"has-text-align-center\"><strong>vit\u00e9z uzsoki b\u00e1r\u00f3 Szurmay S\u00e1ndor<\/strong><br>(*Boks\u00e1nb\u00e1nya, 1860. december 19. \u2013 \u2020Budapest, 1945. febru\u00e1r 26.)<br>Gyalogs\u00e1gi t\u00e1bornok, 1917\u201318-ban honv\u00e9delmi miniszter, 1941-t\u0151l vez\u00e9rezredes.<br>(Fot\u00f3: Wikipedia)<\/p>\n\n\n\n<hr style=\"border-top: 1px solid gray;\">\n\n\n\n<div class=\"wp-block-image\"><figure class=\"aligncenter size-large is-resized\"><img decoding=\"async\" loading=\"lazy\" src=\"https:\/\/vitezi-rend.com\/wp-content\/uploads\/2021\/07\/Nagy_Pal-1.jpg\" alt=\"\" class=\"wp-image-2005\" width=\"375\" height=\"432\" srcset=\"https:\/\/www.vitezi-rend.com\/wp-content\/uploads\/2021\/07\/Nagy_Pal-1.jpg 500w, https:\/\/www.vitezi-rend.com\/wp-content\/uploads\/2021\/07\/Nagy_Pal-1-260x300.jpg 260w, https:\/\/www.vitezi-rend.com\/wp-content\/uploads\/2021\/07\/Nagy_Pal-1-10x12.jpg 10w\" sizes=\"(max-width: 375px) 100vw, 375px\" \/><\/figure><\/div>\n\n\n\n<p class=\"has-text-align-center\"><strong>vit\u00e9z Nagy P\u00e1l<\/strong><br>(*Saj\u00f3senye, 1864. szeptember 18. \u2013 \u2020Budapest, 1927. febru\u00e1r 10.)<br>Gyalogs\u00e1gi t\u00e1bornok, 1922 \u00e9s 1925 k\u00f6z\u00f6tt a Magyar Kir\u00e1lyi Honv\u00e9ds\u00e9g f\u0151parancsnoka.<br>(Fot\u00f3: Wikipedia)<\/p>\n\n\n\n<hr style=\"border-top: 1px solid gray;\">\n\n\n\n<div class=\"wp-block-image\"><figure class=\"aligncenter size-large\"><img decoding=\"async\" loading=\"lazy\" width=\"250\" height=\"297\" src=\"https:\/\/vitezi-rend.com\/wp-content\/uploads\/2021\/07\/Denk_Gusztav.png\" alt=\"\" class=\"wp-image-2006\" srcset=\"https:\/\/www.vitezi-rend.com\/wp-content\/uploads\/2021\/07\/Denk_Gusztav.png 250w, https:\/\/www.vitezi-rend.com\/wp-content\/uploads\/2021\/07\/Denk_Gusztav-10x12.png 10w\" sizes=\"(max-width: 250px) 100vw, 250px\" \/><\/figure><\/div>\n\n\n\n<p class=\"has-text-align-center\"><strong>vit\u00e9z kistoronyi Denk Guszt\u00e1v<\/strong><br>(*Nagyszeben, 1882. m\u00e1rcius 18. \u2013 \u2020B\u00e9cs, 1960. febru\u00e1r 25.)<br>Alt\u00e1bornagy, 1938 \u00e9s 1940 k\u00f6z\u00f6tt a Magyar Kir\u00e1lyi Honv\u00e9ds\u00e9g f\u0151parancsnok-helyettese.<br>(Fot\u00f3: Wikipedia)<\/p>","protected":false},"excerpt":{"rendered":"<p>Vit\u00e9z Mikl\u00f3s Horthy de Nagyb\u00e1nya(*Kenderes, June 18, 1868 \u2013 \u2020Estoril, Feruary 9, 1957)Admiral, Commander-in-Chief of the National Army, Governor of the Kingdom of Hungary, Captain General of the Order of Vit\u00e9z. (Photo: Wikipedia) Vit\u00e9z Joseph August of Habsburg-Lorraine(*Alcs\u00fat, August 9, 1872 \u2013 \u2020Rain, July 6, 1962)Royal Prince, Marshal, Governor (1919), second Captain General of the [&hellip;]<\/p>","protected":false},"author":1,"featured_media":0,"parent":0,"menu_order":0,"comment_status":"closed","ping_status":"closed","template":"","meta":{"_genesis_hide_title":false,"_genesis_hide_breadcrumbs":false,"_genesis_hide_singular_image":false,"_genesis_hide_footer_widgets":false,"_genesis_custom_body_class":"","_genesis_custom_post_class":"","_genesis_layout":""},"categories":[],"tags":[],"_links":{"self":[{"href":"https:\/\/www.vitezi-rend.com\/hu\/wp-json\/wp\/v2\/pages\/1776"}],"collection":[{"href":"https:\/\/www.vitezi-rend.com\/hu\/wp-json\/wp\/v2\/pages"}],"about":[{"href":"https:\/\/www.vitezi-rend.com\/hu\/wp-json\/wp\/v2\/types\/page"}],"author":[{"embeddable":true,"href":"https:\/\/www.vitezi-rend.com\/hu\/wp-json\/wp\/v2\/users\/1"}],"replies":[{"embeddable":true,"href":"https:\/\/www.vitezi-rend.com\/hu\/wp-json\/wp\/v2\/comments?post=1776"}],"version-history":[{"count":22,"href":"https:\/\/www.vitezi-rend.com\/hu\/wp-json\/wp\/v2\/pages\/1776\/revisions"}],"predecessor-version":[{"id":2009,"href":"https:\/\/www.vitezi-rend.com\/hu\/wp-json\/wp\/v2\/pages\/1776\/revisions\/2009"}],"wp:attachment":[{"href":"https:\/\/www.vitezi-rend.com\/hu\/wp-json\/wp\/v2\/media?parent=1776"}],"wp:term":[{"taxonomy":"category","embeddable":true,"href":"https:\/\/www.vitezi-rend.com\/hu\/wp-json\/wp\/v2\/categories?post=1776"},{"taxonomy":"post_tag","embeddable":true,"href":"https:\/\/www.vitezi-rend.com\/hu\/wp-json\/wp\/v2\/tags?post=1776"}],"curies":[{"name":"wp","href":"https:\/\/api.w.org\/{rel}","templated":true}]}}