{"id":1987,"date":"2021-07-04T20:54:21","date_gmt":"2021-07-04T19:54:21","guid":{"rendered":"https:\/\/vitezi-rend.com\/?page_id=1987"},"modified":"2021-07-04T21:10:38","modified_gmt":"2021-07-04T20:10:38","slug":"statement-about-the-policy-of-the-order-of-vitez-concerning-nobility-nobiliary-titles-and-membership-in-chivalric-organisations","status":"publish","type":"page","link":"https:\/\/www.vitezi-rend.com\/hu\/statement-about-the-policy-of-the-order-of-vitez-concerning-nobility-nobiliary-titles-and-membership-in-chivalric-organisations\/","title":{"rendered":"Nyilatkozat a Vit\u00e9zi Rend nemess\u00e9gre, nemesi c\u00edmekre \u00e9s a lovagi szervezetekben val\u00f3 tags\u00e1gra vonatkoz\u00f3 szab\u00e1lyzat\u00e1r\u00f3l"},"content":{"rendered":"<p>A Vit\u00e9zi Rend (VR) mint az 1920-ban, a Magyar Kir\u00e1lys\u00e1gban alap\u00edtott int\u00e9zm\u00e9ny \u2013  amely a <em>fons honorumot<\/em> a Magyar Szent Koron\u00e1t\u00f3l kapja \u2013, konzervat\u00edv m\u00f3don viszonyul a nemesi \u00e9s lovagi c\u00edmek haszn\u00e1lat\u00e1hoz, \u00e9s el\u0151\u00edr\u00e1sai minden tagra \u00e9s minden tags\u00e1gra jelentkez\u0151re vonatkoznak.<\/p>\n\n\n\n<p>A tag vagy jel\u00f6lt nemess\u00e9ge csak akkor ker\u00fcl elismer\u00e9sre, ha az adott tag vagy jelentkez\u0151 elismert nemes egyenes \u00e1gi, t\u00f6rv\u00e9nyes (a legt\u00f6bb orsz\u00e1gban apai \u00e1gon val\u00f3) \u0151st\u0151l sz\u00e1rmazik, \u00f6sszhangban a nemess\u00e9g elismer\u00e9s\u00e9nek szab\u00e1lyaival abban a monarchi\u00e1ban, ahol a tag vagy a tags\u00e1gra jelentkez\u0151 vagy \u0151se eredetileg ezt a c\u00edmet megkapta. Tov\u00e1bb\u00e1 sz\u0171ks\u00e9ges, hogy ez a nemesi rang szuver\u00e9n uralkod\u00f3 \u00e1ltal adom\u00e1nyozott, vagy pedig - \u0151si nemesi st\u00e1tusz eset\u00e9ben \u2013 elismert legyen, akkor \u00e9s ott, ahol az adom\u00e1nyoz\u00f3 az adom\u00e1nyoz\u00e1s vagy elismer\u00e9s id\u0151pontj\u00e1ban t\u00e9nylegesen uralkod\u00f3i jogokat gyakorolt. A nemess\u00e9g igazol\u00e1s\u00e1t a Rend k\u00e9rheti, amennyiben a tag vagy a jelentkez\u0151 nemesi st\u00e1tuszt \u00e1ll\u00edt mag\u00e1r\u00f3l. Ez a szab\u00e1ly \u00e9rv\u00e9nyes minden nemesi c\u00edmre (p\u00e9ld\u00e1ul: nemes, lovag, baronet, b\u00e1r\u00f3, gr\u00f3f, \u0151rgr\u00f3f, herceg, f\u0151herceg).<\/p>\n\n\n\n<p>A lovagi st\u00e1tuszt elismertnek tekintj\u00fck, ha a tag vagy tagjel\u00f6lt a Szuver\u00e9n M\u00e1ltai Lovagrend, az  Alliance valamelyik protest\u00e1ns Johannita Lovagrendj\u00e9nek, vagy a Jeruzs\u00e1lemi Szent S\u00edr Lovagrendnek lovagja. Ezenk\u00edv\u00fcl, a Lovagrendek Nemzetk\u00f6zi Bizotts\u00e1ga (ICOC) \u00e1ltal elismert \u00f6sszes rendet legitimnek tekintj\u00fck, \u00e9s az azokban val\u00f3 tags\u00e1got a Vit\u00e9zi Rend semmilyen m\u00f3don nem helytelen\u00edti. Azonban tags\u00e1g m\u00e1s lovagi t\u00edpus\u00fa szervezetekben, m\u00e9g ha azok magukat val\u00f3di lovagrendnek \u00e1ll\u00edtj\u00e1k is, amennyiben hi\u00e1nyzik az ICOC \u00e1ltal elfogadott <em>fons honorum <\/em>, az a VR szab\u00e1lyzat\u00e1nak hat\u00e1rozottan ellentmond; \u00edgy az ilyen szervezetek tagjai Rend\u00fcnkbe nem l\u00e9phetnek be, ez\u00e9rt a tags\u00e1gra jelentkez\u0151ket arra k\u00e9rj\u00fck, hogy ezeket a szervezeteket hagyj\u00e1k el, miel\u0151tt tags\u00e1got k\u00e9relmeznek.<\/p>\n\n\n\n<p>A VR c\u00edmerrel rendelkez\u0151 tagjai jogosultak a VR jelv\u00e9ny\u00e9t a Vit\u00e9zi Rend k\u00f3dex\u00e9ben le\u00edrt heraldikai gyakorlata szerint c\u00edmer\u00fck \u00e9k\u00edtm\u00e9nyek\u00e9nt megjelen\u00edteni. A Rend hagyom\u00e1nya szerint minden tag jogosult szem\u00e9lyes c\u00edmere helyett a VR jelv\u00e9ny\u00e9t haszn\u00e1lni, ha \u00fagy k\u00edv\u00e1nja. A k\u00fcl\u00f6nf\u00e9le lovagrendek vagy \u00e1llami kit\u00fcntet\u00e9sek (elismert) jelv\u00e9nyeinek kombin\u00e1l\u00e1sa mag\u00e1nhaszn\u00e1latban megengedett, de a tagoknak azt javasoljuk, hogy tart\u00f3zkodjanak ett\u0151l minden olyan helyzetben, ahol hivatalosan a VR tagjak\u00e9nt szerepelnek, kiv\u00e9ve azokat a kit\u00fcntet\u00e9seket, amelyeket a rend f\u0151kapit\u00e1nya vagy a magyar \u00e1llam adott ki.<br><br><\/p>","protected":false},"excerpt":{"rendered":"<p>The Order of Vit\u00e9z (OV), as an institution founded in 1920 in the Kingdom of Hungary, and receiving its Fons\u00a0honorum from the Holy Crown of Hungary, has a conservative attitude towards the use of nobiliary and chivalric titles, which is consistently applied for all members and applicants. Nobility of the members is recognised only if [&hellip;]<\/p>","protected":false},"author":2,"featured_media":0,"parent":0,"menu_order":0,"comment_status":"closed","ping_status":"closed","template":"","meta":{"_genesis_hide_title":false,"_genesis_hide_breadcrumbs":false,"_genesis_hide_singular_image":false,"_genesis_hide_footer_widgets":false,"_genesis_custom_body_class":"","_genesis_custom_post_class":"","_genesis_layout":""},"categories":[],"tags":[],"_links":{"self":[{"href":"https:\/\/www.vitezi-rend.com\/hu\/wp-json\/wp\/v2\/pages\/1987"}],"collection":[{"href":"https:\/\/www.vitezi-rend.com\/hu\/wp-json\/wp\/v2\/pages"}],"about":[{"href":"https:\/\/www.vitezi-rend.com\/hu\/wp-json\/wp\/v2\/types\/page"}],"author":[{"embeddable":true,"href":"https:\/\/www.vitezi-rend.com\/hu\/wp-json\/wp\/v2\/users\/2"}],"replies":[{"embeddable":true,"href":"https:\/\/www.vitezi-rend.com\/hu\/wp-json\/wp\/v2\/comments?post=1987"}],"version-history":[{"count":3,"href":"https:\/\/www.vitezi-rend.com\/hu\/wp-json\/wp\/v2\/pages\/1987\/revisions"}],"predecessor-version":[{"id":1991,"href":"https:\/\/www.vitezi-rend.com\/hu\/wp-json\/wp\/v2\/pages\/1987\/revisions\/1991"}],"wp:attachment":[{"href":"https:\/\/www.vitezi-rend.com\/hu\/wp-json\/wp\/v2\/media?parent=1987"}],"wp:term":[{"taxonomy":"category","embeddable":true,"href":"https:\/\/www.vitezi-rend.com\/hu\/wp-json\/wp\/v2\/categories?post=1987"},{"taxonomy":"post_tag","embeddable":true,"href":"https:\/\/www.vitezi-rend.com\/hu\/wp-json\/wp\/v2\/tags?post=1987"}],"curies":[{"name":"wp","href":"https:\/\/api.w.org\/{rel}","templated":true}]}}