{"id":2010,"date":"2021-07-10T12:47:43","date_gmt":"2021-07-10T11:47:43","guid":{"rendered":"https:\/\/vitezi-rend.com\/?page_id=2010"},"modified":"2022-10-18T17:47:49","modified_gmt":"2022-10-18T16:47:49","slug":"holidays-of-the-order-of-vitez","status":"publish","type":"page","link":"https:\/\/www.vitezi-rend.com\/hu\/holidays-of-the-order-of-vitez\/","title":{"rendered":"A Vit\u00e9zi Rendi \u00fcnnepei"},"content":{"rendered":"<p class=\"has-text-align-center\"><strong>janu\u00e1r 4.<\/strong><br>A Kir\u00e1lyi Magyar Hadsereg fel\u00e1ll\u00edt\u00e1s\u00e1nak eml\u00e9knapja<\/p>\n\n\n\n<p class=\"has-text-align-center\"><strong>janu\u00e1r 12.<\/strong><br>A doni katasztr\u00f3fa eml\u00e9knapja<\/p>\n\n\n\n<p class=\"has-text-align-center\"><strong>febru\u00e1r 25.<\/strong><br>A kommunizmus \u00e1ldozatainak eml\u00e9knapja<\/p>\n\n\n\n<p class=\"has-text-align-center\"><strong>m\u00e1rcius 15.<\/strong><br>1848\u201349-es forradalom \u00e9s szabads\u00e1gharc<\/p>\n\n\n\n<p class=\"has-text-align-center\"><strong>\u00e1prilis 1.<\/strong><br>Boldog IV. K\u00e1roly kir\u00e1ly hal\u00e1la<\/p>\n\n\n\n<p class=\"has-text-align-center\"><strong>\u00e1prilis 30.<\/strong><br>J\u00f3zsef \u00c1rp\u00e1d megt\u00e9r\u00e9se az \u00darhoz (szentmise minden egykori F\u0151kapit\u00e1ny\u00e9rt)<\/p>\n\n\n\n<p class=\"has-text-align-center\"><strong>m\u00e1jus utols\u00f3 vas\u00e1rnapja<\/strong><br>Magyar H\u0151s\u00f6k Eml\u00e9k\u00fcnnepe, \u00f3n\u00f3di orsz\u00e1ggy\u0171l\u00e9s<\/p>\n\n\n\n<p class=\"has-text-align-center\"><strong>j\u00fanius 4.<\/strong><br>Trianon-gy\u00e1sznap, Nemzeti \u00d6sszetartoz\u00e1s napja, a Szent Korona \u00dcnnepe. (Rendi f\u0151\u00fcnnep)<\/p>\n\n\n\n<p class=\"has-text-align-center\"><strong>j\u00falius 22.<\/strong><br>N\u00e1ndorfeh\u00e9rv\u00e1ri diadal<\/p>\n\n\n\n<p class=\"has-text-align-center\"><strong>augusztus 20.<\/strong><br>Szent Istv\u00e1n Nap<\/p>\n\n\n\n<p class=\"has-text-align-center\"><strong>szeptember 4.<\/strong><br>Horthy Mikl\u00f3s korm\u00e1nyz\u00f3 \u00fajratemet\u00e9se Kenderesen<\/p>\n\n\n\n<p class=\"has-text-align-center\"><strong>okt\u00f3ber 23.<\/strong><br>1956-os forradalom \u00e9s szabads\u00e1gharc<\/p>\n\n\n\n<p class=\"has-text-align-center\"><strong>november 1.<\/strong><br>Elhunyt vit\u00e9zek eml\u00e9k\u00e9re \u2013 \u201eMind\u00f6nszentek kal\u00e1csa\u201d<\/p>\n\n\n\n<p class=\"has-text-align-center\"><strong>december 30.<\/strong><br>Boldog IV. K\u00e1roly kir\u00e1ly koron\u00e1z\u00e1sa<br><br><\/p>","protected":false},"excerpt":{"rendered":"<p>January 4Memorial Day of the establishment of the Royal Hungarian Army January 12Memorial Day of the Don Disaster February 25Memorial Day of the Victims of Communism March 151848\u201349 Revolution and War of Independence April 1Death of Beatific King K\u00e1roly IV April 30The Conversion of J\u00f3zsef \u00c1rp\u00e1d to the Lord (Mass for all former Captains) last [&hellip;]<\/p>","protected":false},"author":2,"featured_media":0,"parent":0,"menu_order":0,"comment_status":"closed","ping_status":"closed","template":"","meta":{"_genesis_hide_title":false,"_genesis_hide_breadcrumbs":false,"_genesis_hide_singular_image":false,"_genesis_hide_footer_widgets":false,"_genesis_custom_body_class":"","_genesis_custom_post_class":"","_genesis_layout":""},"categories":[],"tags":[],"_links":{"self":[{"href":"https:\/\/www.vitezi-rend.com\/hu\/wp-json\/wp\/v2\/pages\/2010"}],"collection":[{"href":"https:\/\/www.vitezi-rend.com\/hu\/wp-json\/wp\/v2\/pages"}],"about":[{"href":"https:\/\/www.vitezi-rend.com\/hu\/wp-json\/wp\/v2\/types\/page"}],"author":[{"embeddable":true,"href":"https:\/\/www.vitezi-rend.com\/hu\/wp-json\/wp\/v2\/users\/2"}],"replies":[{"embeddable":true,"href":"https:\/\/www.vitezi-rend.com\/hu\/wp-json\/wp\/v2\/comments?post=2010"}],"version-history":[{"count":3,"href":"https:\/\/www.vitezi-rend.com\/hu\/wp-json\/wp\/v2\/pages\/2010\/revisions"}],"predecessor-version":[{"id":2671,"href":"https:\/\/www.vitezi-rend.com\/hu\/wp-json\/wp\/v2\/pages\/2010\/revisions\/2671"}],"wp:attachment":[{"href":"https:\/\/www.vitezi-rend.com\/hu\/wp-json\/wp\/v2\/media?parent=2010"}],"wp:term":[{"taxonomy":"category","embeddable":true,"href":"https:\/\/www.vitezi-rend.com\/hu\/wp-json\/wp\/v2\/categories?post=2010"},{"taxonomy":"post_tag","embeddable":true,"href":"https:\/\/www.vitezi-rend.com\/hu\/wp-json\/wp\/v2\/tags?post=2010"}],"curies":[{"name":"wp","href":"https:\/\/api.w.org\/{rel}","templated":true}]}}