{"id":2569,"date":"2022-01-04T18:39:56","date_gmt":"2022-01-04T17:39:56","guid":{"rendered":"https:\/\/www.vitezi-rend.com\/?page_id=2569"},"modified":"2022-09-08T20:47:35","modified_gmt":"2022-09-08T19:47:35","slug":"statements","status":"publish","type":"page","link":"https:\/\/www.vitezi-rend.com\/hu\/statements\/","title":{"rendered":"Nyilatkozatok"},"content":{"rendered":"<p><strong>R\u00e9szv\u00e9tnyilv\u00e1n\u00edt\u00e1s II. Erzs\u00e9bet, brit uralkod\u00f3 \u00darhoz t\u00f6rt\u00e9nt megt\u00e9r\u00e9se ut\u00e1n (<span data-no-translation=\"\"><a href=\"https:\/\/www.vitezi-rend.com\/wp-content\/uploads\/2022\/09\/2022_09_08_condolence_EN.pdf\" class=\"rank-math-link\"><\/span>Angol verzi\u00f3 megtekint\u00e9se<\/a>, <span data-no-translation=\"\"><a href=\"https:\/\/www.vitezi-rend.com\/wp-content\/uploads\/2022\/09\/2022_09_08_condolence_HU.pdf\" class=\"rank-math-link\"><\/span>Magyar verzi\u00f3 megtekint\u00e9se<\/a>)<\/strong><\/p>\n\n\n\n<hr style=\"border-top: 1px solid gray;\">\n\n\n\n<p><strong>T\u00e1j\u00e9koztat\u00e1s a Vit\u00e9zi Rend nagyjelv\u00e9ny\u00e9nek visel\u00e9s\u00e9r\u0151l (<span data-no-translation=\"\"><a href=\"https:\/\/www.vitezi-rend.com\/wp-content\/uploads\/2022\/08\/tajekoztatas_a VR_nagyjelvenyenek_viseleserol_EN.pdf\" class=\"rank-math-link\"><\/span>Angol verzi\u00f3 megtekint\u00e9se<\/a>, <span data-no-translation=\"\"><a href=\"https:\/\/www.vitezi-rend.com\/wp-content\/uploads\/2022\/08\/tajekoztatas_a VR_nagyjelvenyenek_viseleserol_HU.pdf\" class=\"rank-math-link\"><\/span>Magyar verzi\u00f3 megtekint\u00e9se<\/a>)<\/strong><\/p>\n\n\n\n<hr style=\"border-top: 1px solid gray;\">\n\n\n\n<p><strong>T\u00e1j\u00e9koztat\u00e1s az ICOC c\u00edmer\u00e9nek haszn\u00e1lat\u00e1r\u00f3l (<span data-no-translation=\"\"><a href=\"https:\/\/www.vitezi-rend.com\/wp-content\/uploads\/2022\/01\/ICOC_cimerhasznalat.pdf\"class=\"rank-math-link\"><\/span>Nyilatkozat megtekint\u00e9se<\/a>)<\/strong><\/p>\n\n\n\n<hr style=\"border-top: 1px solid gray;\">\n\n\n\n<p><strong>T\u00e1j\u00e9koztat\u00e1s dr. vit\u00e9z nemes Berniczei-Royk\u00f3 \u00c1d\u00e1m lovag ICOC-n\u00e1l t\u00f6rt\u00e9nt kinevez\u00e9s\u00e9vel kapcsolatban. (<span data-no-translation=\"\"><a href=\"https:\/\/www.vitezi-rend.com\/wp-content\/uploads\/2022\/01\/fokapitany-helyettes_icoc_kinevezes_en.pdf\"class=\"rank-math-link\"><\/span>Angol verzi\u00f3 megtekint\u00e9se<\/a>, <span data-no-translation=\"\"><a href=\"https:\/\/www.vitezi-rend.com\/wp-content\/uploads\/2022\/01\/fokapitany-helyettes_icoc_kinevezes_hu.pdf\" class=\"rank-math-link\"><\/span>Magyar verzi\u00f3 megtekint\u00e9se<\/a>)<\/strong><\/p>\n\n\n\n<hr style=\"border-top: 1px solid gray;\">\n\n\n\n<p><strong>A Lovagrendek Nemzetk\u00f6zi Bizotts\u00e1g\u00e1nak (ICOC) elismer\u0151 nyilatkozata a Vit\u00e9zi Rendr\u0151l<\/strong> <strong>(<a href=\"https:\/\/vitezi-rend.com\/wp-content\/uploads\/2021\/05\/icoc_statement_en.pdf\" class=\"rank-math-link\"><strong>Angol verzi\u00f3 megtekint\u00e9se<\/strong><\/a><strong>, <a href=\"http:\/\/www.vitezi-rend.com\/hu\/accreditation\/\" class=\"rank-math-link\">Magyar ford\u00edt\u00e1s megtekint\u00e9se<\/a>)<\/strong><\/strong><\/p>\n\n\n\n<hr style=\"border-top: 1px solid gray;\">\n\n\n\n<p><strong>A Vit\u00e9zi Sz\u00e9k nyilatkozata az ICOC \u00e1ltal el nem ismert lovagi jelleg\u0171 szervezetekben val\u00f3 tags\u00e1gr\u00f3l, tov\u00e1bb\u00e1 az el nem ismert nemesi titulusok haszn\u00e1lat\u00e1r\u00f3l (<a class=\"rank-math-link\" href=\"https:\/\/vitezi-rend.com\/wp-content\/uploads\/2022\/01\/statement_on_fake_chivalric_orders_and_nobiliary_titles_en.pdf\"><strong>Angol verzi\u00f3 megtekint\u00e9se<\/strong><\/a><strong>, <strong><a class=\"rank-math-link\" href=\"https:\/\/vitezi-rend.com\/wp-content\/uploads\/2022\/01\/statement_on_fake_chivalric_orders_and_nobiliary_titles_hu.pdf\"><strong>Magyar verzi\u00f3 megtekint\u00e9se<\/strong><\/a><\/strong><\/strong>)<\/strong><br><br><\/p>\n\n\n\n<p><\/p>","protected":false},"excerpt":{"rendered":"<p>Condolences after Elizabeth II, British monarch&#8217;s passing away (View English version, View Hungarian version) Information on wearing the grand insignia of the Order of Vit\u00e9z (View English version, View Hungarian version) Information on the use of the ICOC coat of arms (View Statement) Information on the appointment of Dr. Vit\u00e9z Nob. Chev. \u00c1d\u00e1m Berniczei-Royk\u00f3 at [&hellip;]<\/p>","protected":false},"author":1,"featured_media":0,"parent":0,"menu_order":0,"comment_status":"closed","ping_status":"closed","template":"","meta":{"_genesis_hide_title":false,"_genesis_hide_breadcrumbs":false,"_genesis_hide_singular_image":false,"_genesis_hide_footer_widgets":false,"_genesis_custom_body_class":"","_genesis_custom_post_class":"","_genesis_layout":""},"categories":[],"tags":[],"_links":{"self":[{"href":"https:\/\/www.vitezi-rend.com\/hu\/wp-json\/wp\/v2\/pages\/2569"}],"collection":[{"href":"https:\/\/www.vitezi-rend.com\/hu\/wp-json\/wp\/v2\/pages"}],"about":[{"href":"https:\/\/www.vitezi-rend.com\/hu\/wp-json\/wp\/v2\/types\/page"}],"author":[{"embeddable":true,"href":"https:\/\/www.vitezi-rend.com\/hu\/wp-json\/wp\/v2\/users\/1"}],"replies":[{"embeddable":true,"href":"https:\/\/www.vitezi-rend.com\/hu\/wp-json\/wp\/v2\/comments?post=2569"}],"version-history":[{"count":72,"href":"https:\/\/www.vitezi-rend.com\/hu\/wp-json\/wp\/v2\/pages\/2569\/revisions"}],"predecessor-version":[{"id":3117,"href":"https:\/\/www.vitezi-rend.com\/hu\/wp-json\/wp\/v2\/pages\/2569\/revisions\/3117"}],"wp:attachment":[{"href":"https:\/\/www.vitezi-rend.com\/hu\/wp-json\/wp\/v2\/media?parent=2569"}],"wp:term":[{"taxonomy":"category","embeddable":true,"href":"https:\/\/www.vitezi-rend.com\/hu\/wp-json\/wp\/v2\/categories?post=2569"},{"taxonomy":"post_tag","embeddable":true,"href":"https:\/\/www.vitezi-rend.com\/hu\/wp-json\/wp\/v2\/tags?post=2569"}],"curies":[{"name":"wp","href":"https:\/\/api.w.org\/{rel}","templated":true}]}}