{"id":3134,"date":"2022-09-05T12:10:00","date_gmt":"2022-09-05T11:10:00","guid":{"rendered":"https:\/\/www.vitezi-rend.com\/?page_id=3134"},"modified":"2024-05-18T16:58:45","modified_gmt":"2024-05-18T15:58:45","slug":"mariapocs-september-2022","status":"publish","type":"page","link":"https:\/\/www.vitezi-rend.com\/hu\/mariapocs-september-2022\/","title":{"rendered":"M\u00e1riap\u00f3cs \u2013 2022. szeptember"},"content":{"rendered":"<p class=\"has-text-align-center\">Fot\u00f3: vit\u00e9z Mat\u00e9csa Elem\u00e9r Istv\u00e1n<\/p>\n\n\n\n<figure class=\"wp-block-image size-large\"><img decoding=\"async\" loading=\"lazy\" width=\"1024\" height=\"679\" src=\"https:\/\/www.vitezi-rend.com\/wp-content\/uploads\/2022\/09\/mariapocs_2022_01-1024x679.jpg\" alt=\"\" class=\"wp-image-3135\" srcset=\"https:\/\/www.vitezi-rend.com\/wp-content\/uploads\/2022\/09\/mariapocs_2022_01-1024x679.jpg 1024w, https:\/\/www.vitezi-rend.com\/wp-content\/uploads\/2022\/09\/mariapocs_2022_01-300x199.jpg 300w, https:\/\/www.vitezi-rend.com\/wp-content\/uploads\/2022\/09\/mariapocs_2022_01-768x509.jpg 768w, https:\/\/www.vitezi-rend.com\/wp-content\/uploads\/2022\/09\/mariapocs_2022_01-16x12.jpg 16w, https:\/\/www.vitezi-rend.com\/wp-content\/uploads\/2022\/09\/mariapocs_2022_01.jpg 1536w\" sizes=\"(max-width: 1024px) 100vw, 1024px\" \/><\/figure>\n\n\n\n<figure class=\"wp-block-image size-large\"><img decoding=\"async\" loading=\"lazy\" width=\"1024\" height=\"679\" src=\"https:\/\/www.vitezi-rend.com\/wp-content\/uploads\/2022\/09\/mariapocs_2022_02-1024x679.jpg\" alt=\"\" class=\"wp-image-3136\" srcset=\"https:\/\/www.vitezi-rend.com\/wp-content\/uploads\/2022\/09\/mariapocs_2022_02-1024x679.jpg 1024w, https:\/\/www.vitezi-rend.com\/wp-content\/uploads\/2022\/09\/mariapocs_2022_02-300x199.jpg 300w, https:\/\/www.vitezi-rend.com\/wp-content\/uploads\/2022\/09\/mariapocs_2022_02-768x509.jpg 768w, https:\/\/www.vitezi-rend.com\/wp-content\/uploads\/2022\/09\/mariapocs_2022_02-16x12.jpg 16w, https:\/\/www.vitezi-rend.com\/wp-content\/uploads\/2022\/09\/mariapocs_2022_02.jpg 1536w\" sizes=\"(max-width: 1024px) 100vw, 1024px\" \/><\/figure>\n\n\n\n<figure class=\"wp-block-image size-large\"><img decoding=\"async\" loading=\"lazy\" width=\"1024\" height=\"679\" src=\"https:\/\/www.vitezi-rend.com\/wp-content\/uploads\/2022\/09\/mariapocs_2022_03-1024x679.jpg\" alt=\"\" class=\"wp-image-3137\" srcset=\"https:\/\/www.vitezi-rend.com\/wp-content\/uploads\/2022\/09\/mariapocs_2022_03-1024x679.jpg 1024w, https:\/\/www.vitezi-rend.com\/wp-content\/uploads\/2022\/09\/mariapocs_2022_03-300x199.jpg 300w, https:\/\/www.vitezi-rend.com\/wp-content\/uploads\/2022\/09\/mariapocs_2022_03-768x509.jpg 768w, https:\/\/www.vitezi-rend.com\/wp-content\/uploads\/2022\/09\/mariapocs_2022_03-16x12.jpg 16w, https:\/\/www.vitezi-rend.com\/wp-content\/uploads\/2022\/09\/mariapocs_2022_03.jpg 1536w\" sizes=\"(max-width: 1024px) 100vw, 1024px\" \/><\/figure>\n\n\n\n<figure class=\"wp-block-image size-large\"><img decoding=\"async\" loading=\"lazy\" width=\"1024\" height=\"679\" src=\"https:\/\/www.vitezi-rend.com\/wp-content\/uploads\/2022\/09\/mariapocs_2022_04-1024x679.jpg\" alt=\"\" class=\"wp-image-3138\" srcset=\"https:\/\/www.vitezi-rend.com\/wp-content\/uploads\/2022\/09\/mariapocs_2022_04-1024x679.jpg 1024w, https:\/\/www.vitezi-rend.com\/wp-content\/uploads\/2022\/09\/mariapocs_2022_04-300x199.jpg 300w, https:\/\/www.vitezi-rend.com\/wp-content\/uploads\/2022\/09\/mariapocs_2022_04-768x509.jpg 768w, https:\/\/www.vitezi-rend.com\/wp-content\/uploads\/2022\/09\/mariapocs_2022_04-16x12.jpg 16w, https:\/\/www.vitezi-rend.com\/wp-content\/uploads\/2022\/09\/mariapocs_2022_04.jpg 1536w\" sizes=\"(max-width: 1024px) 100vw, 1024px\" \/><\/figure>\n\n\n\n<figure class=\"wp-block-image size-large\"><img decoding=\"async\" loading=\"lazy\" width=\"1024\" height=\"679\" src=\"https:\/\/www.vitezi-rend.com\/wp-content\/uploads\/2022\/09\/mariapocs_2022_05-1024x679.jpg\" alt=\"\" class=\"wp-image-3139\" srcset=\"https:\/\/www.vitezi-rend.com\/wp-content\/uploads\/2022\/09\/mariapocs_2022_05-1024x679.jpg 1024w, https:\/\/www.vitezi-rend.com\/wp-content\/uploads\/2022\/09\/mariapocs_2022_05-300x199.jpg 300w, https:\/\/www.vitezi-rend.com\/wp-content\/uploads\/2022\/09\/mariapocs_2022_05-768x509.jpg 768w, https:\/\/www.vitezi-rend.com\/wp-content\/uploads\/2022\/09\/mariapocs_2022_05-16x12.jpg 16w, https:\/\/www.vitezi-rend.com\/wp-content\/uploads\/2022\/09\/mariapocs_2022_05.jpg 1536w\" sizes=\"(max-width: 1024px) 100vw, 1024px\" \/><\/figure>\n\n\n\n<figure class=\"wp-block-image size-large\"><img decoding=\"async\" loading=\"lazy\" width=\"1024\" height=\"679\" src=\"https:\/\/www.vitezi-rend.com\/wp-content\/uploads\/2022\/09\/mariapocs_2022_06-1024x679.jpg\" alt=\"\" class=\"wp-image-3140\" srcset=\"https:\/\/www.vitezi-rend.com\/wp-content\/uploads\/2022\/09\/mariapocs_2022_06-1024x679.jpg 1024w, https:\/\/www.vitezi-rend.com\/wp-content\/uploads\/2022\/09\/mariapocs_2022_06-300x199.jpg 300w, https:\/\/www.vitezi-rend.com\/wp-content\/uploads\/2022\/09\/mariapocs_2022_06-768x509.jpg 768w, https:\/\/www.vitezi-rend.com\/wp-content\/uploads\/2022\/09\/mariapocs_2022_06-16x12.jpg 16w, https:\/\/www.vitezi-rend.com\/wp-content\/uploads\/2022\/09\/mariapocs_2022_06.jpg 1536w\" sizes=\"(max-width: 1024px) 100vw, 1024px\" \/><\/figure>\n\n\n\n<figure class=\"wp-block-image size-large\"><img decoding=\"async\" loading=\"lazy\" width=\"1024\" height=\"679\" src=\"https:\/\/www.vitezi-rend.com\/wp-content\/uploads\/2022\/09\/mariapocs_2022_07-1024x679.jpg\" alt=\"\" class=\"wp-image-3141\" srcset=\"https:\/\/www.vitezi-rend.com\/wp-content\/uploads\/2022\/09\/mariapocs_2022_07-1024x679.jpg 1024w, https:\/\/www.vitezi-rend.com\/wp-content\/uploads\/2022\/09\/mariapocs_2022_07-300x199.jpg 300w, https:\/\/www.vitezi-rend.com\/wp-content\/uploads\/2022\/09\/mariapocs_2022_07-768x509.jpg 768w, https:\/\/www.vitezi-rend.com\/wp-content\/uploads\/2022\/09\/mariapocs_2022_07-16x12.jpg 16w, https:\/\/www.vitezi-rend.com\/wp-content\/uploads\/2022\/09\/mariapocs_2022_07.jpg 1536w\" sizes=\"(max-width: 1024px) 100vw, 1024px\" \/><\/figure>\n\n\n\n<figure class=\"wp-block-image size-large\"><img decoding=\"async\" loading=\"lazy\" width=\"679\" height=\"1024\" src=\"https:\/\/www.vitezi-rend.com\/wp-content\/uploads\/2022\/09\/mariapocs_2022_08-679x1024.jpg\" alt=\"\" class=\"wp-image-3142\" srcset=\"https:\/\/www.vitezi-rend.com\/wp-content\/uploads\/2022\/09\/mariapocs_2022_08-679x1024.jpg 679w, https:\/\/www.vitezi-rend.com\/wp-content\/uploads\/2022\/09\/mariapocs_2022_08-199x300.jpg 199w, https:\/\/www.vitezi-rend.com\/wp-content\/uploads\/2022\/09\/mariapocs_2022_08-768x1159.jpg 768w, https:\/\/www.vitezi-rend.com\/wp-content\/uploads\/2022\/09\/mariapocs_2022_08-8x12.jpg 8w, https:\/\/www.vitezi-rend.com\/wp-content\/uploads\/2022\/09\/mariapocs_2022_08.jpg 1018w\" sizes=\"(max-width: 679px) 100vw, 679px\" \/><\/figure>\n\n\n\n<figure class=\"wp-block-image size-large\"><img decoding=\"async\" loading=\"lazy\" width=\"1024\" height=\"679\" src=\"https:\/\/www.vitezi-rend.com\/wp-content\/uploads\/2022\/09\/mariapocs_2022_09-1024x679.jpg\" alt=\"\" class=\"wp-image-3143\" srcset=\"https:\/\/www.vitezi-rend.com\/wp-content\/uploads\/2022\/09\/mariapocs_2022_09-1024x679.jpg 1024w, https:\/\/www.vitezi-rend.com\/wp-content\/uploads\/2022\/09\/mariapocs_2022_09-300x199.jpg 300w, https:\/\/www.vitezi-rend.com\/wp-content\/uploads\/2022\/09\/mariapocs_2022_09-768x509.jpg 768w, https:\/\/www.vitezi-rend.com\/wp-content\/uploads\/2022\/09\/mariapocs_2022_09-16x12.jpg 16w, https:\/\/www.vitezi-rend.com\/wp-content\/uploads\/2022\/09\/mariapocs_2022_09.jpg 1536w\" sizes=\"(max-width: 1024px) 100vw, 1024px\" \/><\/figure>\n\n\n\n<figure class=\"wp-block-image size-large\"><img decoding=\"async\" loading=\"lazy\" width=\"1024\" height=\"679\" src=\"https:\/\/www.vitezi-rend.com\/wp-content\/uploads\/2022\/09\/mariapocs_2022_10-1024x679.jpg\" alt=\"\" class=\"wp-image-3144\" srcset=\"https:\/\/www.vitezi-rend.com\/wp-content\/uploads\/2022\/09\/mariapocs_2022_10-1024x679.jpg 1024w, https:\/\/www.vitezi-rend.com\/wp-content\/uploads\/2022\/09\/mariapocs_2022_10-300x199.jpg 300w, https:\/\/www.vitezi-rend.com\/wp-content\/uploads\/2022\/09\/mariapocs_2022_10-768x509.jpg 768w, https:\/\/www.vitezi-rend.com\/wp-content\/uploads\/2022\/09\/mariapocs_2022_10-16x12.jpg 16w, https:\/\/www.vitezi-rend.com\/wp-content\/uploads\/2022\/09\/mariapocs_2022_10.jpg 1536w\" sizes=\"(max-width: 1024px) 100vw, 1024px\" \/><\/figure>\n\n\n\n<figure class=\"wp-block-image size-large\"><img decoding=\"async\" loading=\"lazy\" width=\"1024\" height=\"684\" src=\"https:\/\/www.vitezi-rend.com\/wp-content\/uploads\/2022\/09\/mariapocs_2022_11-1024x684.jpg\" alt=\"\" class=\"wp-image-3145\" srcset=\"https:\/\/www.vitezi-rend.com\/wp-content\/uploads\/2022\/09\/mariapocs_2022_11-1024x684.jpg 1024w, https:\/\/www.vitezi-rend.com\/wp-content\/uploads\/2022\/09\/mariapocs_2022_11-300x200.jpg 300w, https:\/\/www.vitezi-rend.com\/wp-content\/uploads\/2022\/09\/mariapocs_2022_11-768x513.jpg 768w, https:\/\/www.vitezi-rend.com\/wp-content\/uploads\/2022\/09\/mariapocs_2022_11-16x12.jpg 16w, https:\/\/www.vitezi-rend.com\/wp-content\/uploads\/2022\/09\/mariapocs_2022_11.jpg 1536w\" sizes=\"(max-width: 1024px) 100vw, 1024px\" \/><\/figure>\n\n\n\n<figure class=\"wp-block-image size-large\"><img decoding=\"async\" loading=\"lazy\" width=\"1024\" height=\"684\" src=\"https:\/\/www.vitezi-rend.com\/wp-content\/uploads\/2022\/09\/mariapocs_2022_12-1024x684.jpg\" alt=\"\" class=\"wp-image-3146\" srcset=\"https:\/\/www.vitezi-rend.com\/wp-content\/uploads\/2022\/09\/mariapocs_2022_12-1024x684.jpg 1024w, https:\/\/www.vitezi-rend.com\/wp-content\/uploads\/2022\/09\/mariapocs_2022_12-300x200.jpg 300w, https:\/\/www.vitezi-rend.com\/wp-content\/uploads\/2022\/09\/mariapocs_2022_12-768x513.jpg 768w, https:\/\/www.vitezi-rend.com\/wp-content\/uploads\/2022\/09\/mariapocs_2022_12-16x12.jpg 16w, https:\/\/www.vitezi-rend.com\/wp-content\/uploads\/2022\/09\/mariapocs_2022_12.jpg 1536w\" sizes=\"(max-width: 1024px) 100vw, 1024px\" \/><\/figure>\n\n\n\n<figure class=\"wp-block-image size-large\"><img decoding=\"async\" loading=\"lazy\" width=\"1024\" height=\"684\" src=\"https:\/\/www.vitezi-rend.com\/wp-content\/uploads\/2022\/09\/mariapocs_2022_13-1024x684.jpg\" alt=\"\" class=\"wp-image-3147\" srcset=\"https:\/\/www.vitezi-rend.com\/wp-content\/uploads\/2022\/09\/mariapocs_2022_13-1024x684.jpg 1024w, https:\/\/www.vitezi-rend.com\/wp-content\/uploads\/2022\/09\/mariapocs_2022_13-300x200.jpg 300w, https:\/\/www.vitezi-rend.com\/wp-content\/uploads\/2022\/09\/mariapocs_2022_13-768x513.jpg 768w, https:\/\/www.vitezi-rend.com\/wp-content\/uploads\/2022\/09\/mariapocs_2022_13-16x12.jpg 16w, https:\/\/www.vitezi-rend.com\/wp-content\/uploads\/2022\/09\/mariapocs_2022_13.jpg 1536w\" sizes=\"(max-width: 1024px) 100vw, 1024px\" \/><\/figure>\n\n\n\n<figure class=\"wp-block-image size-large\"><img decoding=\"async\" loading=\"lazy\" width=\"1024\" height=\"684\" src=\"https:\/\/www.vitezi-rend.com\/wp-content\/uploads\/2022\/09\/mariapocs_2022_14-1024x684.jpg\" alt=\"\" class=\"wp-image-3148\" srcset=\"https:\/\/www.vitezi-rend.com\/wp-content\/uploads\/2022\/09\/mariapocs_2022_14-1024x684.jpg 1024w, https:\/\/www.vitezi-rend.com\/wp-content\/uploads\/2022\/09\/mariapocs_2022_14-300x200.jpg 300w, https:\/\/www.vitezi-rend.com\/wp-content\/uploads\/2022\/09\/mariapocs_2022_14-768x513.jpg 768w, https:\/\/www.vitezi-rend.com\/wp-content\/uploads\/2022\/09\/mariapocs_2022_14-16x12.jpg 16w, https:\/\/www.vitezi-rend.com\/wp-content\/uploads\/2022\/09\/mariapocs_2022_14.jpg 1536w\" sizes=\"(max-width: 1024px) 100vw, 1024px\" \/><\/figure>\n\n\n<div class=\"wp-block-image\">\n<figure class=\"aligncenter size-large\"><img decoding=\"async\" loading=\"lazy\" width=\"1024\" height=\"684\" src=\"https:\/\/www.vitezi-rend.com\/wp-content\/uploads\/2022\/10\/mariapocs_2022_25-1024x684.jpg\" alt=\"\" class=\"wp-image-3167\" srcset=\"https:\/\/www.vitezi-rend.com\/wp-content\/uploads\/2022\/10\/mariapocs_2022_25-1024x684.jpg 1024w, https:\/\/www.vitezi-rend.com\/wp-content\/uploads\/2022\/10\/mariapocs_2022_25-300x200.jpg 300w, https:\/\/www.vitezi-rend.com\/wp-content\/uploads\/2022\/10\/mariapocs_2022_25-768x513.jpg 768w, https:\/\/www.vitezi-rend.com\/wp-content\/uploads\/2022\/10\/mariapocs_2022_25-16x12.jpg 16w, https:\/\/www.vitezi-rend.com\/wp-content\/uploads\/2022\/10\/mariapocs_2022_25.jpg 1536w\" sizes=\"(max-width: 1024px) 100vw, 1024px\" \/><\/figure><\/div>\n\n\n<figure class=\"wp-block-image size-large\"><img decoding=\"async\" loading=\"lazy\" width=\"1024\" height=\"684\" src=\"https:\/\/www.vitezi-rend.com\/wp-content\/uploads\/2022\/09\/mariapocs_2022_15-1024x684.jpg\" alt=\"\" class=\"wp-image-3149\" srcset=\"https:\/\/www.vitezi-rend.com\/wp-content\/uploads\/2022\/09\/mariapocs_2022_15-1024x684.jpg 1024w, https:\/\/www.vitezi-rend.com\/wp-content\/uploads\/2022\/09\/mariapocs_2022_15-300x200.jpg 300w, https:\/\/www.vitezi-rend.com\/wp-content\/uploads\/2022\/09\/mariapocs_2022_15-768x513.jpg 768w, https:\/\/www.vitezi-rend.com\/wp-content\/uploads\/2022\/09\/mariapocs_2022_15-16x12.jpg 16w, https:\/\/www.vitezi-rend.com\/wp-content\/uploads\/2022\/09\/mariapocs_2022_15.jpg 1536w\" sizes=\"(max-width: 1024px) 100vw, 1024px\" \/><\/figure>\n\n\n\n<figure class=\"wp-block-image size-large\"><img decoding=\"async\" loading=\"lazy\" width=\"1024\" height=\"684\" src=\"https:\/\/www.vitezi-rend.com\/wp-content\/uploads\/2022\/09\/mariapocs_2022_16-1024x684.jpg\" alt=\"\" class=\"wp-image-3150\" srcset=\"https:\/\/www.vitezi-rend.com\/wp-content\/uploads\/2022\/09\/mariapocs_2022_16-1024x684.jpg 1024w, https:\/\/www.vitezi-rend.com\/wp-content\/uploads\/2022\/09\/mariapocs_2022_16-300x200.jpg 300w, https:\/\/www.vitezi-rend.com\/wp-content\/uploads\/2022\/09\/mariapocs_2022_16-768x513.jpg 768w, https:\/\/www.vitezi-rend.com\/wp-content\/uploads\/2022\/09\/mariapocs_2022_16-16x12.jpg 16w, https:\/\/www.vitezi-rend.com\/wp-content\/uploads\/2022\/09\/mariapocs_2022_16.jpg 1536w\" sizes=\"(max-width: 1024px) 100vw, 1024px\" \/><\/figure>\n\n\n\n<figure class=\"wp-block-image size-large\"><img decoding=\"async\" loading=\"lazy\" width=\"1024\" height=\"684\" src=\"https:\/\/www.vitezi-rend.com\/wp-content\/uploads\/2022\/09\/mariapocs_2022_17-1024x684.jpg\" alt=\"\" class=\"wp-image-3151\" srcset=\"https:\/\/www.vitezi-rend.com\/wp-content\/uploads\/2022\/09\/mariapocs_2022_17-1024x684.jpg 1024w, https:\/\/www.vitezi-rend.com\/wp-content\/uploads\/2022\/09\/mariapocs_2022_17-300x200.jpg 300w, https:\/\/www.vitezi-rend.com\/wp-content\/uploads\/2022\/09\/mariapocs_2022_17-768x513.jpg 768w, https:\/\/www.vitezi-rend.com\/wp-content\/uploads\/2022\/09\/mariapocs_2022_17-16x12.jpg 16w, https:\/\/www.vitezi-rend.com\/wp-content\/uploads\/2022\/09\/mariapocs_2022_17.jpg 1536w\" sizes=\"(max-width: 1024px) 100vw, 1024px\" \/><\/figure>\n\n\n<div class=\"wp-block-image\">\n<figure class=\"aligncenter size-large\"><img decoding=\"async\" loading=\"lazy\" width=\"1024\" height=\"679\" src=\"https:\/\/www.vitezi-rend.com\/wp-content\/uploads\/2022\/10\/mariapocs_2022_26-1024x679.jpg\" alt=\"\" class=\"wp-image-3169\" srcset=\"https:\/\/www.vitezi-rend.com\/wp-content\/uploads\/2022\/10\/mariapocs_2022_26-1024x679.jpg 1024w, https:\/\/www.vitezi-rend.com\/wp-content\/uploads\/2022\/10\/mariapocs_2022_26-300x199.jpg 300w, https:\/\/www.vitezi-rend.com\/wp-content\/uploads\/2022\/10\/mariapocs_2022_26-768x509.jpg 768w, https:\/\/www.vitezi-rend.com\/wp-content\/uploads\/2022\/10\/mariapocs_2022_26-16x12.jpg 16w, https:\/\/www.vitezi-rend.com\/wp-content\/uploads\/2022\/10\/mariapocs_2022_26.jpg 1536w\" sizes=\"(max-width: 1024px) 100vw, 1024px\" \/><\/figure><\/div>\n\n\n<figure class=\"wp-block-image size-large\"><img decoding=\"async\" loading=\"lazy\" width=\"1024\" height=\"684\" src=\"https:\/\/www.vitezi-rend.com\/wp-content\/uploads\/2022\/09\/mariapocs_2022_18-1024x684.jpg\" alt=\"\" class=\"wp-image-3152\" srcset=\"https:\/\/www.vitezi-rend.com\/wp-content\/uploads\/2022\/09\/mariapocs_2022_18-1024x684.jpg 1024w, https:\/\/www.vitezi-rend.com\/wp-content\/uploads\/2022\/09\/mariapocs_2022_18-300x200.jpg 300w, https:\/\/www.vitezi-rend.com\/wp-content\/uploads\/2022\/09\/mariapocs_2022_18-768x513.jpg 768w, https:\/\/www.vitezi-rend.com\/wp-content\/uploads\/2022\/09\/mariapocs_2022_18-16x12.jpg 16w, https:\/\/www.vitezi-rend.com\/wp-content\/uploads\/2022\/09\/mariapocs_2022_18.jpg 1536w\" sizes=\"(max-width: 1024px) 100vw, 1024px\" \/><\/figure>\n\n\n\n<figure class=\"wp-block-image size-large\"><img decoding=\"async\" loading=\"lazy\" width=\"1024\" height=\"684\" src=\"https:\/\/www.vitezi-rend.com\/wp-content\/uploads\/2022\/09\/mariapocs_2022_19-1024x684.jpg\" alt=\"\" class=\"wp-image-3153\" srcset=\"https:\/\/www.vitezi-rend.com\/wp-content\/uploads\/2022\/09\/mariapocs_2022_19-1024x684.jpg 1024w, https:\/\/www.vitezi-rend.com\/wp-content\/uploads\/2022\/09\/mariapocs_2022_19-300x200.jpg 300w, https:\/\/www.vitezi-rend.com\/wp-content\/uploads\/2022\/09\/mariapocs_2022_19-768x513.jpg 768w, https:\/\/www.vitezi-rend.com\/wp-content\/uploads\/2022\/09\/mariapocs_2022_19-16x12.jpg 16w, https:\/\/www.vitezi-rend.com\/wp-content\/uploads\/2022\/09\/mariapocs_2022_19.jpg 1536w\" sizes=\"(max-width: 1024px) 100vw, 1024px\" \/><\/figure>\n\n\n\n<figure class=\"wp-block-image size-large\"><img decoding=\"async\" loading=\"lazy\" width=\"1024\" height=\"684\" src=\"https:\/\/www.vitezi-rend.com\/wp-content\/uploads\/2022\/09\/mariapocs_2022_20-1024x684.jpg\" alt=\"\" class=\"wp-image-3154\" srcset=\"https:\/\/www.vitezi-rend.com\/wp-content\/uploads\/2022\/09\/mariapocs_2022_20-1024x684.jpg 1024w, https:\/\/www.vitezi-rend.com\/wp-content\/uploads\/2022\/09\/mariapocs_2022_20-300x200.jpg 300w, https:\/\/www.vitezi-rend.com\/wp-content\/uploads\/2022\/09\/mariapocs_2022_20-768x513.jpg 768w, https:\/\/www.vitezi-rend.com\/wp-content\/uploads\/2022\/09\/mariapocs_2022_20-16x12.jpg 16w, https:\/\/www.vitezi-rend.com\/wp-content\/uploads\/2022\/09\/mariapocs_2022_20.jpg 1536w\" sizes=\"(max-width: 1024px) 100vw, 1024px\" \/><\/figure>\n\n\n\n<figure class=\"wp-block-image size-large\"><img decoding=\"async\" loading=\"lazy\" width=\"1024\" height=\"684\" src=\"https:\/\/www.vitezi-rend.com\/wp-content\/uploads\/2022\/09\/mariapocs_2022_21-1024x684.jpg\" alt=\"\" class=\"wp-image-3155\" srcset=\"https:\/\/www.vitezi-rend.com\/wp-content\/uploads\/2022\/09\/mariapocs_2022_21-1024x684.jpg 1024w, https:\/\/www.vitezi-rend.com\/wp-content\/uploads\/2022\/09\/mariapocs_2022_21-300x200.jpg 300w, https:\/\/www.vitezi-rend.com\/wp-content\/uploads\/2022\/09\/mariapocs_2022_21-768x513.jpg 768w, https:\/\/www.vitezi-rend.com\/wp-content\/uploads\/2022\/09\/mariapocs_2022_21-16x12.jpg 16w, https:\/\/www.vitezi-rend.com\/wp-content\/uploads\/2022\/09\/mariapocs_2022_21.jpg 1536w\" sizes=\"(max-width: 1024px) 100vw, 1024px\" \/><\/figure>\n\n\n<div class=\"wp-block-image\">\n<figure class=\"aligncenter size-large\"><img decoding=\"async\" loading=\"lazy\" width=\"1024\" height=\"679\" src=\"https:\/\/www.vitezi-rend.com\/wp-content\/uploads\/2022\/10\/mariapocs_2022_24-1024x679.jpg\" alt=\"\" class=\"wp-image-3165\" srcset=\"https:\/\/www.vitezi-rend.com\/wp-content\/uploads\/2022\/10\/mariapocs_2022_24-1024x679.jpg 1024w, https:\/\/www.vitezi-rend.com\/wp-content\/uploads\/2022\/10\/mariapocs_2022_24-300x199.jpg 300w, https:\/\/www.vitezi-rend.com\/wp-content\/uploads\/2022\/10\/mariapocs_2022_24-768x509.jpg 768w, https:\/\/www.vitezi-rend.com\/wp-content\/uploads\/2022\/10\/mariapocs_2022_24-16x12.jpg 16w, https:\/\/www.vitezi-rend.com\/wp-content\/uploads\/2022\/10\/mariapocs_2022_24.jpg 1536w\" sizes=\"(max-width: 1024px) 100vw, 1024px\" \/><\/figure><\/div>\n\n\n<figure class=\"wp-block-image size-large\"><img decoding=\"async\" loading=\"lazy\" width=\"1024\" height=\"684\" src=\"https:\/\/www.vitezi-rend.com\/wp-content\/uploads\/2022\/09\/mariapocs_2022_22-1024x684.jpg\" alt=\"\" class=\"wp-image-3156\" srcset=\"https:\/\/www.vitezi-rend.com\/wp-content\/uploads\/2022\/09\/mariapocs_2022_22-1024x684.jpg 1024w, https:\/\/www.vitezi-rend.com\/wp-content\/uploads\/2022\/09\/mariapocs_2022_22-300x200.jpg 300w, https:\/\/www.vitezi-rend.com\/wp-content\/uploads\/2022\/09\/mariapocs_2022_22-768x513.jpg 768w, https:\/\/www.vitezi-rend.com\/wp-content\/uploads\/2022\/09\/mariapocs_2022_22-16x12.jpg 16w, https:\/\/www.vitezi-rend.com\/wp-content\/uploads\/2022\/09\/mariapocs_2022_22.jpg 1536w\" sizes=\"(max-width: 1024px) 100vw, 1024px\" \/><\/figure>\n\n\n\n<figure class=\"wp-block-image size-large\"><img decoding=\"async\" loading=\"lazy\" width=\"1024\" height=\"684\" src=\"https:\/\/www.vitezi-rend.com\/wp-content\/uploads\/2022\/09\/mariapocs_2022_23-1024x684.jpg\" alt=\"\" class=\"wp-image-3157\" srcset=\"https:\/\/www.vitezi-rend.com\/wp-content\/uploads\/2022\/09\/mariapocs_2022_23-1024x684.jpg 1024w, https:\/\/www.vitezi-rend.com\/wp-content\/uploads\/2022\/09\/mariapocs_2022_23-300x200.jpg 300w, https:\/\/www.vitezi-rend.com\/wp-content\/uploads\/2022\/09\/mariapocs_2022_23-768x513.jpg 768w, https:\/\/www.vitezi-rend.com\/wp-content\/uploads\/2022\/09\/mariapocs_2022_23-16x12.jpg 16w, https:\/\/www.vitezi-rend.com\/wp-content\/uploads\/2022\/09\/mariapocs_2022_23.jpg 1536w\" sizes=\"(max-width: 1024px) 100vw, 1024px\" \/><\/figure>\n\n\n\n<figure class=\"wp-block-image size-large\"><img decoding=\"async\" loading=\"lazy\" width=\"768\" height=\"1024\" src=\"https:\/\/www.vitezi-rend.com\/wp-content\/uploads\/2024\/05\/vitte-768x1024.jpg\" alt=\"\" class=\"wp-image-4616\" srcset=\"https:\/\/www.vitezi-rend.com\/wp-content\/uploads\/2024\/05\/vitte-768x1024.jpg 768w, https:\/\/www.vitezi-rend.com\/wp-content\/uploads\/2024\/05\/vitte-225x300.jpg 225w, https:\/\/www.vitezi-rend.com\/wp-content\/uploads\/2024\/05\/vitte-1152x1536.jpg 1152w, https:\/\/www.vitezi-rend.com\/wp-content\/uploads\/2024\/05\/vitte-1536x2048.jpg 1536w, https:\/\/www.vitezi-rend.com\/wp-content\/uploads\/2024\/05\/vitte-9x12.jpg 9w, https:\/\/www.vitezi-rend.com\/wp-content\/uploads\/2024\/05\/vitte-scaled.jpg 1920w\" sizes=\"(max-width: 768px) 100vw, 768px\" \/><\/figure>","protected":false},"excerpt":{"rendered":"<p>Fot\u00f3: vit\u00e9z Mat\u00e9csa Elem\u00e9r Istv\u00e1n<\/p>","protected":false},"author":1,"featured_media":0,"parent":0,"menu_order":0,"comment_status":"closed","ping_status":"closed","template":"","meta":{"_genesis_hide_title":false,"_genesis_hide_breadcrumbs":false,"_genesis_hide_singular_image":false,"_genesis_hide_footer_widgets":false,"_genesis_custom_body_class":"","_genesis_custom_post_class":"","_genesis_layout":""},"categories":[],"tags":[],"_links":{"self":[{"href":"https:\/\/www.vitezi-rend.com\/hu\/wp-json\/wp\/v2\/pages\/3134"}],"collection":[{"href":"https:\/\/www.vitezi-rend.com\/hu\/wp-json\/wp\/v2\/pages"}],"about":[{"href":"https:\/\/www.vitezi-rend.com\/hu\/wp-json\/wp\/v2\/types\/page"}],"author":[{"embeddable":true,"href":"https:\/\/www.vitezi-rend.com\/hu\/wp-json\/wp\/v2\/users\/1"}],"replies":[{"embeddable":true,"href":"https:\/\/www.vitezi-rend.com\/hu\/wp-json\/wp\/v2\/comments?post=3134"}],"version-history":[{"count":7,"href":"https:\/\/www.vitezi-rend.com\/hu\/wp-json\/wp\/v2\/pages\/3134\/revisions"}],"predecessor-version":[{"id":4617,"href":"https:\/\/www.vitezi-rend.com\/hu\/wp-json\/wp\/v2\/pages\/3134\/revisions\/4617"}],"wp:attachment":[{"href":"https:\/\/www.vitezi-rend.com\/hu\/wp-json\/wp\/v2\/media?parent=3134"}],"wp:term":[{"taxonomy":"category","embeddable":true,"href":"https:\/\/www.vitezi-rend.com\/hu\/wp-json\/wp\/v2\/categories?post=3134"},{"taxonomy":"post_tag","embeddable":true,"href":"https:\/\/www.vitezi-rend.com\/hu\/wp-json\/wp\/v2\/tags?post=3134"}],"curies":[{"name":"wp","href":"https:\/\/api.w.org\/{rel}","templated":true}]}}