{"id":3246,"date":"2022-11-22T18:49:25","date_gmt":"2022-11-22T17:49:25","guid":{"rendered":"https:\/\/www.vitezi-rend.com\/?page_id=3246"},"modified":"2022-12-11T21:34:15","modified_gmt":"2022-12-11T20:34:15","slug":"order-of-vitez-questions-and-mistakes","status":"publish","type":"page","link":"https:\/\/www.vitezi-rend.com\/hu\/order-of-vitez-questions-and-mistakes\/","title":{"rendered":"Vit\u00e9zi Rend \u2013 k\u00e9rd\u00e9sek \u00e9s t\u00e9ved\u00e9sek"},"content":{"rendered":"<p class=\"has-text-align-center\"><em>Szerz\u0151: dr. vit\u00e9z nemes berniczei Berniczei-Ro\u00ffk\u00f3 \u00c1d\u00e1m<\/em><br><em>F\u0151kapit\u00e1ny-helyettes, Magyarorsz\u00e1g orsz\u00e1gos t\u00f6rzskapit\u00e1nya<\/em><\/p>\n\n\n\n<p>Ut\u00f3bbi id\u0151ben gyakrabban hallom a tematik\u00e1ban kev\u00e9sb\u00e9 j\u00e1rtas, t\u00e1j\u00e9kozatlan vagy egyszer\u0171en dezinform\u00e1lt besz\u00e9lget\u0151 partnerekt\u0151l a k\u00e9rd\u00e9st:<\/p>\n\n\n\n<p>\u201e\u2013 Akkor ez most hogy van, melyik Vit\u00e9zi Rend is ez\u2026 ? Mert van bel\u0151le id\u0151k\u00f6zben vagy\u2026. \u00e9s mind azt \u00e1ll\u00edtja mag\u00e1r\u00f3l, hogy \u0151 az igazi, \u2026 \u00e9s bejegyzett egyes\u00fclet\u2026\u201c<\/p>\n\n\n\n<p>H\u00e1t pont ez az\u2026 Akkor tiszt\u00e1zzuk.<\/p>\n\n\n\n<p>Az Orsz\u00e1gos Vit\u00e9zi Sz\u00e9ket a 6650\/1920. sz\u00e1m\u00fa minisztereln\u00f6ki rendelettel alap\u00edtott\u00e1k meg a Magyar Kir\u00e1lys\u00e1gban.<\/p>\n\n\n\n<p>A Vit\u00e9zi Rendet \u2013 melynek fons honoruma a Szent Korona \u2013 m\u00e1r maga az Orsz\u00e1gos Vit\u00e9zi Sz\u00e9k hozta l\u00e9tre, saj\u00e1t hat\u00e1rozat\u00e1val. Ennek \u00e9s egyben a rendnek is vezet\u0151je a F\u0151kapit\u00e1ny. A Vit\u00e9zi Rend 1945-ig jog\u00e1ll\u00e1s\u00e1t tekintve k\u00f6ztest\u00fclet volt, mint p\u00e9ld\u00e1ul a Magyar Tudom\u00e1nyos Akad\u00e9mia.<\/p>\n\n\n\n<p>E jogi st\u00e1tusz rehabilit\u00e1ci\u00f3j\u00e1ra jelenleg sajnos nincs lehet\u0151s\u00e9g.<\/p>\n\n\n\n<p>1945 ut\u00e1n k\u00fclf\u00f6ld\u00f6n, emigr\u00e1ci\u00f3ban m\u0171k\u00f6d\u00f6tt tov\u00e1bb; 1962-t\u0151l az ICOC \u00e1ltal lovagrendk\u00e9nt elismerve \u2013 ennek id\u00e9n pont 60 esztendeje \u2013, s az\u00f3ta is az egyetlen (!) nemzetk\u00f6zileg elismert magyar eredet\u0171 vit\u00e9zi vagy lovagi szervezetk\u00e9nt \u00e9l.<\/p>\n\n\n\n<p>Egy rendi st\u00e1tusz\u00fa int\u00e9zm\u00e9ny soha nem lehet \u00e9s nem is lesz egyenl\u0151 egy \u00e1ltala, vagy m\u00e1sok \u00e1ltal hasonl\u00f3 vagy azonos n\u00e9ven alap\u00edtott egyes\u00fclettel, melynek term\u00e9szet\u00e9b\u0151l ered\u0151en nincs fons honoruma, m\u00e9g akkor sem, ha horribile dictu az \u00f6sszes rendtag elhagyn\u00e1 a rendet \u00e9s \u201e\u00e1tl\u00e9pne\u201d az egyes\u00fcletbe, pontosabb katonai kifejez\u00e9ssel \u00e9lve, megszegve a F\u0151kapit\u00e1ny el\u0151tt a Szent Koron\u00e1ra tett rendi esk\u00fcj\u00e9t dezert\u00e1lna.<\/p>\n\n\n\n<p>P\u00e9ld\u00e1nak ok\u00e1\u00e9rt, \u00e1lljon itt a Szuver\u00e9n M\u00e1ltai Lovagrend seg\u00e9lyszervezet\u00e9nek, a M\u00e1ltai Szeretetszolg\u00e1latnak k\u00e9pzeletbeli \u201e\u00f6n\u00e1ll\u00f3sod\u00e1sa\u201d.<\/p>\n\n\n\n<p>Ha p\u00e9ld\u00e1ul a Szeretetszolg\u00e1lat egyszer csak \u00fagy d\u00f6ntene, hogy m\u00e1t\u00f3l \u0151 is \u201eM\u00e1ltai Lovagrendk\u00e9nt\u201c m\u0171k\u00f6dik tov\u00e1bb\u2026 , nos ett\u0151l m\u00e9g nem lesz lovagrend, maradna tov\u00e1bbra is bejegyzett egyes\u00fclet \u2013 igaz ugyan, hogy \u201eM\u00e1ltai Lovagrend\u201d n\u00e9ven \u2013, de akkor sem lenne lovagrend, csak ut\u00e1nozn\u00e1 a Szuver\u00e9n M\u00e1ltai Lovagrend hagyom\u00e1nyait, megjelen\u00e9s\u00e9t, cerem\u00f3ni\u00e1it, vagy ak\u00e1r c\u00e9lkit\u0171z\u00e9seit is\u2026<\/p>\n\n\n\n<p>Ez a finoman sz\u00f3lva is cs\u00fasztat\u00e1ssal l\u00e9trej\u00f6v\u0151 sajn\u00e1latos helyzet viszont lehet\u0151s\u00e9get ad sok j\u00f3hiszem\u0171, de kev\u00e9sb\u00e9 k\u00f6r\u00fcltekint\u0151 ember megt\u00e9veszt\u00e9s\u00e9re, hiszen \u0151k azt hiszik, hogy egy nagym\u00falt\u00fa \u201elovagrendbe\u201d, vagy \u201eVit\u00e9zi Rendbe\u201d l\u00e9pnek be, pedig csak egy egyes\u00fclet tagj\u00e1v\u00e1 v\u00e1lnak, ami ut\u00e1nozza az adott legitim rendet.<\/p>\n\n\n\n<p>M\u00e9g k\u00f6z\u00e9rthet\u0151bben:<\/p>\n\n\n\n<p>\u2013 Ha a Magyar \u00c1llam l\u00e9trehoz egy Magyar \u00c1llam Egyes\u00fcletet \u2013 amit a b\u00edr\u00f3s\u00e1g r\u00e1ad\u00e1sul \u00edgy, ezen a n\u00e9ven be is jegyez \u00e9s felveszik az egyes\u00fcletek nyilv\u00e1ntart\u00e1s\u00e1ba \u2013 majd k\u00e9s\u0151bb ez a m\u00e1r bejegyzett Magyar \u00c1llam Egyes\u00fclet megv\u00e1ltoztatja, leegyszer\u0171s\u00edti a nev\u00e9t Magyar \u00c1llamra \u2013elhagyv\u00e1n elnevez\u00e9s\u00e9b\u0151l az \u201eEgyes\u00fclet\u201d sz\u00f3t \u2013, nos ett\u0151l m\u00e9g nem v\u00e1lik egy m\u00e1sodik Magyar \u00c1llamm\u00e1, marad egyszer\u0171 egyes\u00fclet. Gondolom, \u00e9rezhet\u0151 a dolog nonszensz jellege\u2026<\/p>\n\n\n\n<p>Majd ennek a \u201eMagyar \u00c1llam bejegyzett egyes\u00fcletnek\u201c a megv\u00e1lasztott eln\u00f6ke egy vid\u00e1m \u00f6tlett\u0151l vez\u00e9relve elkezdi \u00f6nmag\u00e1t \u00e1llamf\u0151nek, \u00e9rtsd nagymesternek vagy f\u0151kapit\u00e1nynak nevezni, s a gyan\u00fatlan \u00e9rdekl\u0151d\u0151knek \u201c\u00e1llampolg\u00e1rs\u00e1got\u201d \u00e9rtsd \u201erendtags\u00e1got\u201c osztogatni, \u201eavat\u00e1si\u201c cerem\u00f3nia keret\u00e9ben, melynek term\u00e9szetesen van anyagi vonzata is\u2026 Nos e folyamat v\u00e9geredm\u00e9ny\u00e9nek \u00e9rt\u00e9k\u00e9t (pseudolovagi vagy pseudovit\u00e9zi \u201erang\u201d) \u00e9s tekint\u00e9ly\u00e9t mindenki d\u00f6ntse el maga.<\/p>\n\n\n\n<p>A legitim Vit\u00e9zi Rend sem v\u00e1lt egyenl\u0151v\u00e9 az 1992-ben Vit\u00e9zi Rend Magyarorsz\u00e1gi Tagozata n\u00e9ven bejegyzett, rendtagok \u00e1ltal alap\u00edtott (!) t\u00e1rsadalmi szervezet\u00e9vel; egy egyes\u00fclettel, amelyet egy rendtag k\u00e9pviselt eln\u00f6kk\u00e9nt saj\u00e1t lak\u00e1s\u00e1t jegyeztetve sz\u00e9khely\u00fcl. Akkor sem v\u00e1lt eggy\u00e9 a legitim Vit\u00e9zi Rend \u00e9s egyes\u00fclete amikor, ez ut\u00f3bbi a k\u00e9s\u0151bbiek folyam\u00e1n megv\u00e1ltoztatta a nev\u00e9t egyszer\u0171en csak Vit\u00e9zi Rendre, ezzel h\u00e1tat ford\u00edtva a val\u00f3s \u00e9s legitim Vit\u00e9zi Rendnek, becsapva annak f\u0151kapit\u00e1ny\u00e1t vit\u00e9z Habsburg-Lotharingiai J\u00f3zsef \u00c1rp\u00e1d f\u0151herceget, magyar kir\u00e1lyi herceget.<\/p>\n\n\n\n<p>Nem v\u00e1lhattak egyenl\u0151v\u00e9, hiszen szervezet-tekint\u00e9lyi k\u00e9rd\u00e9seken t\u00fal, organiz\u00e1ci\u00f3s strukt\u00far\u00e1jukat n\u00e9zve is mer\u0151ben k\u00fcl\u00f6nb\u00f6z\u0151 jogi entit\u00e1sok. Alma vs k\u00f6rte, pontosabban az egyik egy Rend, a m\u00e1sik egy egyes\u00fclet\u2026<\/p>\n\n\n\n<p>A legitim Vit\u00e9zi Rend a Sv\u00e9d Kir\u00e1lys\u00e1g ter\u00fclet\u00e9n bejegyzett eur\u00f3pai \u00fani\u00f3s jogalany, egy a magyar t\u00f6rt\u00e9nelmi alapjain b\u00fcszk\u00e9n \u00e9s biztosan \u00e1ll\u00f3, magyar nemzettudat\u00fa, patri\u00f3ta \u00e9rzelm\u0171, a tradicion\u00e1lis eur\u00f3pai kereszt\u00e9ny\/kereszty\u00e9n \u00e9rt\u00e9krendet vall\u00f3 \u00e9s hirdet\u0151, nemzetk\u00f6zileg elismert, k\u00fclf\u00f6ld\u00f6n is igen nagytekint\u00e9ly\u0171 eszmei k\u00f6z\u00f6ss\u00e9g, mely hierarchikus rendi strukt\u00far\u00e1val b\u00edr, \u00e9l\u00e9n f\u0151kapit\u00e1nyk\u00e9nt vit\u00e9z Habsburg-Lotharingiai J\u00f3zsef K\u00e1roly f\u0151herceggel, magyar kir\u00e1lyi herceggel, m\u00edg a Vit\u00e9zi Rend elnevez\u00e9st ilyen vagy olyan form\u00e1ban haszn\u00e1l\u00f3 polg\u00e1ri egyes\u00fcletek \u00e9rtelem szerint nem rendek, \u2013 m\u00e9g akkor sem, ha fel\u00e9p\u00edt\u00e9s\u00fck a rendi strukt\u00far\u00e1t is ut\u00e1nozza \u2013 \u00e9l\u00fck\u00f6n egyes\u00fcleti nyilv\u00e1ntart\u00e1sban bejegyzett eln\u00f6k\u00f6k \u00e1llnak( akkor is az, ha nagymesternek vagy f\u0151kapit\u00e1nynak h\u00edvatj\u00e1k magukat), legf\u0151bb d\u00f6nt\u00e9shoz\u00f3 test\u00fclet\u00fck pedig az egyes\u00fcleti k\u00f6zgy\u0171l\u00e9s.<\/p>\n\n\n\n<p>Konkl\u00fazi\u00f3: legitim Vit\u00e9zi Rend \u2013 mint Rend \u2013 egy van. Egy\u00e9b azonos vagy hasonl\u00f3 n\u00e9ven ismert t\u00e1rsas\u00e1g pedig jogilag sem m\u00e1s, mint egy egyes\u00fclet. M\u00e1s m\u0171fajok. Olyan ez, mint egy komoly, klasszikus opera, \u00e9s egy nem t\u00fal szeri\u00f3zus operett k\u00f6zti k\u00fcl\u00f6nbs\u00e9g\u2026<\/p>\n\n\n\n<hr style=\"border-top: 1px solid gray;\">\n\n\n\n<div class=\"wp-block-image\"><figure class=\"aligncenter size-large\"><img decoding=\"async\" loading=\"lazy\" width=\"659\" height=\"1024\" src=\"https:\/\/www.vitezi-rend.com\/wp-content\/uploads\/2022\/11\/szakadasok_a_Vitezi_Rendben-659x1024.jpg\" alt=\"\" class=\"wp-image-3253\" srcset=\"https:\/\/www.vitezi-rend.com\/wp-content\/uploads\/2022\/11\/szakadasok_a_Vitezi_Rendben-659x1024.jpg 659w, https:\/\/www.vitezi-rend.com\/wp-content\/uploads\/2022\/11\/szakadasok_a_Vitezi_Rendben-193x300.jpg 193w, https:\/\/www.vitezi-rend.com\/wp-content\/uploads\/2022\/11\/szakadasok_a_Vitezi_Rendben-768x1193.jpg 768w, https:\/\/www.vitezi-rend.com\/wp-content\/uploads\/2022\/11\/szakadasok_a_Vitezi_Rendben-989x1536.jpg 989w, https:\/\/www.vitezi-rend.com\/wp-content\/uploads\/2022\/11\/szakadasok_a_Vitezi_Rendben-1318x2048.jpg 1318w, https:\/\/www.vitezi-rend.com\/wp-content\/uploads\/2022\/11\/szakadasok_a_Vitezi_Rendben-8x12.jpg 8w, https:\/\/www.vitezi-rend.com\/wp-content\/uploads\/2022\/11\/szakadasok_a_Vitezi_Rendben-scaled.jpg 1648w\" sizes=\"(max-width: 659px) 100vw, 659px\" \/><\/figure><\/div>","protected":false},"excerpt":{"rendered":"<p>Author: Dr. Vit\u00e9z Nob. \u00c1d\u00e1m Berniczei-Ro\u00ffk\u00f3 de BerniczeDeputy Captain General, Staff Captain of Hungary Lately, from less informed, or simply misinformed friends I often hear the question: &#8220;\u2013 So how is it now, which Order of Vit\u00e9z is this&#8230; ? Because there are a few of them out there&#8230;. and they all claim to be [&hellip;]<\/p>","protected":false},"author":1,"featured_media":0,"parent":0,"menu_order":0,"comment_status":"closed","ping_status":"closed","template":"","meta":{"_genesis_hide_title":false,"_genesis_hide_breadcrumbs":false,"_genesis_hide_singular_image":false,"_genesis_hide_footer_widgets":false,"_genesis_custom_body_class":"","_genesis_custom_post_class":"","_genesis_layout":""},"categories":[],"tags":[],"_links":{"self":[{"href":"https:\/\/www.vitezi-rend.com\/hu\/wp-json\/wp\/v2\/pages\/3246"}],"collection":[{"href":"https:\/\/www.vitezi-rend.com\/hu\/wp-json\/wp\/v2\/pages"}],"about":[{"href":"https:\/\/www.vitezi-rend.com\/hu\/wp-json\/wp\/v2\/types\/page"}],"author":[{"embeddable":true,"href":"https:\/\/www.vitezi-rend.com\/hu\/wp-json\/wp\/v2\/users\/1"}],"replies":[{"embeddable":true,"href":"https:\/\/www.vitezi-rend.com\/hu\/wp-json\/wp\/v2\/comments?post=3246"}],"version-history":[{"count":6,"href":"https:\/\/www.vitezi-rend.com\/hu\/wp-json\/wp\/v2\/pages\/3246\/revisions"}],"predecessor-version":[{"id":3522,"href":"https:\/\/www.vitezi-rend.com\/hu\/wp-json\/wp\/v2\/pages\/3246\/revisions\/3522"}],"wp:attachment":[{"href":"https:\/\/www.vitezi-rend.com\/hu\/wp-json\/wp\/v2\/media?parent=3246"}],"wp:term":[{"taxonomy":"category","embeddable":true,"href":"https:\/\/www.vitezi-rend.com\/hu\/wp-json\/wp\/v2\/categories?post=3246"},{"taxonomy":"post_tag","embeddable":true,"href":"https:\/\/www.vitezi-rend.com\/hu\/wp-json\/wp\/v2\/tags?post=3246"}],"curies":[{"name":"wp","href":"https:\/\/api.w.org\/{rel}","templated":true}]}}