{"id":3751,"date":"2023-01-15T21:10:17","date_gmt":"2023-01-15T20:10:17","guid":{"rendered":"https:\/\/www.vitezi-rend.com\/?page_id=3751"},"modified":"2023-06-26T18:12:03","modified_gmt":"2023-06-26T17:12:03","slug":"commemorating-80-years-since-the-don-disaster-1943","status":"publish","type":"page","link":"https:\/\/www.vitezi-rend.com\/hu\/commemorating-80-years-since-the-don-disaster-1943\/","title":{"rendered":"A doni \u00e1tt\u00f6r\u00e9s 80. \u00e9vfordul\u00f3j\u00e1ra eml\u00e9kezve"},"content":{"rendered":"<p class=\"has-text-align-center\"><em>Szerz\u0151: vit\u00e9z Max Thimmig, vit\u00e9zi hadnagy<\/em><\/p>\n\n\n\n<p>[Megjegyz\u00e9s: 80 \u00e9ve t\u00f6rt\u00e9nt, hogy a szovjet csapatok 1943. janu\u00e1r 12-\u00e9n \u00e1tt\u00f6rt\u00e9k a magyar arcvonalat a Don-kanyarban. Az erre val\u00f3 megeml\u00e9kez\u00e9s jegy\u00e9ben sz\u00fcletett meg vit\u00e9z Max Thimmig, legitim Vit\u00e9zi Rend\u00fcnk hadnagy\u00e1nak cikke.]<\/p>\n\n\n\n<p><strong>Ma, janu\u00e1r 12-\u00e9n eml\u00e9kez\u00fcnk meg a doni-katasztr\u00f3f\u00e1r\u00f3l, illetve a 2. magyar hadsereg 1943 tel\u00e9n, keleti fronton bek\u00f6vetkezett buk\u00e1s\u00e1r\u00f3l. Magyarorsz\u00e1gon sokan megeml\u00e9keznek err\u0151l a napr\u00f3l, k\u00fcl\u00f6n\u00f6sen a Magyar Honv\u00e9ds\u00e9gen bel\u00fcl, \u00e9s ez a Vit\u00e9zi Rend sz\u00e1m\u00e1ra is kiemelt, hivatalos eml\u00e9knap. Ebben az \u00e9vben van a 80. \u00e9vfordul\u00f3ja a doni fronton 1943 janu\u00e1rj\u00e1ban bek\u00f6vetkezett v\u00e9gzetes esem\u00e9nyeknek.<\/strong><\/p>\n\n\n\n<p>1943. janu\u00e1r 12-\u00e9n a Szovjetuni\u00f3 megind\u00edtotta az Osztrogozsszk-Rosszos offenz\u00edv\u00e1t, ahol a szovjet 6. hadtest \u00e9s a 3. p\u00e1nc\u00e9los hadoszt\u00e1ly megt\u00e1madta a 8 olasz hadtest  \u00e9s a 2. magyar hadsereg er\u0151it a voronyezsi fronton. A 6. n\u00e9met hadsereg szt\u00e1lingr\u00e1di beker\u00edt\u00e9s\u00e9t k\u00f6vet\u0151en a 2. hadsereg a keleti fronton 1942. november v\u00e9g\u00e9n igen kem\u00e9ny t\u00e9llel \u00e1llott szemben vit\u00e9z J\u00e1ny Guszt\u00e1v ezredes parancsnoks\u00e1ga alatt. Ahogy bek\u00f6sz\u00f6nt\u00f6tt a t\u00e9l, a 2. hadsereg ut\u00e1np\u00f3tl\u00e1sa \u00f6sszeomlott, \u00edgy a frontvonalbeli egys\u00e9gek \u00e9lelem, t\u00e9li ruh\u00e1zat, \u00fczemanyag, \u00e9p\u00edt\u0151anyagok alapvet\u0151 sz\u00fcks\u00e9gletei n\u00e9lk\u00fcl maradtak. Ezenfel\u00fcl a 2. hadtest f\u00e1z\u00f3 \u00e9s \u00e9hez\u0151 magyar katon\u00e1inak a frontvonal egyre hosszabb \u00e9s hosszabb szakasz\u00e1t kellett v\u00e9deni, mivel egyre t\u00f6bb n\u00e9met egys\u00e9get k\u00fcldtek Szt\u00e1lingr\u00e1dba. A szovjet offenz\u00edva v\u00e1rhat\u00f3 volt, mivel a magyar katon\u00e1k megfigyelhett\u00e9k a szemben\u00e1ll\u00f3 fronton felgy\u00fcleml\u0151 szovjet er\u0151ket.<\/p>\n\n\n\n<p>A szovjet er\u0151k t\u00e1mad\u00e1sakor a megtizedelt magyar er\u0151k b\u00fcszk\u00e9n \u00e9s b\u00e1tran harcoltak a mindent els\u00f6pr\u0151 ellens\u00e9ggel szemben. A magyarok a front sz\u00e1mos szakasz\u00e1n a V\u00f6r\u00f6s Hadsereg t\u00e1mad\u00e1s\u00e1nak t\u00f6bb hull\u00e1m\u00e1val megk\u00fczd\u00f6ttek, miel\u0151tt visszavonul\u00e1sra k\u00e9nyszer\u00fcltek volna. Ahogy a harcok folytat\u00f3dtak, a h\u0151m\u00e9rs\u00e9klet -40 \u2013 -45 \u00b0C-ra cs\u00f6kkent, ami a fegyverek meghib\u00e1sod\u00e1s\u00e1hoz, a harckocsik beind\u00edt\u00e1s\u00e1nak ellehetetlen\u00fcl\u00e9s\u00e9hez vezetett, nem is besz\u00e9lve a sz\u00e1mtalan katon\u00e1t gy\u00f6tr\u0151 s\u00falyos, fagy\u00e1s okozta s\u00e9r\u00fcl\u00e9sek eseteir\u0151l. A harcok sor\u00e1n p\u00e9ld\u00e1s tan\u00fas\u00e1got tettek kiv\u00e9teles b\u00e1tors\u00e1gr\u00f3l mind egy\u00e9ni, mind egys\u00e9gszinten. De a b\u00e1tor ki\u00e1ll\u00e1s \u00f6nmag\u00e1ban nem tudta meg\u00e1ll\u00edtani a V\u00f6r\u00f6s Hadsereg t\u00e1mad\u00e1sainak v\u00e9gtelen hull\u00e1mait. A magyar egys\u00e9gek t\u00f6bb helyen nyolc\u2013kilenc szovjet t\u00e1mad\u00e1st h\u00e1r\u00edtottak el, miel\u0151tt elfogyott volna a l\u0151szer\u00fck \u00e9s visszavonul\u00e1sra k\u00e9nyszer\u00fcltek volna. Sok magyar egys\u00e9get, p\u00e9ld\u00e1ul a 12. k\u00f6nny\u0171 hadoszt\u00e1lyt beker\u00edtett\u00e9k, am\u00edg a t\u00f6bbieket visszavonul\u00e1sra k\u00e9nyszer\u00edtett\u00e9k. T\u00f6bb ellent\u00e1mad\u00e1st kezdem\u00e9nyeztek, \u00e9s b\u00e1r t\u00f6bbsz\u00f6r is siker\u00fclt feltartani a V\u00f6r\u00f6s Hadsereget, ezek a sikerek csup\u00e1n \u00e1tmenetiek voltak. Sz\u00e1mos egys\u00e9g gyakorlatilag megsemmis\u00fclt a harcok sor\u00e1n. A p\u00e9lda\u00e9rt\u00e9k\u0171 b\u00e1tors\u00e1g mellett sz\u00e1mtalan szenved\u00e9s, hal\u00e1leset \u00e9s \u00e1ldozat volt.<\/p>\n\n\n\n<p>T\u00f6bb napos heves harcok ut\u00e1n vit\u00e9z J\u00e1ny Guszt\u00e1v vez\u00e9rezredes elrendelte a 2. magyar hadsereg visszavonul\u00e1s\u00e1t az Oszkol foly\u00f3 ir\u00e1ny\u00e1ba. Sok egys\u00e9g hatalmas vesztes\u00e9geket szenvedett el, p\u00e9ld\u00e1ul az 1. p\u00e1nc\u00e9los hadoszt\u00e1ly n\u00e9h\u00e1ny napon bel\u00fcl egyetlen m\u0171k\u00f6d\u0151k\u00e9pes harckocsiv\u00e1 zsugorodott, m\u00edg az 1. l\u00e9gi deszant szem\u00e9lyzet\u00e9nek nagy r\u00e9sze a f\u00f6ld\u00f6n vesztette \u00e9let\u00e9t, amikor a szovjet tankok ellept\u00e9k a rep\u00fcl\u0151tereket. A gr\u00f3f Stomm Marcel alt\u00e1bornagy vezette 3. hadtest 1943. janu\u00e1r 26-\u00e1ig tartotta \u00e1ll\u00e1sait a Don foly\u00f3n\u00e1l a n\u00e9met visszavonul\u00e1st fedezve a szovjet t\u00e1mad\u00e1s ellen, ez az esem\u00e9ny a hadtest teljes feloszlat\u00e1s\u00e1hoz vezetett. Stomm maga is elvesztette mindk\u00e9t l\u00e1b\u00e1t fagy\u00e1si s\u00e9r\u00fcl\u00e9s miatt, majd szovjet fogs\u00e1gba esett. A szovjet offenz\u00edva 1943. febru\u00e1r k\u00f6zep\u00e9n \u00e9rt v\u00e9get, ezt a Harkovra ir\u00e1nyul\u00f3 Zvezda (oroszul csillag) m\u0171velet k\u00f6vette.<em>Ru<\/em>. Star) aimed at Kharkov.<\/p>\n\n\n\n<p>A 2. magyar hadsereg vesztes\u00e9gei a legnagyobbak, amelyeket valaha magyar hadsereg elszenvedett. A 200 000 f\u0151t sz\u00e1ml\u00e1l\u00f3 katon\u00e1b\u00f3l \u00e9s 50 000 munkaszolg\u00e1latosb\u00f3l az 1943. janu\u00e1ri csat\u00e1k 100 000 halottat, 35 000 sebes\u00fcltet \u00e9s 60 000 hadifoglyot k\u00f6veteltek. A 60 000 magyar hadifogolyra bizonytalan j\u00f6v\u0151 v\u00e1rt, \u00e9s csup\u00e1n 40 000 t\u00e9rt haza Magyarorsz\u00e1gra, az utols\u00f3 1955-ben.<\/p>\n\n\n\n<p>A Vit\u00e9zi Rend tagjaik\u00e9nt ma megeml\u00e9kez\u00fcnk ezeknek a magyar katon\u00e1knak a 80 \u00e9vvel ezel\u0151tti \u00e1ldozat\u00e1r\u00f3l, szenved\u00e9s\u00e9r\u0151l \u00e9s b\u00e1tors\u00e1g\u00e1r\u00f3l. Magyarorsz\u00e1g minden r\u00e9sz\u00e9n k\u00fcl\u00f6nb\u00f6z\u0151 \u00fcnneps\u00e9geken, \u00f6sszej\u00f6veteleken hajtanak fejet az esem\u00e9nyek el\u0151tt. A Vit\u00e9zi Rend tagjai k\u00fclf\u00f6ld\u00f6n is gyertyagy\u00fajt\u00e1ssal eml\u00e9keznek meg a doni harcokban r\u00e9szt vett 2. magyar hadsereg katon\u00e1ir\u00f3l. <\/p>\n\n\n\n<p>A katon\u00e1k akik soha nem t\u00e9rtek vissza a legt\u00f6bbet adt\u00e1k Magyarorsz\u00e1g\u00e9rt, az \u00e9let\u00fcket!\nEml\u00e9kezz\u00fcnk r\u00e1juk!<\/p>","protected":false},"excerpt":{"rendered":"<p>Author: Vit\u00e9z Max Thimmig, Lieutenant of the Order of Vit\u00e9z [Note: It has been 80 years since the Soviet troops broke through the Hungarian front line in the Don Bend on January 12, 1943. In commemoration of this, Vit\u00e9z Max Thimmig, lieutenant of our a legitimate Order of Vit\u00e9z, created an article.] Today, the 12th [&hellip;]<\/p>","protected":false},"author":1,"featured_media":0,"parent":0,"menu_order":0,"comment_status":"closed","ping_status":"closed","template":"","meta":{"_genesis_hide_title":false,"_genesis_hide_breadcrumbs":false,"_genesis_hide_singular_image":false,"_genesis_hide_footer_widgets":false,"_genesis_custom_body_class":"","_genesis_custom_post_class":"","_genesis_layout":""},"categories":[],"tags":[],"_links":{"self":[{"href":"https:\/\/www.vitezi-rend.com\/hu\/wp-json\/wp\/v2\/pages\/3751"}],"collection":[{"href":"https:\/\/www.vitezi-rend.com\/hu\/wp-json\/wp\/v2\/pages"}],"about":[{"href":"https:\/\/www.vitezi-rend.com\/hu\/wp-json\/wp\/v2\/types\/page"}],"author":[{"embeddable":true,"href":"https:\/\/www.vitezi-rend.com\/hu\/wp-json\/wp\/v2\/users\/1"}],"replies":[{"embeddable":true,"href":"https:\/\/www.vitezi-rend.com\/hu\/wp-json\/wp\/v2\/comments?post=3751"}],"version-history":[{"count":3,"href":"https:\/\/www.vitezi-rend.com\/hu\/wp-json\/wp\/v2\/pages\/3751\/revisions"}],"predecessor-version":[{"id":4145,"href":"https:\/\/www.vitezi-rend.com\/hu\/wp-json\/wp\/v2\/pages\/3751\/revisions\/4145"}],"wp:attachment":[{"href":"https:\/\/www.vitezi-rend.com\/hu\/wp-json\/wp\/v2\/media?parent=3751"}],"wp:term":[{"taxonomy":"category","embeddable":true,"href":"https:\/\/www.vitezi-rend.com\/hu\/wp-json\/wp\/v2\/categories?post=3751"},{"taxonomy":"post_tag","embeddable":true,"href":"https:\/\/www.vitezi-rend.com\/hu\/wp-json\/wp\/v2\/tags?post=3751"}],"curies":[{"name":"wp","href":"https:\/\/api.w.org\/{rel}","templated":true}]}}