{"id":839,"date":"2020-05-04T09:08:24","date_gmt":"2020-05-04T08:08:24","guid":{"rendered":"https:\/\/vitezi-rend.com\/?page_id=839"},"modified":"2026-01-17T17:34:29","modified_gmt":"2026-01-17T16:34:29","slug":"video","status":"publish","type":"page","link":"https:\/\/www.vitezi-rend.com\/hu\/video\/","title":{"rendered":"Vide\u00f3"},"content":{"rendered":"<p class=\"has-text-align-center\"><br><strong>VIT\u00c9ZAVAT\u00c1S DEBRECENBEN \u2013 2025<\/strong><\/p>\n\n\n\n<figure class=\"wp-block-embed is-type-video is-provider-youtube wp-block-embed-youtube wp-embed-aspect-16-9 wp-has-aspect-ratio\"><div class=\"wp-block-embed__wrapper\">\n<iframe loading=\"lazy\" title=\"Vit\u00e9zavat\u00e1s Debrecenben 2025\" width=\"500\" height=\"281\" src=\"https:\/\/www.youtube.com\/embed\/i_3rqbnqJnA?feature=oembed\" frameborder=\"0\" allow=\"accelerometer; autoplay; clipboard-write; encrypted-media; gyroscope; picture-in-picture; web-share\" referrerpolicy=\"strict-origin-when-cross-origin\" allowfullscreen><\/iframe>\n<\/div><\/figure>\n\n\n\n<p class=\"has-text-align-center\"><br><strong>VIT\u00c9ZAVAT\u00c1S G\u00d6D\u00d6LL\u0150N \u2013 2024<\/strong><\/p>\n\n\n\n<figure class=\"wp-block-embed is-type-video is-provider-youtube wp-block-embed-youtube wp-embed-aspect-16-9 wp-has-aspect-ratio\"><div class=\"wp-block-embed__wrapper\">\n<iframe loading=\"lazy\" title=\"vitezavatas gdl kirkast 2024 08 31 189p\" width=\"500\" height=\"281\" src=\"https:\/\/www.youtube.com\/embed\/hvzypwjtmB0?feature=oembed\" frameborder=\"0\" allow=\"accelerometer; autoplay; clipboard-write; encrypted-media; gyroscope; picture-in-picture; web-share\" referrerpolicy=\"strict-origin-when-cross-origin\" allowfullscreen><\/iframe>\n<\/div><figcaption class=\"wp-element-caption\"> <\/figcaption><\/figure>\n\n\n\n<p class=\"has-text-align-center\"><br><strong>VIT\u00c9ZAVAT\u00c1S M\u00c1RIAP\u00d3CSON \u2013 2023<\/strong><\/p>\n\n\n\n<figure class=\"wp-block-embed is-type-video is-provider-youtube wp-block-embed-youtube wp-embed-aspect-16-9 wp-has-aspect-ratio\"><div class=\"wp-block-embed__wrapper\">\n<iframe loading=\"lazy\" title=\"VIT\u00c9ZAVAT\u00c1S  (r\u00e9szlet)  -  M\u00e1riap\u00f3cs,  2023. 09. 02.\" width=\"500\" height=\"281\" src=\"https:\/\/www.youtube.com\/embed\/Wr_t52WzkBs?feature=oembed\" frameborder=\"0\" allow=\"accelerometer; autoplay; clipboard-write; encrypted-media; gyroscope; picture-in-picture; web-share\" referrerpolicy=\"strict-origin-when-cross-origin\" allowfullscreen><\/iframe>\n<\/div><figcaption class=\"wp-element-caption\"> <\/figcaption><\/figure>\n\n\n\n<p><\/p>\n\n\n\n<p class=\"has-text-align-center\"><br><strong>VIT\u00c9ZAVAT\u00c1S P\u00c9CSEN \u2013 2022<\/strong><\/p>\n\n\n\n<figure class=\"wp-block-embed is-type-video is-provider-youtube wp-block-embed-youtube wp-embed-aspect-16-9 wp-has-aspect-ratio\"><div class=\"wp-block-embed__wrapper\">\n<iframe loading=\"lazy\" title=\"VIT\u00c9ZAVAT\u00c1S  P\u00c9CSETT  I.r.  - 2022.11.26.\" width=\"500\" height=\"281\" src=\"https:\/\/www.youtube.com\/embed\/ON2lRqUl3BE?feature=oembed\" frameborder=\"0\" allow=\"accelerometer; autoplay; clipboard-write; encrypted-media; gyroscope; picture-in-picture; web-share\" referrerpolicy=\"strict-origin-when-cross-origin\" allowfullscreen><\/iframe>\n<\/div><\/figure>\n\n\n\n<figure class=\"wp-block-embed is-type-video is-provider-youtube wp-block-embed-youtube wp-embed-aspect-16-9 wp-has-aspect-ratio\"><div class=\"wp-block-embed__wrapper\">\n<iframe loading=\"lazy\" title=\"VIT\u00c9ZAVAT\u00c1S II. r\u00e9sz  -  P\u00c9CS, 2022.11.26\" width=\"500\" height=\"281\" src=\"https:\/\/www.youtube.com\/embed\/J_KRzdiRp3E?feature=oembed\" frameborder=\"0\" allow=\"accelerometer; autoplay; clipboard-write; encrypted-media; gyroscope; picture-in-picture; web-share\" referrerpolicy=\"strict-origin-when-cross-origin\" allowfullscreen><\/iframe>\n<\/div><\/figure>\n\n\n\n<p><\/p>\n\n\n\n<p class=\"has-text-align-center\"><br><strong>VIT\u00c9ZAVAT\u00c1S M\u00c1RIAP\u00d3CSON \u2013 2022<\/strong><\/p>\n\n\n\n<figure class=\"wp-block-embed is-type-video is-provider-youtube wp-block-embed-youtube wp-embed-aspect-16-9 wp-has-aspect-ratio\"><div class=\"wp-block-embed__wrapper\">\n<iframe loading=\"lazy\" title=\"VIT\u00c9ZAVAT\u00c1S  I. r\u00e9sz -  M\u00e1riap\u00f3cs, 2022\" width=\"500\" height=\"281\" src=\"https:\/\/www.youtube.com\/embed\/4g8gfsOAQ3o?feature=oembed\" frameborder=\"0\" allow=\"accelerometer; autoplay; clipboard-write; encrypted-media; gyroscope; picture-in-picture; web-share\" referrerpolicy=\"strict-origin-when-cross-origin\" allowfullscreen><\/iframe>\n<\/div><\/figure>\n\n\n\n<figure class=\"wp-block-embed is-type-video is-provider-youtube wp-block-embed-youtube wp-embed-aspect-16-9 wp-has-aspect-ratio\"><div class=\"wp-block-embed__wrapper\">\n<iframe loading=\"lazy\" title=\"VIT\u00c9ZAVAT\u00c1S II. r\u00e9sz  -  M\u00e1riap\u00f3cs, 2022\" width=\"500\" height=\"281\" src=\"https:\/\/www.youtube.com\/embed\/FmVXwkWAyi8?feature=oembed\" frameborder=\"0\" allow=\"accelerometer; autoplay; clipboard-write; encrypted-media; gyroscope; picture-in-picture; web-share\" referrerpolicy=\"strict-origin-when-cross-origin\" allowfullscreen><\/iframe>\n<\/div><\/figure>\n\n\n\n<figure class=\"wp-block-embed is-type-video is-provider-youtube wp-block-embed-youtube wp-embed-aspect-16-9 wp-has-aspect-ratio\"><div class=\"wp-block-embed__wrapper\">\n<iframe loading=\"lazy\" title=\"VIT\u00c9ZAVAT\u00c1S,  v. Kov\u00e1cs N\u00f3ri  -  Magyarnak Lenni  -  M\u00e1riap\u00f3cs, 2022\" width=\"500\" height=\"281\" src=\"https:\/\/www.youtube.com\/embed\/PGHiT_Yo4ag?feature=oembed\" frameborder=\"0\" allow=\"accelerometer; autoplay; clipboard-write; encrypted-media; gyroscope; picture-in-picture; web-share\" referrerpolicy=\"strict-origin-when-cross-origin\" allowfullscreen><\/iframe>\n<\/div><\/figure>\n\n\n\n<figure class=\"wp-block-embed is-type-video is-provider-youtube wp-block-embed-youtube wp-embed-aspect-16-9 wp-has-aspect-ratio\"><div class=\"wp-block-embed__wrapper\">\n<iframe loading=\"lazy\" title=\"R\u00c1POLTI VIT\u00c9ZEK EML\u00c9K\u00c9RE\" width=\"500\" height=\"281\" src=\"https:\/\/www.youtube.com\/embed\/xzr1EbdbOho?feature=oembed\" frameborder=\"0\" allow=\"accelerometer; autoplay; clipboard-write; encrypted-media; gyroscope; picture-in-picture; web-share\" referrerpolicy=\"strict-origin-when-cross-origin\" allowfullscreen><\/iframe>\n<\/div><\/figure>\n\n\n\n<p><\/p>\n\n\n\n<br><p class=\"has-text-align-center\"><strong>VIT\u00c9ZAVAT\u00c1S M\u00c1RIAP\u00d3CSON \u2013 2021<\/strong><\/p>\n\n\n\n<figure class=\"wp-block-embed is-type-video is-provider-youtube wp-block-embed-youtube wp-embed-aspect-16-9 wp-has-aspect-ratio\"><div class=\"wp-block-embed__wrapper\">\n<iframe loading=\"lazy\" title=\"VIT\u00c9ZAVAT\u00c1S  (r\u00e9szlet)  -  M\u00e1riap\u00f3cs, 2021\" width=\"500\" height=\"281\" src=\"https:\/\/www.youtube.com\/embed\/O9-byipK0sY?start=1&#038;feature=oembed\" frameborder=\"0\" allow=\"accelerometer; autoplay; clipboard-write; encrypted-media; gyroscope; picture-in-picture; web-share\" referrerpolicy=\"strict-origin-when-cross-origin\" allowfullscreen><\/iframe>\n<\/div><\/figure>\n\n\n\n<figure class=\"wp-block-embed is-type-video is-provider-youtube wp-block-embed-youtube wp-embed-aspect-16-9 wp-has-aspect-ratio\"><div class=\"wp-block-embed__wrapper\">\n<iframe loading=\"lazy\" title=\"Vit\u00e9zavat\u00e1s, M\u00e1riap\u00f3cs - 2021, T\u00f3th-P\u00e1ll Mikl\u00f3s - M\u00e1ria ima\" width=\"500\" height=\"281\" src=\"https:\/\/www.youtube.com\/embed\/xdqUaygdNSc?start=1&#038;feature=oembed\" frameborder=\"0\" allow=\"accelerometer; autoplay; clipboard-write; encrypted-media; gyroscope; picture-in-picture; web-share\" referrerpolicy=\"strict-origin-when-cross-origin\" allowfullscreen><\/iframe>\n<\/div><\/figure>\n\n\n\n<p><\/p>\n\n\n\n<br><p class=\"has-text-align-center\"><strong>VIT\u00c9ZAVAT\u00c1S BUDAPESTEN \u2013 2020<\/strong><\/p>\n\n\n\n<figure class=\"wp-block-embed is-type-video is-provider-youtube wp-block-embed-youtube wp-embed-aspect-16-9 wp-has-aspect-ratio\"><div class=\"wp-block-embed__wrapper\">\n<iframe loading=\"lazy\" title=\"100 \u00e9ves a Vit\u00e9zi Rend - Vit\u00e9zavat\u00e1s,  Budapest - 2020\" width=\"500\" height=\"281\" src=\"https:\/\/www.youtube.com\/embed\/krdvoA0y3K0?feature=oembed\" frameborder=\"0\" allow=\"accelerometer; autoplay; clipboard-write; encrypted-media; gyroscope; picture-in-picture; web-share\" referrerpolicy=\"strict-origin-when-cross-origin\" allowfullscreen><\/iframe>\n<\/div><\/figure>\n\n\n\n<p><\/p>\n\n\n\n<br><p class=\"has-text-align-center\"><strong>VIT\u00c9ZAVAT\u00c1S BUDAPESTEN \u2013 2019<\/strong><\/p>\n\n\n\n<figure class=\"wp-block-embed is-type-video is-provider-youtube wp-block-embed-youtube wp-embed-aspect-16-9 wp-has-aspect-ratio\"><div class=\"wp-block-embed__wrapper\">\n<iframe loading=\"lazy\" title=\"VIT\u00c9ZAVAT\u00c1S  -  Budapest, 2019\" width=\"500\" height=\"281\" src=\"https:\/\/www.youtube.com\/embed\/NX3e9PFTZ3U?feature=oembed\" frameborder=\"0\" allow=\"accelerometer; autoplay; clipboard-write; encrypted-media; gyroscope; picture-in-picture; web-share\" referrerpolicy=\"strict-origin-when-cross-origin\" allowfullscreen><\/iframe>\n<\/div><\/figure>\n\n\n\n<p><\/p>\n\n\n\n<br><p class=\"has-text-align-center\"><strong>VIT\u00c9ZAVAT\u00c1S F\u00dcZESGYARMATON \u2013 2018<\/strong><\/p>\n\n\n\n<figure class=\"wp-block-embed is-type-video is-provider-youtube wp-block-embed-youtube wp-embed-aspect-16-9 wp-has-aspect-ratio\"><div class=\"wp-block-embed__wrapper\">\n<iframe loading=\"lazy\" title=\"VIT\u00c9ZAVAT\u00c1S  -  F\u00dcZESGYARMAT, 2018\" width=\"500\" height=\"281\" src=\"https:\/\/www.youtube.com\/embed\/CaHOyq49MhA?feature=oembed\" frameborder=\"0\" allow=\"accelerometer; autoplay; clipboard-write; encrypted-media; gyroscope; picture-in-picture; web-share\" referrerpolicy=\"strict-origin-when-cross-origin\" allowfullscreen><\/iframe>\n<\/div><\/figure>\n\n\n\n<p><\/p>\n\n\n\n<br><p class=\"has-text-align-center\"><strong>VIT\u00c9ZAVAT\u00c1S KARANCSBER\u00c9NYBEN \u2013 2017<\/strong><\/p>\n\n\n\n<figure class=\"wp-block-embed is-type-video is-provider-youtube wp-block-embed-youtube wp-embed-aspect-16-9 wp-has-aspect-ratio\"><div class=\"wp-block-embed__wrapper\">\n<iframe loading=\"lazy\" title=\"VIT\u00c9ZAVAT\u00c1S KARANCSBER\u00c9NYBEN I. r\u00e9sz  -  2017\" width=\"500\" height=\"281\" src=\"https:\/\/www.youtube.com\/embed\/LnCQ0LvofBI?feature=oembed\" frameborder=\"0\" allow=\"accelerometer; autoplay; clipboard-write; encrypted-media; gyroscope; picture-in-picture; web-share\" referrerpolicy=\"strict-origin-when-cross-origin\" allowfullscreen><\/iframe>\n<\/div><\/figure>\n\n\n\n<p><\/p>\n\n\n\n<figure class=\"wp-block-embed is-type-video is-provider-youtube wp-block-embed-youtube wp-embed-aspect-16-9 wp-has-aspect-ratio\"><div class=\"wp-block-embed__wrapper\">\n<iframe loading=\"lazy\" title=\"VIT\u00c9ZAVAT\u00c1S KARANCSBER\u00c9NYBEN  II. r\u00e9sz  -  2017\" width=\"500\" height=\"281\" src=\"https:\/\/www.youtube.com\/embed\/TlEFM2f3t48?feature=oembed\" frameborder=\"0\" allow=\"accelerometer; autoplay; clipboard-write; encrypted-media; gyroscope; picture-in-picture; web-share\" referrerpolicy=\"strict-origin-when-cross-origin\" allowfullscreen><\/iframe>\n<\/div><\/figure>\n\n\n\n<p><\/p>\n\n\n\n<br><p class=\"has-text-align-center\"><strong>VIT\u00c9Z J\u00d3ZSEF \u00c1RP\u00c1D MAGYAR KIR\u00c1LYI HERCEG, A VIT\u00c9ZI REND F\u0150KAPIT\u00c1NY\u00c1NAK UTOLS\u00d3 \u00daTJA, BUDAPEST\u2013ALCS\u00daTDOBOZ  \u2013 2017<\/strong><\/p>\n\n\n\n<p><\/p>\n\n\n\n<figure class=\"wp-block-embed is-type-video is-provider-youtube wp-block-embed-youtube wp-embed-aspect-16-9 wp-has-aspect-ratio\"><div class=\"wp-block-embed__wrapper\">\n<iframe loading=\"lazy\" title=\"VIT\u00c9Z J\u00d3ZSEF \u00c1RP\u00c1D MAGYAR KIR\u00c1LYI HERCEG a Vit\u00e9zi Rend F\u0151kapit\u00e1ny\u00e1nak utols\u00f3 \u00fatja  -  Budapest, 2017\" width=\"500\" height=\"281\" src=\"https:\/\/www.youtube.com\/embed\/mXwAdfAM6u0?feature=oembed\" frameborder=\"0\" allow=\"accelerometer; autoplay; clipboard-write; encrypted-media; gyroscope; picture-in-picture; web-share\" referrerpolicy=\"strict-origin-when-cross-origin\" allowfullscreen><\/iframe>\n<\/div><\/figure>\n\n\n\n<p><\/p>\n\n\n\n<br><p class=\"has-text-align-center\"><strong>VIT\u00c9ZAVAT\u00c1S BICSK\u00c9N \u2013 2016<\/strong><\/p>\n\n\n\n<figure class=\"wp-block-embed is-type-video is-provider-youtube wp-block-embed-youtube wp-embed-aspect-4-3 wp-has-aspect-ratio\"><div class=\"wp-block-embed__wrapper\">\n<iframe loading=\"lazy\" title=\"VIT\u00c9ZAVAT\u00c1S BICSK\u00c9N  -  2016\" width=\"500\" height=\"375\" src=\"https:\/\/www.youtube.com\/embed\/Pinpbr2NrgQ?feature=oembed\" frameborder=\"0\" allow=\"accelerometer; autoplay; clipboard-write; encrypted-media; gyroscope; picture-in-picture; web-share\" referrerpolicy=\"strict-origin-when-cross-origin\" allowfullscreen><\/iframe>\n<\/div><\/figure>\n\n\n\n<p><\/p>\n\n\n\n<br><p class=\"has-text-align-center\"><strong>VIT\u00c9ZAVAT\u00c1S F\u00d3TON \u2013 2014<\/strong><\/p>\n\n\n\n<figure class=\"wp-block-embed is-type-video is-provider-youtube wp-block-embed-youtube wp-embed-aspect-4-3 wp-has-aspect-ratio\"><div class=\"wp-block-embed__wrapper\">\n<iframe loading=\"lazy\" title=\"VIT\u00c9ZAVAT\u00c1S F\u00d3TON  (I.r\u00e9sz)  -  2014.09.13.\" width=\"500\" height=\"375\" src=\"https:\/\/www.youtube.com\/embed\/6wPGHVhGSXo?feature=oembed\" frameborder=\"0\" allow=\"accelerometer; autoplay; clipboard-write; encrypted-media; gyroscope; picture-in-picture; web-share\" referrerpolicy=\"strict-origin-when-cross-origin\" allowfullscreen><\/iframe>\n<\/div><\/figure>\n\n\n\n<p><\/p>\n\n\n\n<figure class=\"wp-block-embed is-type-video is-provider-youtube wp-block-embed-youtube wp-embed-aspect-4-3 wp-has-aspect-ratio\"><div class=\"wp-block-embed__wrapper\">\n<iframe loading=\"lazy\" title=\"VIT\u00c9ZAVAT\u00c1S F\u00d3TON (II.r\u00e9sz) -  2014.09.13.\" width=\"500\" height=\"375\" src=\"https:\/\/www.youtube.com\/embed\/DiBbuisdV08?feature=oembed\" frameborder=\"0\" allow=\"accelerometer; autoplay; clipboard-write; encrypted-media; gyroscope; picture-in-picture; web-share\" referrerpolicy=\"strict-origin-when-cross-origin\" allowfullscreen><\/iframe>\n<\/div><\/figure>\n\n\n\n<p><\/p>\n\n\n\n<br> <p class=\"has-text-align-center\"><strong>VIT\u00c9ZAVAT\u00c1S BICSK\u00c9N \u2013 2012<\/strong><\/p>\n\n\n\n<figure class=\"wp-block-embed is-type-video is-provider-youtube wp-block-embed-youtube wp-embed-aspect-16-9 wp-has-aspect-ratio\"><div class=\"wp-block-embed__wrapper\">\n<iframe loading=\"lazy\" title=\"Vit\u00e9zavat\u00e1s Bicsk\u00e9n I. r\u00e9sz  -  2012\" width=\"500\" height=\"281\" src=\"https:\/\/www.youtube.com\/embed\/QNBdJfMpLtU?feature=oembed\" frameborder=\"0\" allow=\"accelerometer; autoplay; clipboard-write; encrypted-media; gyroscope; picture-in-picture; web-share\" referrerpolicy=\"strict-origin-when-cross-origin\" allowfullscreen><\/iframe>\n<\/div><\/figure>\n\n\n\n<p><\/p>\n\n\n\n<figure class=\"wp-block-embed is-type-video is-provider-youtube wp-block-embed-youtube wp-embed-aspect-16-9 wp-has-aspect-ratio\"><div class=\"wp-block-embed__wrapper\">\n<iframe loading=\"lazy\" title=\"Vit\u00e9zavat\u00e1s Bicsk\u00e9n II. r\u00e9sz  -  2012\" width=\"500\" height=\"281\" src=\"https:\/\/www.youtube.com\/embed\/vIX-3SbFS1U?feature=oembed\" frameborder=\"0\" allow=\"accelerometer; autoplay; clipboard-write; encrypted-media; gyroscope; picture-in-picture; web-share\" referrerpolicy=\"strict-origin-when-cross-origin\" allowfullscreen><\/iframe>\n<\/div><\/figure>\n\n\n\n<p><\/p>\n\n\n\n<p class=\"has-text-align-center\"><br><strong><strong>VIT\u00c9ZAVAT\u00c1S V\u00c1CON \u2013 2010<\/strong><\/strong><\/p>\n\n\n\n<figure class=\"wp-block-embed is-type-video is-provider-youtube wp-block-embed-youtube wp-embed-aspect-16-9 wp-has-aspect-ratio\"><div class=\"wp-block-embed__wrapper\">\n<iframe loading=\"lazy\" title=\"VIT\u00c9ZAVAT\u00c1S V\u00c1CON (I.r\u00e9sz) - 2010.09.11.\" width=\"500\" height=\"281\" src=\"https:\/\/www.youtube.com\/embed\/H6vCb0uvbl4?feature=oembed\" frameborder=\"0\" allow=\"accelerometer; autoplay; clipboard-write; encrypted-media; gyroscope; picture-in-picture; web-share\" referrerpolicy=\"strict-origin-when-cross-origin\" allowfullscreen><\/iframe>\n<\/div><\/figure>\n\n\n\n<p><\/p>\n\n\n\n<figure class=\"wp-block-embed is-type-video is-provider-youtube wp-block-embed-youtube wp-embed-aspect-16-9 wp-has-aspect-ratio\"><div class=\"wp-block-embed__wrapper\">\n<iframe loading=\"lazy\" title=\"VIT\u00c9ZAVAT\u00c1S V\u00c1CON (II.r\u00e9sz) - 2010.09.11.\" width=\"500\" height=\"281\" src=\"https:\/\/www.youtube.com\/embed\/l9k0CHcMWO4?feature=oembed\" frameborder=\"0\" allow=\"accelerometer; autoplay; clipboard-write; encrypted-media; gyroscope; picture-in-picture; web-share\" referrerpolicy=\"strict-origin-when-cross-origin\" allowfullscreen><\/iframe>\n<\/div><\/figure>\n\n\n\n<p class=\"has-text-align-center\"><br><strong>A NEMZETI HADSEREG BEVONUL\u00c1SA BUDAPESTRE \u20131919<\/strong><\/p>\n\n\n\n<figure class=\"wp-block-embed is-type-video is-provider-youtube wp-block-embed-youtube wp-embed-aspect-16-9 wp-has-aspect-ratio\"><div class=\"wp-block-embed__wrapper\">\n<iframe loading=\"lazy\" title=\"Filmh\u00edrad\u00f3k - 100 \u00e9ve ezen a h\u00e9ten 38. (2019. november 11-17.)\" width=\"500\" height=\"281\" src=\"https:\/\/www.youtube.com\/embed\/VFzazf0WHh4?list=PLVtv3NlLJrBymLyrqSDaiBw0qaBDBoKA9\" frameborder=\"0\" allow=\"accelerometer; autoplay; clipboard-write; encrypted-media; gyroscope; picture-in-picture; web-share\" referrerpolicy=\"strict-origin-when-cross-origin\" allowfullscreen><\/iframe>\n<\/div><\/figure>\n\n\n\n<p class=\"has-text-align-center\"><br><strong>BESZ\u00c9LGET\u00c9S VIT\u00c9Z HABSBURG-LOTHARINGIAI J\u00d3ZSEF \u00c1RP\u00c1D F\u0150HERCEGGEL<\/strong><\/p>\n\n\n\n<figure class=\"wp-block-embed is-type-video is-provider-youtube wp-block-embed-youtube wp-embed-aspect-16-9 wp-has-aspect-ratio\"><div class=\"wp-block-embed__wrapper\">\n<iframe loading=\"lazy\" title=\"Besz\u00e9lget\u00e9s  Habsburg J\u00f3zsef \u00c1rp\u00e1d f\u0151herceggel 01\" width=\"500\" height=\"281\" src=\"https:\/\/www.youtube.com\/embed\/E2cY4i9UCiY?feature=oembed\" frameborder=\"0\" allow=\"accelerometer; autoplay; clipboard-write; encrypted-media; gyroscope; picture-in-picture; web-share\" referrerpolicy=\"strict-origin-when-cross-origin\" allowfullscreen><\/iframe>\n<\/div><\/figure>\n\n\n\n<br>\n\n\n\n<p><\/p>","protected":false},"excerpt":{"rendered":"<p>INVESTITURE IN DEBRECEN \u2013 2025 INVESTITURE IN G\u00d6D\u00d6LL\u0150 \u2013 2024 INVESTITURE IN M\u00c1RIAP\u00d3CS \u2013 2023 INVESTITURE IN P\u00c9CS \u2013 2022 INVESTITURE IN M\u00c1RIAP\u00d3CS \u2013 2022 INVESTITURE IN M\u00c1RIAP\u00d3CS \u2013 2021 INVESTITURE IN BUDAPEST \u2013 2020 INVESTITURE OF VIT\u00c9Z IN BUDAPEST \u2013 2019 INVESTITURE OF VIT\u00c9Z IN F\u00dcZESGYARMAT \u2013 2018 INVESTITURE OF VIT\u00c9Z IN KARANCSBER\u00c9NY \u2013 [&hellip;]<\/p>","protected":false},"author":1,"featured_media":0,"parent":0,"menu_order":0,"comment_status":"closed","ping_status":"closed","template":"","meta":{"_genesis_hide_title":false,"_genesis_hide_breadcrumbs":false,"_genesis_hide_singular_image":false,"_genesis_hide_footer_widgets":false,"_genesis_custom_body_class":"","_genesis_custom_post_class":"","_genesis_layout":""},"categories":[154],"tags":[],"_links":{"self":[{"href":"https:\/\/www.vitezi-rend.com\/hu\/wp-json\/wp\/v2\/pages\/839"}],"collection":[{"href":"https:\/\/www.vitezi-rend.com\/hu\/wp-json\/wp\/v2\/pages"}],"about":[{"href":"https:\/\/www.vitezi-rend.com\/hu\/wp-json\/wp\/v2\/types\/page"}],"author":[{"embeddable":true,"href":"https:\/\/www.vitezi-rend.com\/hu\/wp-json\/wp\/v2\/users\/1"}],"replies":[{"embeddable":true,"href":"https:\/\/www.vitezi-rend.com\/hu\/wp-json\/wp\/v2\/comments?post=839"}],"version-history":[{"count":84,"href":"https:\/\/www.vitezi-rend.com\/hu\/wp-json\/wp\/v2\/pages\/839\/revisions"}],"predecessor-version":[{"id":5785,"href":"https:\/\/www.vitezi-rend.com\/hu\/wp-json\/wp\/v2\/pages\/839\/revisions\/5785"}],"wp:attachment":[{"href":"https:\/\/www.vitezi-rend.com\/hu\/wp-json\/wp\/v2\/media?parent=839"}],"wp:term":[{"taxonomy":"category","embeddable":true,"href":"https:\/\/www.vitezi-rend.com\/hu\/wp-json\/wp\/v2\/categories?post=839"},{"taxonomy":"post_tag","embeddable":true,"href":"https:\/\/www.vitezi-rend.com\/hu\/wp-json\/wp\/v2\/tags?post=839"}],"curies":[{"name":"wp","href":"https:\/\/api.w.org\/{rel}","templated":true}]}}